{"id":258,"date":"2020-12-04T14:12:48","date_gmt":"2020-12-04T13:12:48","guid":{"rendered":"http:\/\/www.donegalhotel.com\/?page_id=258"},"modified":"2021-02-11T11:07:08","modified_gmt":"2021-02-11T10:07:08","slug":"ecopesce","status":"publish","type":"page","link":"https:\/\/www.donegalhotel.com\/de\/ecopesce\/","title":{"rendered":"Ecopesce"},"content":{"rendered":"<section class=\"container-fluid js--lazy-load wao-blocks-gallery-slider-flickity gallery-flickity-20900\" >\n    <article class=\"row\">\n        <div class=\"col-sm-12 p-0 position-relative\">\n            <section class=\"container-fluid js--lazy-load\">\n                <article class=\"row\">\n                    <div class=\"col-sm-12 p-0 position-relative\">\n                        <div class=\"js--flickity l--vh-75-md\" data-cellalign=\"left\" data-bglazyload=\"1\" data-freescroll=\"true\" data-wraparound=\"true\" data-autoplay=\"4000\" data-pauseautoplayonhover =\"true\" data-prevnextbuttons=\"false\" data-contain=\"true\" data-pagedots=\"false\" data-draggable=\"true\" data-groupcells=\"110%\" data-fade=\"false\">\n                                                            <div>\n                                    <div style=\"background: url('https:\/\/www.donegalhotel.com\/wp-content\/uploads\/2020\/12\/top-donegal-007.jpg') center center \/ cover no-repeat rgb(250, 250, 250); display: block; width: 100vw;\" class=\"l--vh-75-md\"><\/div>\n                                <\/div>\n                            \n                        <\/div>\n                        <div class=\"position-absolute l--top l--bottom mx-auto l--align-middle-vertical\">\n                            <div class=\"text-over-slider h1 text-quaternary text-center animated zoomIn\" data-anim=\"zoomIn\" data-cof=\"true\" data-cof-rule=\"font-size, 2rem, 2.5rem, 2.5rem, 3rem, 3rem\">\n                                                            <\/div>\n                                                            <div class=\"w-100 h-100 p-5 d-flex align-items-center justify-content-center\" style=\"background: rgba(0,0,0,0.1)\" data-cof=\"true\" data-cof-rule=\"font-size, 2rem, 2.5rem, 2.5rem, 3rem, 3rem\">\n                                    <div class=\"text-over-slider text-center\" ><div class=\"h1 text-white\">Ecopesce-Werte<\/div><div  class=\"h4 text-white\">sind auch unsere Werte<\/div><\/div>                                                                    <\/div>\n                                                    <\/div>\n                    <\/div>\n                <\/article>\n            <\/section>\n        <\/div>\n    <\/article>\n<\/section>\n\n<section class=\"wao-blocks-container container-fluid mb-5 g--bkg-light-01\"\n\t\t>\n    \n<div class=\"wao-blocks-row row\" >\n    \n\n<div class=\"col-12 col-md-12 p-4 text-center\"\n     \n\t \n\t>\n        \n\n<div class=\"breadcrumb-block text-secondary\"\n    >\n    <div class=\"text-primary\">\n        <a href=\"https:\/\/www.donegalhotel.com\/de\" rel=\"nofollow\" title=\"Startseite\">Startseite &gt;<\/a>\n        Ecopesce    <\/div>\n<\/div>\n    <\/div>\n<\/div>\n\n<div class=\"wao-blocks-row row\" >\n    \n\n<div class=\"col-12 col-md-12 p-4\"\n     \n\t \n\t>\n        \n\n<div class=\"mx-auto\" style=\"max-width:750px;\">\n\n\n\n<h1 class=\"has-text-align-center pb-4 wp-block-heading\">Ecopesce<br>vom Boot auf den Tisch<\/h1>\n\n\n\n<p class=\"has-text-align-center\">Jeden Tag kommen in der Donegal-K\u00fcche Produkte aus dem Ecopsce an.<br>Die Chefk\u00f6che Giulio und Doriana verbinden die Tradition der Romagna mit Professionalit\u00e4t und Fachwissen \u00fcber Meeresfr\u00fcchte und verwandeln diesen einfachen, nat\u00fcrlichen Fisch, der reich an N\u00e4hrwerten ist, in schmackhafte und echte Gerichte.<\/p>\n\n\n\n<\/div>\n\n    <\/div>\n<\/div>\n<\/section>\n\n<section class=\"wao-blocks-container container-fluid mb-0 g--bkg-light-04\"\n\t\t>\n    \n<div class=\"wao-blocks-row row\" >\n    \n\n<div class=\"col-12 col-md-12 col-lg-6 p-0\"\n     \n\t \n\t>\n        \n    <figure\n        class=\"wao-blocks-immagine-bkg\"\n        style=\"background: url('https:\/\/www.donegalhotel.com\/wp-content\/uploads\/2020\/12\/pescato.jpg') center center \/ cover no-repeat;\"\n        data-cof=\"true\" data-cof-rule=\"min-height, 346px, 346px, 400px, 400px, 400px\" >\n            <\/figure>\n\n    <\/div>\n\n\n<div class=\"col-12 col-md-12 col-lg-6 d-flex align-items-center\"\n     \n\t \n\tdata-cof=\"true\"\n    data-cof-rule=\"padding, 2rem, 2rem, 3rem, 3rem, 3rem\" >\n        \n\n<div class=\"\" >\n\n\n\n<h2 class=\"pb-4 wp-block-heading\">Der Schatz unseres Meeres<\/h2>\n\n\n\n<p>Wir bevorzugen lokalen Fisch, der auch als \"vergessener Fisch\" bezeichnet wird, weil er oft im Schatten von Zuchtfischen steht.<br>Der von Ecopesce vorgeschlagene blaue Fisch ist ein Lebensmittel, das f\u00fcr Erwachsene und Kinder geeignet ist, ausgezeichnet f\u00fcr unseren Gaumen und f\u00fcr die Gesundheit unseres K\u00f6rpers, dank des hohen N\u00e4hrwerts und der Konzentration von Mineralsalzen, Vitaminen und Omega3.<\/p>\n\n\n\n<\/div>\n\n    <\/div>\n<\/div>\n<\/section>\n\n<section class=\"wao-blocks-container container-fluid mb-0\"\n\t\t>\n    \n<div class=\"wao-blocks-row row\" data-cof=\"true\"\n    data-cof-rule=\"border, 0px solid #fff, 10px solid #fff, 50px solid #fff, 50px solid #fff, 50px solid #fff\" >\n    \n\n<div class=\"col-12 col-md-12 col-lg-6 g--bkg-dark-01 p-0 order-1\"\n     \n\t \n\t>\n        \n    <figure\n        class=\"wao-blocks-immagine-bkg\"\n        style=\"background: url('https:\/\/www.donegalhotel.com\/wp-content\/uploads\/2020\/12\/pesca-cesenatico.jpg') center center \/ cover no-repeat;\"\n        data-cof=\"true\" data-cof-rule=\"min-height, 346px, 346px, 346px, 100%, 100%\" >\n            <\/figure>\n\n    <\/div>\n\n\n<div class=\"col-12 col-md-12 col-lg-6 g--bkg-dark-01 order-2\"\n     \n\t \n\tdata-cof=\"true\"\n    data-cof-rule=\"padding, 2rem, 2rem, 3rem, 3rem, 3rem\" >\n        \n\n<h3 class=\"text-white pb-4 h2 wp-block-heading\">Nachhaltige Entscheidungen,<br>f\u00fcr ein besseres Morgen<\/h3>\n\n\n\n<p class=\"text-white\">Der Fang wird von denjenigen ausgew\u00e4hlt, die handwerkliche Fischerei mit reduzierter Umweltbelastung betreiben und dabei den Rhythmus der Jahreszeiten und der Fischbest\u00e4nde respektieren.<\/p>\n\n\n\n<p class=\"text-white\">Die Adria ist ein gro\u00dfz\u00fcgiges Meer, und die Ecopesce-Kette verpflichtet sich, diese wertvolle Ressource zu sch\u00fctzen und zu respektieren, zu akzeptieren, was das Meer geben kann, und jegliche Verschwendung zu minimieren.<\/p>\n\n    <\/div>\n\n\n<div class=\"col-12 col-md-12 col-lg-6 g--bkg-dark-01 order-lg-3 order-end\"\n     \n\t \n\tdata-cof=\"true\"\n    data-cof-rule=\"padding, 2rem, 2rem, 3rem, 3rem, 3rem\" >\n        \n\n<h3 class=\"text-white pb-4 h2 wp-block-heading\">Qualit\u00e4t und Wert<br>Handwerkskunst<\/h3>\n\n\n\n<p class=\"text-white\">Der angebotene Fisch ist ein italienisches Produkt, null Kilometer lang und wird noch am selben Tag verarbeitet.<\/p>\n\n\n\n<p class=\"text-white\">Die Konservierung wird durch eine sorgf\u00e4ltige manuelle Verarbeitung in Kombination mit neuen Technologien gew\u00e4hrleistet, wobei Geschmack und N\u00e4hrwerteigenschaften unver\u00e4ndert bleiben - f\u00fcr ein erschwingliches, nat\u00fcrliches und sicheres 100%-Produkt.<\/p>\n\n    <\/div>\n\n\n<div class=\"col-12 col-md-12 col-lg-6 p-0 d-none d-lg-block order-lg-end order-3 order-lg-end\"\n     \n\t \n\t>\n        \n    <figure\n        class=\"wao-blocks-immagine-bkg\"\n        style=\"background: url('https:\/\/www.donegalhotel.com\/wp-content\/uploads\/2020\/12\/pesca-cesenatico-2.jpg') center center \/ cover no-repeat;\"\n        data-cof=\"true\" data-cof-rule=\"min-height, 346px, 346px,346px, 100%, 100%\" >\n            <\/figure>\n\n\n\n<p><\/p>\n\n    <\/div>\n<\/div>\n<\/section>\n\n<section class=\"wao-blocks-container container-fluid mb-0 js--lazy-load\"\n\tstyle=\"background: url('https:\/\/www.donegalhotel.com\/wp-content\/uploads\/2020\/12\/piada-saraghina.jpg') center center \/ cover no-repeat rgba(0,0,0,0.2); display: block; background-blend-mode: multiply; \"\t>\n    \n<div class=\"wao-blocks-row row\" >\n    \n\n<div class=\"col-12 col-md-12\"\n     \n\t \n\t>\n        \n\n<div data-cof=\"true\" data-cof-rule=\"height, 400px, 400px, 500px, 760px, 760px\"><\/div>\n\n    <\/div>\n<\/div>\n<\/section>\n\n<section class=\"wao-blocks-container container mb-0\"\n\t\t>\n    \n<div class=\"wao-blocks-row row py-0 my-0\" >\n    \n\n<div class=\"col-12 col-md-12 p-0\"\n     \n\t \n\t>\n        \n\n<div class=\"wp-block-image img-fluid\"><figure class=\"aligncenter size-large\"><img decoding=\"async\" width=\"534\" height=\"57\" src=\"https:\/\/www.donegalhotel.com\/wp-content\/uploads\/2020\/12\/freccia-down-azzurra.png\" alt=\"Kontakt Hotel Donegal Cesenatico\" class=\"wp-image-232\" srcset=\"https:\/\/www.donegalhotel.com\/wp-content\/uploads\/2020\/12\/freccia-down-azzurra.png 534w, https:\/\/www.donegalhotel.com\/wp-content\/uploads\/2020\/12\/freccia-down-azzurra-300x32.png 300w\" sizes=\"(max-width: 534px) 100vw, 534px\" \/><\/figure><\/div>\n\n    <\/div>\n<\/div>\n\n<div class=\"wao-blocks-row row\" >\n    \n\n<div class=\"col-12 col-md-12\"\n     \n\t \n\t>\n        \n<img decoding=\"async\" src=\"https:\/\/www.donegalhotel.com\/wp-content\/uploads\/2020\/12\/freccia-sx.png\" class=\"position-absolute l--right l--top js--hideme d-none d-md-block\" style=\"margin-top:-30px;\" data-anim=\"fadeInRight\">\n\n\n<p class=\"has-text-align-center h2\"><br>Kontaktieren Sie uns f\u00fcr Ihr Angebot <br>Ma\u00dfgeschneidert<br>und ohne Verpflichtung<\/p>\n\n\n<div class=\"p-3 g--bkg-light-01 mx-auto my-4\" >\n\n\n<div class=\"merida_root\" id=\"merida_block\"><\/div>\n\n<script>\nvar merida_config_merida_block = {\n    customerId: 552 ,\n    showSuccessModal : true,\n    rootEl: \"merida_block\",\n    childrenAgeMax: 16,\n    childrenAgeMin: 0,\n    layout: \"default\",\n    language: \"de\",\n                theme : {\n        colors: {\n            primary: '#e88700',\n            primaryTextAlt: '#ffffff',\n            secondary: '#6ab9c6',\n            secondaryTextAlt: '#ffffff',\n            text: '#3e464c',\n            error: '#cc0033',\n            formBackground: '#ffffff',\n            label: '#4d4d4d',\n            labelInput: '#cccccc',\n            labelInputActive: '#7ebd6d',\n            inputBackground: '#eeeeee',\n            inputBorder: '#eeeeee',\n            checkboxBorder: '#eeeeee',\n        }\n    },\n    onSuccess : function(res) {\n        \n                        if (typeof(ga) !== 'undefined') {\n                   ga('send', 'event', 'Email', 'Invio', 'Form');\n                }\n                    }\n};\n\n(function(url, cb) {\n    var s = document.createElement(\"script\");\n    s.type = \"text\/javascript\";\n\n    if (s.readyState) { \/\/IE\n        s.onreadystatechange = function() {\n            if (s.readyState == \"loaded\" || s.readyState == \"complete\") {\n                s.onreadystatechange = null;\n                cb();\n            }\n        };\n    } else { \/\/Others\n        s.onload = function() {\n            cb();\n        };\n    }\n\n    s.src = url;\n    document.getElementsByTagName(\"head\")[0].appendChild(s);\n})(\"https:\/\/static.adriasonline.it\/merida\/latest\/merida.js\", function() {\n    window.aoForm = merida(merida_config_merida_block);\n});\n<\/script>\n\n\n<!--iframe src=\"https:\/\/booking.passepartout.cloud\/booking\/formv1?oidPortale=14205&lingua=it\" frameborder=\"0\" width=\"100%\" height=\"800\"><\/iframe-->\n<\/div>\n    <\/div>\n<\/div>\n<\/section>\n\n<section class=\"wao-blocks-container container-fluid mb-0 g--bkg-light-04\"\n\t\t>\n    \n<div class=\"wao-blocks-row row\" >\n    \n\n<div class=\"col-12 col-md-12 p-0\"\n     \n\t \n\t>\n        \n\n<div class=\"w-100 mx-auto sf-onda\"><\/div>\n\n    <\/div>\n<\/div>\n\n<div class=\"wao-blocks-row row g--bkg-dark-03 mb-0\" >\n    \n\n<div class=\"col-12 col-md-12 d-flex text-center justify-content-center pt-4 px-4\"\n     \n\t \n\t>\n        \n\n<div class=\"wp-block-image d-inline mx-1 img-fluid\"><figure class=\"aligncenter size-large\"><a href=\"https:\/\/www.tripadvisor.it\/Hotel_Review-g194732-d1519248-Reviews-Hotel_Donegal-Cesenatico_Province_of_Forli_Cesena_Emilia_Romagna.html\" title=\"Tripadvisor Hotel Donegal Cesenatico\" target=\"_blank\" rel=\"noopener noreferrer\"><img decoding=\"async\" src=\"https:\/\/www.donegalhotel.com\/wp-content\/uploads\/2020\/12\/ico-tripadvisor.png.webp\" alt=\"Tripadvisor Hotel Donegal Cesenatico\" class=\"wp-image-237\" width=\"NaN\" height=\"NaN\"><\/a><figcaption>Tripadvisor<\/figcaption><\/figure><\/div>\n\n\n\n<div class=\"wp-block-image d-inline mx-1 img-fluid\"><figure class=\"aligncenter size-large\"><a href=\"https:\/\/www.facebook.com\/hoteldonegal\/\" title=\"Facebook Hotel Donegal Cesenatico\" target=\"_blank\" rel=\"noopener noreferrer\"><img decoding=\"async\" src=\"https:\/\/www.donegalhotel.com\/wp-content\/uploads\/2020\/12\/ico-facebook.png.webp\" alt=\"Facebook Hotel Donegal Cesenatico\" class=\"wp-image-238\" width=\"NaN\" height=\"NaN\"><\/a><figcaption>Facebook<\/figcaption><\/figure><\/div>\n\n\n\n<div class=\"wp-block-image d-inline mx-1 img-fluid\"><figure class=\"aligncenter size-large\"><a href=\"https:\/\/www.instagram.com\/hoteldonegal\/\" title=\"Instagram Hotel Donegal Cesenatico\" target=\"_blank\" rel=\"noopener noreferrer\"><img decoding=\"async\" src=\"https:\/\/www.donegalhotel.com\/wp-content\/uploads\/2020\/12\/ico-instagram.png.webp\" alt=\"Instagram Hotel Donegal Cesenatico\" class=\"wp-image-239\" width=\"NaN\" height=\"NaN\"><\/a><figcaption>Instagram<\/figcaption><\/figure><\/div>\n\n    <\/div>\n<\/div>\n<\/section>","protected":false},"excerpt":{"rendered":"","protected":false},"author":1,"featured_media":0,"parent":0,"menu_order":0,"comment_status":"closed","ping_status":"closed","template":"","meta":{"footnotes":""},"class_list":["post-258","page","type-page","status-publish","hentry"],"_links":{"self":[{"href":"https:\/\/www.donegalhotel.com\/de\/wp-json\/wp\/v2\/pages\/258","targetHints":{"allow":["GET"]}}],"collection":[{"href":"https:\/\/www.donegalhotel.com\/de\/wp-json\/wp\/v2\/pages"}],"about":[{"href":"https:\/\/www.donegalhotel.com\/de\/wp-json\/wp\/v2\/types\/page"}],"author":[{"embeddable":true,"href":"https:\/\/www.donegalhotel.com\/de\/wp-json\/wp\/v2\/users\/1"}],"replies":[{"embeddable":true,"href":"https:\/\/www.donegalhotel.com\/de\/wp-json\/wp\/v2\/comments?post=258"}],"version-history":[{"count":0,"href":"https:\/\/www.donegalhotel.com\/de\/wp-json\/wp\/v2\/pages\/258\/revisions"}],"wp:attachment":[{"href":"https:\/\/www.donegalhotel.com\/de\/wp-json\/wp\/v2\/media?parent=258"}],"curies":[{"name":"wp","href":"https:\/\/api.w.org\/{rel}","templated":true}]}}