{"id":383,"date":"2020-12-07T10:59:18","date_gmt":"2020-12-07T09:59:18","guid":{"rendered":"http:\/\/www.donegalhotel.com\/?page_id=383"},"modified":"2021-03-08T09:47:35","modified_gmt":"2021-03-08T08:47:35","slug":"bonus-vacanze","status":"publish","type":"page","link":"https:\/\/www.donegalhotel.com\/de\/bonus-vacanze\/","title":{"rendered":"Urlaubsgeld"},"content":{"rendered":"<section class=\"container-fluid js--lazy-load wao-blocks-gallery-slider-flickity gallery-flickity-75475\" >\n    <article class=\"row\">\n        <div class=\"col-sm-12 p-0 position-relative\">\n            <section class=\"container-fluid js--lazy-load\">\n                <article class=\"row\">\n                    <div class=\"col-sm-12 p-0 position-relative\">\n                        <div class=\"js--flickity l--vh-75-md\" data-cellalign=\"left\" data-bglazyload=\"1\" data-freescroll=\"true\" data-wraparound=\"true\" data-autoplay=\"4000\" data-pauseautoplayonhover =\"true\" data-prevnextbuttons=\"false\" data-contain=\"true\" data-pagedots=\"false\" data-draggable=\"true\" data-groupcells=\"110%\" data-fade=\"false\">\n                                                            <div>\n                                    <div style=\"background: url('https:\/\/www.donegalhotel.com\/wp-content\/uploads\/2020\/12\/top-bonus.jpg') center center \/ cover no-repeat rgb(250, 250, 250); display: block; width: 100vw;\" class=\"l--vh-75-md\"><\/div>\n                                <\/div>\n                            \n                        <\/div>\n                        <div class=\"position-absolute l--top l--bottom mx-auto l--align-middle-vertical\">\n                            <div class=\"text-over-slider h1 text-quaternary text-center animated zoomIn\" data-anim=\"zoomIn\" data-cof=\"true\" data-cof-rule=\"font-size, 2rem, 2.5rem, 2.5rem, 3rem, 3rem\">\n                                                            <\/div>\n                                                            <div class=\"position-absolute sf-onda l--bottom\" style=\"background: \" data-cof=\"true\" data-cof-rule=\"font-size, 2rem, 2.5rem, 2.5rem, 3rem, 3rem\">\n                                                                                                        <\/div>\n                                                    <\/div>\n                    <\/div>\n                <\/article>\n            <\/section>\n        <\/div>\n    <\/article>\n<\/section>\n\n<section class=\"wao-blocks-container container-fluid mb-0 sf-pattern\"\n\t\t>\n    \n<div class=\"wao-blocks-row row\" >\n    \n\n<div class=\"col-12 col-md-12 p-4 text-center\"\n     \n\t \n\t>\n        \n\n<div class=\"breadcrumb-block text-secondary\"\n    >\n    <div class=\"text-primary\">\n        <a href=\"https:\/\/www.donegalhotel.com\/de\" rel=\"nofollow\" title=\"Startseite\">Startseite &gt;<\/a>\n        Urlaubsgeld    <\/div>\n<\/div>\n    <\/div>\n<\/div>\n\n<div class=\"wao-blocks-row row\" >\n    \n\n<div class=\"col-12 col-md-12 p-4\"\n     \n\t \n\t>\n        \n\n<h1 class=\"has-text-align-center pb-4 wp-block-heading\">Urlaubsgeld 2020<\/h1>\n\n\n\n<p class=\"has-text-align-center\">Hotel Donegal in Cesenatico&nbsp;<strong>akzeptiert Urlaubsboni<\/strong>&nbsp;2020 bei einem Mindestaufenthalt von 5 Tagen,&nbsp;<strong><strong>f\u00fcr die gesamte Saison 2021<\/strong><\/strong>.<br>Der Bonus kann auch f\u00fcr die Buchung von Aktionsangeboten verwendet werden. Das Hotel beh\u00e4lt sich das Recht vor, den Bonus je nach Verf\u00fcgbarkeit des Hotels zum Zeitpunkt der Anfrage zu akzeptieren.<\/p>\n\n    <\/div>\n<\/div>\n\n<div class=\"wao-blocks-row row l--equal-h\" >\n    \n\n<div class=\"col-12 col-md-6 p-4\"\n     \n\t \n\t>\n        \n\n<div class=\"p-4 border g--b-c-01 l--h-100\">\n\n\n\n<h4 class=\"pb-4 wp-block-heading\">Was ist der Urlaubszuschlag<\/h4>\n\n\n\n<p>Der Urlaubsbonus 2020 ist ein\u00a0<strong>einen H\u00f6chstbeitrag von 500 EUR<\/strong>\u00a0die der italienische Staat f\u00fcr diejenigen bereitstellt, die sich bis zum Jahresende f\u00fcr einen Urlaub in Italien entscheiden.\u00a0<strong>31. Dezember 2021<\/strong>.<br>Um den Bonus zu erhalten, m\u00fcssen Sie direkt im Hotel buchen, oder mit Unterst\u00fctzung eines Reiseveranstalters, Reiseb\u00fcros oder Online-Portalen der Disintermediation.<\/p>\n\n\n\n<\/div>\n\n    <\/div>\n\n\n<div class=\"col-12 col-md-6 p-4\"\n     \n\t \n\t>\n        \n\n<div class=\"p-4 border g--b-c-01 l--h-100\">\n\n\n\n<h4 class=\"pb-4 wp-block-heading\">Akzeptieren Sie das Urlaubsgeld und wie hoch ist es?<\/h4>\n\n\n\n<p>Ja, wir akzeptieren das Urlaubsgeld 2020, das von der Regierung in H\u00f6he von maximal 500 Euro zur Verf\u00fcgung gestellt wird.<br>Der maximale Wert des Bonus wird also entsprechend der Anzahl der Teilnehmer an der Reise aufgeteilt:<\/p>\n\n\n\n<ul class=\"wp-block-list\"><li>3 oder mehr Personen: Bonuswert&nbsp;<strong>500 \u20ac<\/strong><\/li><li>2 Personen: Bonuswert&nbsp;<strong>300 \u20ac<\/strong><\/li><li>1 Person: Bonuswert&nbsp;<strong>150 \u20ac<\/strong><\/li><\/ul>\n\n\n\n<\/div>\n\n    <\/div>\n\n\n<div class=\"col-12 col-md-6 p-4\"\n     \n\t \n\t>\n        \n\n<div class=\"p-4 border g--b-c-01 l--h-100\">\n\n\n\n<h4 class=\"pb-4 wp-block-heading\">Wie kann ich den Bonus ausgeben?<\/h4>\n\n\n\n<p>Sie m\u00fcssen 20% des Wertes des Bonus vorstrecken, indem Sie ihn am Ende des Jahres von Ihrer Steuererkl\u00e4rung abziehen, w\u00e4hrend&nbsp;<strong>das Hotel erwartet den 80%.<\/strong>die dann wiederum von der Einkommensteuer abgezogen werden.<br>Wenn Sie z.B. Anspruch auf den maximalen Wert des Bonus haben, d.h. 500 \u20ac, erhalten Sie 400 \u20ac Rabatt auf die Kosten Ihres Aufenthalts, w\u00e4hrend Sie 100 \u20ac an Abzug vorstrecken m\u00fcssen.<\/p>\n\n\n\n<\/div>\n\n    <\/div>\n\n\n<div class=\"col-12 col-md-6 p-4\"\n     \n\t \n\t>\n        \n\n<div class=\"p-4 border g--b-c-01 l--h-100\">\n\n\n\n<h4 class=\"pb-4 wp-block-heading\">Wer kann sie anfordern und wie kann ich sie nutzen?<\/h4>\n\n\n\n<p>Sie kann von jedem beantragt werden, der\u00a0<strong>ISEE weniger als 40.000 Euro<\/strong>\u00a0und kann nur von einem Mitglied des Haushalts beantragt werden.<br>Sie k\u00f6nnen den Bonus f\u00fcr Hotelaufenthalte in der gesamten Saison 2021 nutzen f\u00fcr\u00a0<strong>einen Mindestaufenthalt von 5 Tagen<\/strong>.<\/p>\n\n\n\n<\/div>\n\n    <\/div>\n\n\n<div class=\"col-12 col-md-12 p-4\"\n     \n\t \n\t>\n        \n\n<div class=\"p-4 border g--b-c-01 l--h-100\">\n\n\n\n<h4 class=\"pb-4 wp-block-heading\">Was muss ich tun, um den Bonus zu erhalten?<\/h4>\n\n\n\n<p>Der Bonus muss angefordert worden sein <strong>bis zum 31. Dezember 2020.<\/strong> <br>Laden Sie einfach die<strong>Dedizierte IO-App<\/strong>die von PagoPA S.p.A. zur Verf\u00fcgung gestellt werden und \u00fcber das aktualisierte ISEE-Formular verf\u00fcgen.<br>Nach der Installation m\u00fcssen Sie sich anmelden, indem Sie die folgenden Anmeldedaten eingeben, wenn Sie dazu aufgefordert werden: SPID digitale Identit\u00e4t oder Elektronischer Personalausweis (CIE 3.0), um einen eindeutigen Code und einen QR-Code zu erhalten.<br>Die letzten beiden Codes ben\u00f6tigen Sie bei Ihrer Ankunft im Hotel: Denken Sie daran, sie uns w\u00e4hrend des Bezahlvorgangs zu zeigen! Au\u00dferdem k\u00f6nnen Sie \u00fcber die App den Gesamtbetrag des Ihnen zustehenden Rabatts, die Mitglieder Ihres Haushalts und den Zeitraum, innerhalb dessen Sie das Urlaubsgeld nutzen k\u00f6nnen, einsehen.<\/p>\n\n\n\n<\/div>\n\n    <\/div>\n<\/div>\n<\/section>\n\n<section class=\"wao-blocks-container container mb-0\"\n\t\t>\n    \n<div class=\"wao-blocks-row row py-0 my-0\" >\n    \n\n<div class=\"col-12 col-md-12 p-0\"\n     \n\t \n\t>\n        \n\n<div class=\"wp-block-image img-fluid\"><figure class=\"aligncenter size-large\"><img decoding=\"async\" width=\"534\" height=\"57\" src=\"https:\/\/www.donegalhotel.com\/wp-content\/uploads\/2020\/12\/freccia-down-azzurra.png\" alt=\"Kontakt Hotel Donegal Cesenatico\" class=\"wp-image-232\" srcset=\"https:\/\/www.donegalhotel.com\/wp-content\/uploads\/2020\/12\/freccia-down-azzurra.png 534w, https:\/\/www.donegalhotel.com\/wp-content\/uploads\/2020\/12\/freccia-down-azzurra-300x32.png 300w\" sizes=\"(max-width: 534px) 100vw, 534px\" \/><\/figure><\/div>\n\n    <\/div>\n<\/div>\n\n<div class=\"wao-blocks-row row\" >\n    \n\n<div class=\"col-12 col-md-12\"\n     \n\t \n\t>\n        \n<img decoding=\"async\" src=\"https:\/\/www.donegalhotel.com\/wp-content\/uploads\/2020\/12\/freccia-sx.png\" class=\"position-absolute l--right l--top js--hideme d-none d-md-block\" style=\"margin-top:-30px;\" data-anim=\"fadeInRight\">\n\n\n<p class=\"has-text-align-center h2\"><br>Kontaktieren Sie uns f\u00fcr Ihr Angebot <br>Ma\u00dfgeschneidert<br>und ohne Verpflichtung<\/p>\n\n\n<div class=\"p-3 g--bkg-light-01 mx-auto my-4\" >\n\n\n<div class=\"merida_root\" id=\"merida_block\"><\/div>\n\n<script>\nvar merida_config_merida_block = {\n    customerId: 552 ,\n    showSuccessModal : true,\n    rootEl: \"merida_block\",\n    childrenAgeMax: 16,\n    childrenAgeMin: 0,\n    layout: \"default\",\n    language: \"de\",\n                theme : {\n        colors: {\n            primary: '#e88700',\n            primaryTextAlt: '#ffffff',\n            secondary: '#6ab9c6',\n            secondaryTextAlt: '#ffffff',\n            text: '#3e464c',\n            error: '#cc0033',\n            formBackground: '#ffffff',\n            label: '#4d4d4d',\n            labelInput: '#cccccc',\n            labelInputActive: '#7ebd6d',\n            inputBackground: '#eeeeee',\n            inputBorder: '#eeeeee',\n            checkboxBorder: '#eeeeee',\n        }\n    },\n    onSuccess : function(res) {\n        \n                        if (typeof(ga) !== 'undefined') {\n                   ga('send', 'event', 'Email', 'Invio', 'Form');\n                }\n                    }\n};\n\n(function(url, cb) {\n    var s = document.createElement(\"script\");\n    s.type = \"text\/javascript\";\n\n    if (s.readyState) { \/\/IE\n        s.onreadystatechange = function() {\n            if (s.readyState == \"loaded\" || s.readyState == \"complete\") {\n                s.onreadystatechange = null;\n                cb();\n            }\n        };\n    } else { \/\/Others\n        s.onload = function() {\n            cb();\n        };\n    }\n\n    s.src = url;\n    document.getElementsByTagName(\"head\")[0].appendChild(s);\n})(\"https:\/\/static.adriasonline.it\/merida\/latest\/merida.js\", function() {\n    window.aoForm = merida(merida_config_merida_block);\n});\n<\/script>\n\n\n<!--iframe src=\"https:\/\/booking.passepartout.cloud\/booking\/formv1?oidPortale=14205&lingua=it\" frameborder=\"0\" width=\"100%\" height=\"800\"><\/iframe-->\n<\/div>\n    <\/div>\n<\/div>\n<\/section>\n\n\n<div class=\"breadcrumb-block\"\n    >\n    <div class=\"text-secondary mx-auto text-center small\">\n        <a href=\"https:\/\/www.donegalhotel.com\/de\" rel=\"nofollow\" title=\"Startseite\">Startseite &gt;<\/a>\n        Urlaubsgeld    <\/div>\n<\/div>","protected":false},"excerpt":{"rendered":"","protected":false},"author":1,"featured_media":0,"parent":0,"menu_order":0,"comment_status":"closed","ping_status":"closed","template":"","meta":{"footnotes":""},"class_list":["post-383","page","type-page","status-publish","hentry"],"_links":{"self":[{"href":"https:\/\/www.donegalhotel.com\/de\/wp-json\/wp\/v2\/pages\/383","targetHints":{"allow":["GET"]}}],"collection":[{"href":"https:\/\/www.donegalhotel.com\/de\/wp-json\/wp\/v2\/pages"}],"about":[{"href":"https:\/\/www.donegalhotel.com\/de\/wp-json\/wp\/v2\/types\/page"}],"author":[{"embeddable":true,"href":"https:\/\/www.donegalhotel.com\/de\/wp-json\/wp\/v2\/users\/1"}],"replies":[{"embeddable":true,"href":"https:\/\/www.donegalhotel.com\/de\/wp-json\/wp\/v2\/comments?post=383"}],"version-history":[{"count":0,"href":"https:\/\/www.donegalhotel.com\/de\/wp-json\/wp\/v2\/pages\/383\/revisions"}],"wp:attachment":[{"href":"https:\/\/www.donegalhotel.com\/de\/wp-json\/wp\/v2\/media?parent=383"}],"curies":[{"name":"wp","href":"https:\/\/api.w.org\/{rel}","templated":true}]}}