{"id":404,"date":"2020-12-07T11:39:12","date_gmt":"2020-12-07T10:39:12","guid":{"rendered":"http:\/\/www.donegalhotel.com\/?page_id=404"},"modified":"2025-01-08T12:39:51","modified_gmt":"2025-01-08T11:39:51","slug":"faq","status":"publish","type":"page","link":"https:\/\/www.donegalhotel.com\/de\/faq\/","title":{"rendered":"FAQ"},"content":{"rendered":"<section class=\"wao-blocks-container container-fluid mb-0 sf-pattern\"\n\t\t>\n    \n<div class=\"wao-blocks-row row\" >\n    \n\n<div class=\"col-12 col-md-12 p-4 text-center\"\n     \n\t \n\t>\n        \n\n<div class=\"breadcrumb-block text-secondary\"\n    >\n    <div class=\"text-primary\">\n        <a href=\"https:\/\/www.donegalhotel.com\/de\" rel=\"nofollow\" title=\"Startseite\">Startseite &gt;<\/a>\n        FAQ    <\/div>\n<\/div>\n    <\/div>\n<\/div>\n\n<div class=\"wao-blocks-row row\" >\n    \n\n<div class=\"col-12 col-md-12 p-4\"\n     \n\t \n\t>\n        \n\n<h1 class=\"wp-block-heading has-text-align-center pb-4\">FAQ - N\u00fctzliche Infos f\u00fcr Ihren Urlaub bei uns<\/h1>\n\n\n\n<p class=\"has-text-align-center\">So viele Dinge, an die man vor einer Abreise denken muss und so viele Zweifel in letzter Minute!<br>Wir sind immer f\u00fcr alle Neugierigen da, aber hier finden Sie die Fragen, die uns am h\u00e4ufigsten gestellt werden \ud83d\ude42 .<\/p>\n\n    <\/div>\n<\/div>\n\n<div class=\"wao-blocks-row row l--equal-h\" >\n    \n\n<div class=\"col-12 col-md-12 col-lg-6 p-4\"\n     \n\t \n\t>\n        \n<div class=\"p-4 border g--b-c-01 l--h-100\">\n\n\n<h4 class=\"wp-block-heading pb-4\">Wo kann ich mein Auto parken?<\/h4>\n\n\n\n<p>Der Eingang zum Donegal befindet sich in der Viale Manzoni, der ideale Ort, um Ihr Auto kostenlos zu parken.<\/p>\n\n\n\n<p>Viale Alessandro Manzoni&nbsp;<a href=\"https:\/\/maps.app.goo.gl\/HPMQYEarvPxxYU8s5\" target=\"_blank\" rel=\"noreferrer noopener\">https:\/\/maps.app.goo.gl\/HPMQYEarvPxxYU8s5<\/a><\/p>\n\n\n\n<p>An besonders \"hei\u00dfen\" Tagen lade ich die G\u00e4ste ein, vor dem Eingangstor anzuhalten und ihre Koffer auszuladen, um ihnen dann in aller Ruhe den besten Weg zum Parkplatz zu zeigen, der immer kostenlos ist. Alternativ gibt es eine \u00fcberdachte Garage, die nur 5 Minuten Fu\u00dfweg entfernt ist und 20 Euro pro Tag kostet, wenn man sie rechtzeitig bucht. Die Ma\u00dfe sind: Eingang H. 185 Breite 285<\/p>\n\n\n<\/div>\n    <\/div>\n\n\n<div class=\"col-12 col-md-12 col-lg-6 p-4\"\n     \n\t \n\t>\n        \n<div class=\"p-4 border g--b-c-01 l--h-100\">\n\n\n<h4 class=\"wp-block-heading pb-4\">Haben Sie einen Service f\u00fcr Radfahrer?<\/h4>\n\n\n\n<p>Ja, jedes Jahr im Mai ist Donegal mit Veranstaltungsteilnehmern ausverkauft.&nbsp;<strong>Neun H\u00fcgel<\/strong>; auch die Enthusiasten, die mit ihren Familien in den Sommerferien kommen und&nbsp;<strong>das \"geliebte Fahrrad\"<\/strong>&nbsp;finden Sie hier den idealen Platz!<br>Zu den Dienstleistungen: verst\u00e4rktes Fr\u00fchst\u00fcck auch in bestimmten Stunden (auf Anfrage) Raum\/Werkstatt f\u00fcr Fahrr\u00e4der Pfand, Luftkompressor und Grundausstattung.<\/p>\n\n\n<\/div>\n    <\/div>\n<\/div>\n\n<div class=\"wao-blocks-row row l--equal-h\" >\n    \n\n<div class=\"col-12 col-md-12 col-lg-6 p-4\"\n     \n\t \n\t>\n        \n<div class=\"p-4 border g--b-c-01 l--h-100\">\n\n\n<h4 class=\"wp-block-heading pb-4\">Haben Sie eine Referenz-Badeanstalt?<\/h4>\n\n\n\n<p>Der Strand ist nur 4 Minuten zu Fu\u00df vom Hotel entfernt, entlang der breiten, k\u00fchlen und schattigen Trento Avenue.&nbsp;<\/p>\n\n\n\n<p><strong>Bagno Conti 39<\/strong><br>ist der n\u00e4chstgelegene, direkt gegen\u00fcber.&nbsp;<\/p>\n\n\n\n<p>Unmittelbar nach links, Richtung Norden:&nbsp;<br><strong>Britannia Bath 41<\/strong>&nbsp;<\/p>\n\n\n\n<p>Nach rechts, Richtung S\u00fcden:&nbsp;<br><strong>Badezimmer Garten 36<br>Bath Embassy 35<br>Bagno Meridiano 34<br>Titanus 30 Badezimmer<\/strong><\/p>\n\n\n\n<p>alle von Bagno Conti nach rechts (in Richtung S\u00fcden)&nbsp;&nbsp;<strong>Sie k\u00f6nnen w\u00e4hlen<\/strong> \ud83d\ude42<\/p>\n\n\n<\/div>\n\n\n<h4 class=\"wp-block-heading pb-4\"><\/h4>\n\n    <\/div>\n\n\n<div class=\"col-12 col-md-12 col-lg-6 p-4\"\n     \n\t \n\t>\n        \n<div class=\"p-4 border g--b-c-01 l--h-100\">\n\n\n<h4 class=\"wp-block-heading pb-4\">Buchungs- und Stornierungsbedingungen<\/h4>\n\n\n\n<p>Die Anzahlung zur Best\u00e4tigung der Reservierung kann in der von Ihnen bevorzugten Form erfolgen: Kreditkarte oder Prepaid-Karte oder per Bank\u00fcberweisung innerhalb von 2 Werktagen nach der E-Mail mit der Verf\u00fcgbarkeitsbest\u00e4tigung, nach einer weiteren \u00dcberpr\u00fcfung durch die Einrichtung.<\/p>\n\n\n\n<p>Entspricht 30% des Gesamtangebots; andere Vereinbarungen k\u00f6nnen jedoch je nach Bedarf getroffen werden.<\/p>\n\n\n\n<p><strong>Im Falle einer Stornierung, aus gutem Grund, ist unsere Linie immer gewesen:<\/strong><\/p>\n\n\n\n<ul class=\"wp-block-list\">\n<li>die Kaution im Laufe der Zeit zur\u00fcckerhalten<\/li>\n\n\n\n<li>halten es f\u00fcr bequem \u00fcbertragbar (an Freunde, Verwandte oder Bekannte)<\/li>\n\n\n\n<li>kein Verfallsdatum<\/li>\n<\/ul>\n\n\n\n<p><strong>Sie ist immer g\u00fcltig<\/strong>&nbsp;\ud83d\ude42<\/p>\n\n\n<\/div>\n    <\/div>\n<\/div>\n\n<div class=\"wao-blocks-row row l--equal-h\" >\n    \n\n<div class=\"col-12 col-md-12 col-lg-6 p-4\"\n     \n\t \n\t>\n        \n<div class=\"p-4 border g--b-c-01 l--h-100\">\n\n\n<h4 class=\"wp-block-heading pb-4\">Akzeptieren Sie Tiere?<\/h4>\n\n\n\n<p>Nat\u00fcrlich sind sie willkommen \ud83d\ude42 mit einem kleinen Aufpreis. Informieren Sie uns einfach \u00fcber die Anwesenheit Ihres vierbeinigen Freundes, wenn Sie Ihre Reservierung machen, f\u00fcr die beste Unterkunft.<\/p>\n\n\n\n<p>Sie k\u00f6nnen Ihre bevorzugte Einrichtung mit dem speziellen Bereich w\u00e4hlen, von all denen in Cesenatico \ud83d\ude42<br>Im Hotel sind folgende R\u00e4ume f\u00fcr sie zug\u00e4nglich: die Veranda, der Garten auf dem Boulevard und die G\u00e4nge zu den Zimmern. <\/p>\n\n\n\n<p>Da es viele Kinder, auch sehr kleine, gibt, empfehlen wir, sie in diesen Bereichen an die kurze Leine zu nehmen, um die Ruhe zu bewahren.<\/p>\n\n\n\n<p>In der N\u00e4he von Donegal die<strong>&nbsp;Grande Torino\" Park<\/strong>&nbsp;einen 2-min\u00fctigen Spaziergang entfernt, wird er es lieben, und erst recht die&nbsp;<strong>\"Levante Park\"<\/strong>&nbsp;mit einem gro\u00dfen Gehbereich!<br>Zu entdecken, wie toll es ist, frei zu laufen, in der Gesellschaft von so vielen neuen Freunden, ist wirklich gro\u00dfartig!<\/p>\n\n\n\n<p><\/p>\n\n\n\n<p><\/p>\n\n\n\n<p><\/p>\n\n\n\n<p><\/p>\n\n\n<\/div>\n    <\/div>\n\n\n<div class=\"col-12 col-md-12 col-lg-6 p-4\"\n     \n\t \n\t>\n        \n<div class=\"p-4 border g--b-c-01 l--h-100\">\n\n\n<h4 class=\"wp-block-heading pb-4\">Was gibt es in der N\u00e4he des Hotels zu sehen?<\/h4>\n\n\n\n<p>Wir sind im&nbsp;<strong>Touristisches Zentrum<\/strong>&nbsp;und die&nbsp;<strong>Strand<\/strong>&nbsp;ist in 4 Minuten zu Fu\u00df zu erreichen.<br>Ein 12-min\u00fctiger Fu\u00dfweg oder 4 Minuten mit dem Fahrrad f\u00fchrt zum&nbsp;<strong>Leonardos Kanalhafen<\/strong>&nbsp;und die&nbsp;<strong>Historisches Zentrum&nbsp;<\/strong>mit dem <strong>Alte D\u00f6rfer<\/strong>. Hier ist die&nbsp;<strong>Schifffahrtsmuseum<\/strong>, Abschnitt im Wasser und an Land, die&nbsp;<strong>Haus von Marino Moretti<\/strong>Ich&nbsp;<strong>Pantani Raum<\/strong>, die&nbsp;<strong>alter Fischmarkt<\/strong>, die&nbsp;<strong>Piazzetta der antiken Konserven<\/strong>&nbsp;des Fisches.<br>20 Minuten zu Fu\u00df oder 6 Minuten mit dem Fahrrad: das&nbsp;<strong>\u00d6stlicher Pier<\/strong>&nbsp;mit seinen Fischerh\u00fctten und typischen Bars f\u00fcr Ihre Abende. Mit der kleinen F\u00e4hre k\u00f6nnen Sie nach&nbsp;<strong>Ponente mit Piazza Spose dei Marinai<\/strong>&nbsp;am Strand.<br><strong>Der Park von Levante<\/strong>&nbsp;ist 18 Minuten zu Fu\u00df oder 3 mit dem Fahrrad entfernt. Es gibt viel Gr\u00fcnes zu entdecken: Enten, G\u00e4nse, bunte H\u00fchner, Kaninchen und im Teich gro\u00dfe Karpfen und Schildkr\u00f6ten.<br>Zum Vergn\u00fcgen von Erwachsenen und Kindern sollten Sie sich das&nbsp;<strong>ber\u00fchmte Vergn\u00fcgungsparks an der Riviera<\/strong>. Hier sind einige praktische&nbsp;<strong>Google Maps Wegbeschreibung<\/strong>&nbsp;um sie zu erreichen:<br><strong>ZUM NORDEN<\/strong><br> - Wasserpark Atlantica 3,4 km in 7 Minuten (mit dem Auto).<br> - Riserva Naturale Saline di Cervia 10 km in 13 Minuten.<br> - Haus der Schmetterlinge 13,8 km in 17 Minuten.<br> - Mirabilandia 20,6 km in 23 Minuten.<br> - Zoo Safari Ravenna 21,2 km in 23 Minuten.<br><strong>S\u00dcDWEST<\/strong><br> - Italia in Miniatura 15,8 km in 16 Minuten.<br> - Fiabilandia 27,9 km in 30 Minuten.<br> - Oltremare 36,2 km in 28 Minuten.<br> - Aquafan 36,3 km in 29 Minuten.<br> - Cattolica Aquarium 47,2 km in 40 Minuten.<br><strong>INLAND<\/strong><br> - Skypark Adventure Park 60,9 km in 1 Stunde 3 Minuten.<\/p>\n\n\n<\/div>\n    <\/div>\n<\/div>\n\n<div class=\"wao-blocks-row row l--equal-h\" >\n    \n\n<div class=\"col-12 col-md-12 col-lg-6 p-4\"\n     \n\t \n\t>\n        \n<div class=\"p-4 border g--b-c-01 l--h-100\">\n\n\n<h4 class=\"wp-block-heading pb-4\">Zu welcher Uhrzeit sind die Zimmer am Anreisetag verf\u00fcgbar?<\/h4>\n\n\n\n<p>Das Zimmer steht am Anreisetag ab 12 Uhr zur Verf\u00fcgung und wird am Abreisetag, der in der Reservierung angegeben ist, bis 10 Uhr ger\u00e4umt.<br><strong>M\u00f6chten Sie fr\u00fch ankommen und Ihren ersten Tag am Strand genie\u00dfen?<\/strong><br>Du kannst es schaffen! Sabrina hei\u00dft Sie ab 7 Uhr morgens im Hotel willkommen.<br>Sein Rat. Halten Sie Ihre Strandtasche bereit (Koffer und anderes Gep\u00e4ck k\u00f6nnen Sie an der Rezeption oder im Auto lassen), damit Sie sich in den beiden an den Pool angrenzenden B\u00e4dern umziehen k\u00f6nnen.<br>Wenn Sie vom Strand zur\u00fcckkehren, ist Ihr sauberes und frisches Zimmer bereit, Sie zu empfangen!<\/p>\n\n\n<\/div>\n    <\/div>\n\n\n<div class=\"col-12 col-md-12 col-lg-6 p-4\"\n     \n\t \n\t>\n        \n<div class=\"p-4 border g--b-c-01 l--h-100\">\n\n\n<h4 class=\"wp-block-heading pb-4\">Bieten Sie alternative Men\u00fcs an?<\/h4>\n\n\n\n<p><strong>Unsere t\u00e4glichen Angebote sind sehr vielf\u00e4ltig<\/strong>Auch reich an Zubereitungen auf Basis von Gem\u00fcse und H\u00fclsenfr\u00fcchten. Sie lieben es, die Di\u00e4t zu befolgen&nbsp;<strong>vegetarisch oder vegan<\/strong>?<br>Bitte geben Sie bei der Buchung Ihren Wunsch an; wir bem\u00fchen uns jeden Tag, alle W\u00fcnsche zu erf\u00fcllen.<br>Bei leichter Empfindlichkeit gegen\u00fcber&nbsp;<strong>Gluten&nbsp;<\/strong>(nicht zertifizierte Z\u00f6liakie, f\u00fcr die wir eine zertifizierte Einrichtung empfehlen) bringen Sie Ihre eigenen Produkte (Nudeln, Zwieback, Kekse, etc.). Falls erforderlich, werden sie im K\u00fchlschrank in Ihrem reservierten Beh\u00e4lter aufbewahrt.<br>Jeden Tag w\u00e4hlen Sie zusammen mit meinen Br\u00fcdern im Speisesaal die entsprechenden Gerichte aus der Speisekarte aus.<\/p>\n\n\n<\/div>\n    <\/div>\n<\/div>\n\n<div class=\"wao-blocks-row row l--equal-h\" >\n    \n\n<div class=\"col-12 col-md-12 col-lg-6 p-4\"\n     \n\t \n\t>\n        \n<div class=\"p-4 border g--b-c-01 l--h-100\">\n\n\n<h4 class=\"wp-block-heading pb-4\">Was ist, wenn ich fr\u00fcher gehen muss?<br>Werden nicht eingenommene Mahlzeiten erstattet?<\/h4>\n\n\n\n<p>Im Falle einer vorzeitigen Abreise verlangen wir die Zahlung von&nbsp;<strong>3 \u00dcbernachtungen<\/strong>.<br>Nicht eingenommene (und nicht gebuchte) Mahlzeiten werden nicht in der Hotelrechnung ber\u00fccksichtigt.<\/p>\n\n\n<\/div>\n    <\/div>\n\n\n<div class=\"col-12 col-md-12 col-lg-6 p-4\"\n     \n\t \n\t>\n        \n<div class=\"p-4 border g--b-c-01 l--h-100\">\n\n\n<h4 class=\"wp-block-heading pb-4\">Wie gro\u00df ist der Pool? Ist sie beheizt?<\/h4>\n\n\n\n<p>Das Schwimmbad <strong>ist 80 bis 140 Zentimeter tief<\/strong>, unregelm\u00e4\u00dfig geformt 6 Meter mal 12.<br>Es ist nach S\u00fcdwesten ausgerichtet und befindet sich in einer gesch\u00fctzten Lage, die von der Sonne erw\u00e4rmt wird.<br>Schwimmunterricht kann auf Anfrage gebucht werden.<\/p>\n\n\n<\/div>\n    <\/div>\n<\/div>\n\n<div class=\"wao-blocks-row row l--equal-h\" >\n    \n\n<div class=\"col-12 col-md-12 col-lg-6 p-4\"\n     \n\t \n\t>\n        \n<div class=\"p-4 border g--b-c-01 l--h-100\">\n\n\n<h4 class=\"wp-block-heading pb-4\">Verliere ich meine Anzahlung, wenn ich storniere?<\/h4>\n\n\n\n<p><strong>Buchungs- und Stornierungsbedingungen<\/strong><\/p>\n\n\n\n<ul class=\"wp-block-list\">\n<li>Die Anzahlung zur Best\u00e4tigung der Reservierung kann in der Form, die Sie bevorzugen (Bank\u00fcberweisung oder Postanweisung) innerhalb von 3 Werktagen ab der E-Mail-Best\u00e4tigung-Verf\u00fcgbarkeit nach einer erneuten Pr\u00fcfung durch die Struktur bezahlt werden. Sie entspricht 30% des Gesamtkostenvoranschlags; wir k\u00f6nnen jedoch je nach Ihren Bed\u00fcrfnissen auch etwas anderes vereinbaren.<\/li>\n<\/ul>\n\n\n\n<p><strong>Im Falle einer Stornierung, aus gutem Grund, ist unsere Linie immer gewesen:<\/strong><\/p>\n\n\n\n<ul class=\"wp-block-list\">\n<li>die Kaution im Laufe der Zeit zur\u00fcckerhalten<\/li>\n\n\n\n<li>halten es f\u00fcr bequem \u00fcbertragbar (an Freunde, Verwandte oder Bekannte)<\/li>\n\n\n\n<li>kein Verfallsdatum<\/li>\n<\/ul>\n\n\n\n<p><strong>Es ist immer noch g\u00fcltig!<\/strong>&nbsp;\ud83d\ude42<\/p>\n\n\n<\/div>\n    <\/div>\n\n\n<div class=\"col-12 col-md-12 col-lg-6 p-4\"\n     \n\t \n\t>\n        \n<div class=\"p-4 border g--b-c-01 l--h-100\">\n\n\n<h4 class=\"wp-block-heading pb-4\">Kurtaxe<\/h4>\n\n\n\n<p>Gemeinde Cesenatico: 2 Euro pro Tag und Erwachsener ab 14 Jahren f\u00fcr maximal 7 Tage.<\/p>\n\n\n\n<h4 class=\"wp-block-heading pb-4\">Gibt es einen K\u00fchlschrank auf dem Zimmer?<\/h4>\n\n\n\n<p>Ein K\u00fchlschrank im Zimmer ist gegen einen geringen Aufpreis erh\u00e4ltlich.<br>Wir bieten jedoch die M\u00f6glichkeit, die G\u00e4stebar kostenlos zu nutzen. F\u00fcr Spezialmilch, Spezialprodukte und eventuelle Medikamente k\u00f6nnen Sie bequem darauf zugreifen.<br>Unser Torwart Bobo ist immer f\u00fcr Sie da!<\/p>\n\n\n\n<h4 class=\"wp-block-heading pb-4\">Gibt es Zimmer mit einem Balkon?<\/h4>\n\n\n\n<p>Das Donegal verf\u00fcgt \u00fcber 33 Zimmer, von denen 19 einen Balkon haben. Auf rechtzeitige Anfrage und gegen einen geringen Aufpreis k\u00f6nnen diese Zimmer gebucht werden.<\/p>\n\n\n<\/div>\n    <\/div>\n<\/div>\n<\/section>\n\n<section class=\"wao-blocks-container container mb-0\"\n\t\t>\n    \n<div class=\"wao-blocks-row row py-0 my-0\" >\n    \n\n<div class=\"col-12 col-md-12 p-0\"\n     \n\t \n\t>\n        \n\n<div class=\"wp-block-image img-fluid\"><figure class=\"aligncenter size-large\"><img decoding=\"async\" width=\"534\" height=\"57\" src=\"https:\/\/www.donegalhotel.com\/wp-content\/uploads\/2020\/12\/freccia-down-azzurra.png\" alt=\"Kontakt Hotel Donegal Cesenatico\" class=\"wp-image-232\" srcset=\"https:\/\/www.donegalhotel.com\/wp-content\/uploads\/2020\/12\/freccia-down-azzurra.png 534w, https:\/\/www.donegalhotel.com\/wp-content\/uploads\/2020\/12\/freccia-down-azzurra-300x32.png 300w\" sizes=\"(max-width: 534px) 100vw, 534px\" \/><\/figure><\/div>\n\n    <\/div>\n<\/div>\n\n<div class=\"wao-blocks-row row\" >\n    \n\n<div class=\"col-12 col-md-12\"\n     \n\t \n\t>\n        \n<img decoding=\"async\" src=\"https:\/\/www.donegalhotel.com\/wp-content\/uploads\/2020\/12\/freccia-sx.png\" class=\"position-absolute l--right l--top js--hideme d-none d-md-block\" style=\"margin-top:-30px;\" data-anim=\"fadeInRight\">\n\n\n<p class=\"has-text-align-center h2\"><br>Kontaktieren Sie uns f\u00fcr Ihr Angebot <br>Ma\u00dfgeschneidert<br>und ohne Verpflichtung<\/p>\n\n\n<div class=\"p-3 g--bkg-light-01 mx-auto my-4\" >\n\n\n<div class=\"merida_root\" id=\"merida_block\"><\/div>\n\n<script>\nvar merida_config_merida_block = {\n    customerId: 552 ,\n    showSuccessModal : true,\n    rootEl: \"merida_block\",\n    childrenAgeMax: 16,\n    childrenAgeMin: 0,\n    layout: \"default\",\n    language: \"de\",\n                theme : {\n        colors: {\n            primary: '#e88700',\n            primaryTextAlt: '#ffffff',\n            secondary: '#6ab9c6',\n            secondaryTextAlt: '#ffffff',\n            text: '#3e464c',\n            error: '#cc0033',\n            formBackground: '#ffffff',\n            label: '#4d4d4d',\n            labelInput: '#cccccc',\n            labelInputActive: '#7ebd6d',\n            inputBackground: '#eeeeee',\n            inputBorder: '#eeeeee',\n            checkboxBorder: '#eeeeee',\n        }\n    },\n    onSuccess : function(res) {\n        \n                        if (typeof(ga) !== 'undefined') {\n                   ga('send', 'event', 'Email', 'Invio', 'Form');\n                }\n                    }\n};\n\n(function(url, cb) {\n    var s = document.createElement(\"script\");\n    s.type = \"text\/javascript\";\n\n    if (s.readyState) { \/\/IE\n        s.onreadystatechange = function() {\n            if (s.readyState == \"loaded\" || s.readyState == \"complete\") {\n                s.onreadystatechange = null;\n                cb();\n            }\n        };\n    } else { \/\/Others\n        s.onload = function() {\n            cb();\n        };\n    }\n\n    s.src = url;\n    document.getElementsByTagName(\"head\")[0].appendChild(s);\n})(\"https:\/\/static.adriasonline.it\/merida\/latest\/merida.js\", function() {\n    window.aoForm = merida(merida_config_merida_block);\n});\n<\/script>\n\n\n<!--iframe src=\"https:\/\/booking.passepartout.cloud\/booking\/formv1?oidPortale=14205&lingua=it\" frameborder=\"0\" width=\"100%\" height=\"800\"><\/iframe-->\n<\/div>\n    <\/div>\n<\/div>\n<\/section>","protected":false},"excerpt":{"rendered":"","protected":false},"author":1,"featured_media":0,"parent":0,"menu_order":0,"comment_status":"closed","ping_status":"closed","template":"","meta":{"footnotes":""},"class_list":["post-404","page","type-page","status-publish","hentry"],"_links":{"self":[{"href":"https:\/\/www.donegalhotel.com\/de\/wp-json\/wp\/v2\/pages\/404","targetHints":{"allow":["GET"]}}],"collection":[{"href":"https:\/\/www.donegalhotel.com\/de\/wp-json\/wp\/v2\/pages"}],"about":[{"href":"https:\/\/www.donegalhotel.com\/de\/wp-json\/wp\/v2\/types\/page"}],"author":[{"embeddable":true,"href":"https:\/\/www.donegalhotel.com\/de\/wp-json\/wp\/v2\/users\/1"}],"replies":[{"embeddable":true,"href":"https:\/\/www.donegalhotel.com\/de\/wp-json\/wp\/v2\/comments?post=404"}],"version-history":[{"count":28,"href":"https:\/\/www.donegalhotel.com\/de\/wp-json\/wp\/v2\/pages\/404\/revisions"}],"predecessor-version":[{"id":2391,"href":"https:\/\/www.donegalhotel.com\/de\/wp-json\/wp\/v2\/pages\/404\/revisions\/2391"}],"wp:attachment":[{"href":"https:\/\/www.donegalhotel.com\/de\/wp-json\/wp\/v2\/media?parent=404"}],"curies":[{"name":"wp","href":"https:\/\/api.w.org\/{rel}","templated":true}]}}