{"id":428,"date":"2020-12-07T12:08:03","date_gmt":"2020-12-07T11:08:03","guid":{"rendered":"http:\/\/www.donegalhotel.com\/?page_id=428"},"modified":"2024-07-25T16:19:33","modified_gmt":"2024-07-25T14:19:33","slug":"listino","status":"publish","type":"page","link":"https:\/\/www.donegalhotel.com\/de\/listino\/","title":{"rendered":"Behandlungen"},"content":{"rendered":"<section class=\"wao-blocks-container container-fluid mb-0 sf-pattern\"\n\t\t>\n    \n<div class=\"wao-blocks-row row\" >\n    \n\n<div class=\"col-12 col-md-12 p-4 text-center\"\n     \n\t \n\t>\n        \n\n<div class=\"breadcrumb-block text-secondary\"\n    >\n    <div class=\"text-primary\">\n        <a href=\"https:\/\/www.donegalhotel.com\/de\" rel=\"nofollow\" title=\"Startseite\">Startseite &gt;<\/a>\n        Behandlungen    <\/div>\n<\/div>\n    <\/div>\n<\/div>\n\n<div class=\"wao-blocks-row row\" >\n    \n\n<div class=\"col-12 col-md-12 p-4\"\n     \n\t \n\t>\n        \n\n<h1 class=\"wp-block-heading has-text-align-center pb-4\">Behandlungen<\/h1>\n\n\n\n<p class=\"has-text-align-center\">Der erste Schritt f\u00fcr Ihren Urlaub besteht darin, die f\u00fcr Sie geeignete Formel auszuw\u00e4hlen.<\/p>\n\n\n\n<p><\/p>\n\n    <\/div>\n<\/div>\n\n<div class=\"wao-blocks-row row\" >\n    \n\n<div class=\"col-12 col-md-12\"\n     \n\t \n\t>\n        \n<div class=\"mx-auto p-4\" style=\"max-width:1200px;\">\n\n\n<h3 class=\"wp-block-heading mb-4\">Einzelheiten der Behandlung:<\/h3>\n\n\n\n<p><strong>ALLES INKLUSIVE:<\/strong>&nbsp;<\/p>\n\n\n\n<ul class=\"wp-block-list\">\n<li>Vollpension<\/li>\n\n\n\n<li>Zimmer mit eigenem Bad, <\/li>\n\n\n\n<li>S\u00fc\u00dfes und herzhaftes Fr\u00fchst\u00fccksbuffet, Mittag- und Abendessen (alternativ \"Picknickkorb\"),<strong>&nbsp;<\/strong><\/li>\n\n\n\n<li><strong>Drinks im Restaurant:&nbsp;<\/strong><br>Stilles und kohlens\u00e4urehaltiges Wasser,<br>3 Arten von lokalen Weinen im Ausschank: Sangiovese rot, Trebbiano wei\u00df, Pignoletto sprudelt, <br>Alkoholfreie Getr\u00e4nke und Bier in Flaschen, <\/li>\n\n\n\n<li>Alle&nbsp;<strong>Dienste<\/strong>&nbsp;des Hotels<\/li>\n\n\n\n<li>Dienst&nbsp;<strong>Strand<\/strong><\/li>\n<\/ul>\n\n\n\n<p><strong>ALL-INCLUSIVE-HALBPENSION<\/strong>:<\/p>\n\n\n\n<ul class=\"wp-block-list\">\n<li>Halbpension<\/li>\n\n\n\n<li>Zimmer mit eigenem Bad, <\/li>\n\n\n\n<li>S\u00fc\u00dfes und herzhaftes Fr\u00fchst\u00fccksbuffet, Mittag- oder Abendessen (alternativ der \"Picknickkorb\"),&nbsp;<\/li>\n\n\n\n<li><strong>Drinks im Restaurant:&nbsp;<\/strong><br>Stilles und kohlens\u00e4urehaltiges Wasser, <br>3 Arten von lokalen Weinen im Ausschank: Sangiovese rot, Trebbiano wei\u00df, Pignoletto sprudelt, <br>Alkoholfreie Getr\u00e4nke und Bier in Flaschen, <\/li>\n\n\n\n<li>Alle&nbsp;<strong>Dienste<\/strong>&nbsp;des Hotels<\/li>\n\n\n\n<li>Dienst&nbsp;<strong>Strand<\/strong><\/li>\n<\/ul>\n\n\n\n<p><strong>FULL BOARD<\/strong>:<\/p>\n\n\n\n<ul class=\"wp-block-list\">\n<li>Vollpension<\/li>\n\n\n\n<li>Zimmer mit eigenem Bad, <\/li>\n\n\n\n<li>S\u00fc\u00dfes und herzhaftes Fr\u00fchst\u00fccksbuffet, Mittag- und Abendessen (alternativ der \"Picknickkorb\"),&nbsp;<\/li>\n\n\n\n<li><strong>Drinks im Restaurant:&nbsp;<\/strong><br>Stilles und kohlens\u00e4urehaltiges Wasser, <br>3 Arten von lokalen Weinen im Ausschank: Sangiovese rot, Trebbiano wei\u00df, Pignoletto sprudelt, <br>Alkoholfreie Getr\u00e4nke und Bier in Flaschen, <\/li>\n\n\n\n<li>Alle&nbsp;<strong>Dienste<\/strong>&nbsp;des Hotels<\/li>\n<\/ul>\n\n\n\n<p><strong>HALBES BOARD:<\/strong>&nbsp;<\/p>\n\n\n\n<ul class=\"wp-block-list\">\n<li>Halbpension<\/li>\n\n\n\n<li>Zimmer mit eigenem Bad, <\/li>\n\n\n\n<li>S\u00fc\u00dfes und herzhaftes Fr\u00fchst\u00fccksbuffet, Mittag- oder Abendessen (alternativ der \"Picknickkorb\"),&nbsp;<\/li>\n\n\n\n<li><strong>Drinks im Restaurant:&nbsp;<\/strong><br>Stilles und kohlens\u00e4urehaltiges Wasser, <br>3 Arten von lokalen Weinen im Ausschank: Sangiovese rot, Trebbiano wei\u00df, Pignoletto sprudelt, <br>Getr\u00e4nke in Flaschen und Bier <\/li>\n\n\n\n<li>Alle&nbsp;<strong>Dienste<\/strong>&nbsp;des Hotels<\/li>\n<\/ul>\n\n\n\n<p><strong>\u00dcBERNACHTUNG MIT FR\u00dcHST\u00dcCK<\/strong>:<\/p>\n\n\n\n<ul class=\"wp-block-list\">\n<li>Zimmer mit eigenem Bad, <\/li>\n\n\n\n<li>S\u00fc\u00dfes und herzhaftes Fr\u00fchst\u00fccksbuffet <\/li>\n\n\n\n<li>Alle&nbsp;<strong>Dienste<\/strong>&nbsp;des Hotels<\/li>\n<\/ul>\n\n\n\n<p>Von allen Arten der Behandlung, <strong>der Anwaltsdienst ist ausgeschlossen<\/strong><\/p>\n\n\n\n<p><strong>Zimmer mit Balkon<\/strong>auf Anfrage mit einem kleinen Aufpreis.<\/p>\n\n\n\n<p><strong>Kurtaxe&nbsp;<\/strong>Gemeinde Cesenatico: 1,50 Euro pro Tag und Erwachsener ab 14 Jahren f\u00fcr maximal 7 Tage.<\/p>\n\n\n\n<p><strong>Akzeptierte Tiere&nbsp;<\/strong>mit einem kleinen Zuschlag.<\/p>\n\n\n\n<p><strong>BUCHUNGS- UND STORNIERUNGSBEDINGUNGEN<\/strong><\/p>\n\n\n\n<p>Die Anzahlung zur Best\u00e4tigung der Reservierung kann in der von Ihnen bevorzugten Form erfolgen: Kreditkarte oder Prepaid-Karte oder per Bank\u00fcberweisung innerhalb von 2 Werktagen nach der E-Mail mit der Verf\u00fcgbarkeitsbest\u00e4tigung, nach einer weiteren \u00dcberpr\u00fcfung durch die Einrichtung.<\/p>\n\n\n\n<p>Entspricht 30% des Gesamtangebots; andere Vereinbarungen k\u00f6nnen jedoch je nach Bedarf getroffen werden.<\/p>\n\n\n\n<p><strong>Im Falle einer Stornierung, aus gutem Grund, ist unsere Linie immer gewesen:<\/strong><\/p>\n\n\n\n<ul class=\"wp-block-list\">\n<li>die Kaution im Laufe der Zeit zur\u00fcckerhalten<\/li>\n\n\n\n<li>halten es f\u00fcr bequem \u00fcbertragbar (an Freunde, Verwandte oder Bekannte)<\/li>\n\n\n\n<li>kein Verfallsdatum<\/li>\n<\/ul>\n\n\n\n<p><strong>Sie ist immer g\u00fcltig<\/strong>&nbsp;\ud83d\ude42<\/p>\n\n\n<\/div>\n    <\/div>\n<\/div>\n<\/section>\n\n<section class=\"wao-blocks-container container mb-0\"\n\t\t>\n    \n<div class=\"wao-blocks-row row py-0 my-0\" >\n    \n\n<div class=\"col-12 col-md-12 p-0\"\n     \n\t \n\t>\n        \n\n<div class=\"wp-block-image img-fluid\"><figure class=\"aligncenter size-large\"><img decoding=\"async\" width=\"534\" height=\"57\" src=\"https:\/\/www.donegalhotel.com\/wp-content\/uploads\/2020\/12\/freccia-down-azzurra.png\" alt=\"Kontakt Hotel Donegal Cesenatico\" class=\"wp-image-232\" srcset=\"https:\/\/www.donegalhotel.com\/wp-content\/uploads\/2020\/12\/freccia-down-azzurra.png 534w, https:\/\/www.donegalhotel.com\/wp-content\/uploads\/2020\/12\/freccia-down-azzurra-300x32.png 300w\" sizes=\"(max-width: 534px) 100vw, 534px\" \/><\/figure><\/div>\n\n    <\/div>\n<\/div>\n\n<div class=\"wao-blocks-row row\" >\n    \n\n<div class=\"col-12 col-md-12\"\n     \n\t \n\t>\n        \n<img decoding=\"async\" src=\"https:\/\/www.donegalhotel.com\/wp-content\/uploads\/2020\/12\/freccia-sx.png\" class=\"position-absolute l--right l--top js--hideme d-none d-md-block\" style=\"margin-top:-30px;\" data-anim=\"fadeInRight\">\n\n\n<p class=\"has-text-align-center h2\"><br>Kontaktieren Sie uns f\u00fcr Ihr Angebot <br>Ma\u00dfgeschneidert<br>und ohne Verpflichtung<\/p>\n\n\n<div class=\"p-3 g--bkg-light-01 mx-auto my-4\" >\n\n\n<div class=\"merida_root\" id=\"merida_block\"><\/div>\n\n<script>\nvar merida_config_merida_block = {\n    customerId: 552 ,\n    showSuccessModal : true,\n    rootEl: \"merida_block\",\n    childrenAgeMax: 16,\n    childrenAgeMin: 0,\n    layout: \"default\",\n    language: \"de\",\n                theme : {\n        colors: {\n            primary: '#e88700',\n            primaryTextAlt: '#ffffff',\n            secondary: '#6ab9c6',\n            secondaryTextAlt: '#ffffff',\n            text: '#3e464c',\n            error: '#cc0033',\n            formBackground: '#ffffff',\n            label: '#4d4d4d',\n            labelInput: '#cccccc',\n            labelInputActive: '#7ebd6d',\n            inputBackground: '#eeeeee',\n            inputBorder: '#eeeeee',\n            checkboxBorder: '#eeeeee',\n        }\n    },\n    onSuccess : function(res) {\n        \n                        if (typeof(ga) !== 'undefined') {\n                   ga('send', 'event', 'Email', 'Invio', 'Form');\n                }\n                    }\n};\n\n(function(url, cb) {\n    var s = document.createElement(\"script\");\n    s.type = \"text\/javascript\";\n\n    if (s.readyState) { \/\/IE\n        s.onreadystatechange = function() {\n            if (s.readyState == \"loaded\" || s.readyState == \"complete\") {\n                s.onreadystatechange = null;\n                cb();\n            }\n        };\n    } else { \/\/Others\n        s.onload = function() {\n            cb();\n        };\n    }\n\n    s.src = url;\n    document.getElementsByTagName(\"head\")[0].appendChild(s);\n})(\"https:\/\/static.adriasonline.it\/merida\/latest\/merida.js\", function() {\n    window.aoForm = merida(merida_config_merida_block);\n});\n<\/script>\n\n\n<!--iframe src=\"https:\/\/booking.passepartout.cloud\/booking\/formv1?oidPortale=14205&lingua=it\" frameborder=\"0\" width=\"100%\" height=\"800\"><\/iframe-->\n<\/div>\n    <\/div>\n<\/div>\n<\/section>","protected":false},"excerpt":{"rendered":"","protected":false},"author":1,"featured_media":0,"parent":0,"menu_order":0,"comment_status":"closed","ping_status":"closed","template":"","meta":{"footnotes":""},"class_list":["post-428","page","type-page","status-publish","hentry"],"_links":{"self":[{"href":"https:\/\/www.donegalhotel.com\/de\/wp-json\/wp\/v2\/pages\/428","targetHints":{"allow":["GET"]}}],"collection":[{"href":"https:\/\/www.donegalhotel.com\/de\/wp-json\/wp\/v2\/pages"}],"about":[{"href":"https:\/\/www.donegalhotel.com\/de\/wp-json\/wp\/v2\/types\/page"}],"author":[{"embeddable":true,"href":"https:\/\/www.donegalhotel.com\/de\/wp-json\/wp\/v2\/users\/1"}],"replies":[{"embeddable":true,"href":"https:\/\/www.donegalhotel.com\/de\/wp-json\/wp\/v2\/comments?post=428"}],"version-history":[{"count":10,"href":"https:\/\/www.donegalhotel.com\/de\/wp-json\/wp\/v2\/pages\/428\/revisions"}],"predecessor-version":[{"id":2338,"href":"https:\/\/www.donegalhotel.com\/de\/wp-json\/wp\/v2\/pages\/428\/revisions\/2338"}],"wp:attachment":[{"href":"https:\/\/www.donegalhotel.com\/de\/wp-json\/wp\/v2\/media?parent=428"}],"curies":[{"name":"wp","href":"https:\/\/api.w.org\/{rel}","templated":true}]}}