{"id":457,"date":"2020-12-07T13:32:49","date_gmt":"2020-12-07T12:32:49","guid":{"rendered":"http:\/\/www.donegalhotel.com\/?page_id=457"},"modified":"2023-01-24T11:51:17","modified_gmt":"2023-01-24T10:51:17","slug":"dintorni","status":"publish","type":"page","link":"https:\/\/www.donegalhotel.com\/de\/dintorni\/","title":{"rendered":"Umgebungen"},"content":{"rendered":"<section class=\"container-fluid js--lazy-load wao-blocks-gallery-slider-flickity gallery-flickity-72258\" >\n    <article class=\"row\">\n        <div class=\"col-sm-12 p-0 position-relative\">\n            <section class=\"container-fluid js--lazy-load\">\n                <article class=\"row\">\n                    <div class=\"col-sm-12 p-0 position-relative\">\n                        <div class=\"js--flickity l--vh-75-md\" data-cellalign=\"left\" data-bglazyload=\"1\" data-freescroll=\"true\" data-wraparound=\"true\" data-autoplay=\"4000\" data-pauseautoplayonhover =\"true\" data-prevnextbuttons=\"false\" data-contain=\"true\" data-pagedots=\"false\" data-draggable=\"true\" data-groupcells=\"110%\" data-fade=\"false\">\n                                                            <div>\n                                    <div style=\"background: url('https:\/\/www.donegalhotel.com\/wp-content\/uploads\/2020\/12\/top-sanmarino.jpg') center center \/ cover no-repeat rgb(250, 250, 250); display: block; width: 100vw;\" class=\"l--vh-75-md\"><\/div>\n                                <\/div>\n                            \n                        <\/div>\n                        <div class=\"position-absolute l--top l--bottom mx-auto l--align-middle-vertical\">\n                            <div class=\"text-over-slider h1 text-quaternary text-center animated zoomIn\" data-anim=\"zoomIn\" data-cof=\"true\" data-cof-rule=\"font-size, 2rem, 2.5rem, 2.5rem, 3rem, 3rem\">\n                                                            <\/div>\n                                                            <div class=\"position-absolute sf-onda l--bottom\" style=\"background: \" data-cof=\"true\" data-cof-rule=\"font-size, 2rem, 2.5rem, 2.5rem, 3rem, 3rem\">\n                                                                                                        <\/div>\n                                                    <\/div>\n                    <\/div>\n                <\/article>\n            <\/section>\n        <\/div>\n    <\/article>\n<\/section>\n\n<section class=\"wao-blocks-container container-fluid mb-0 sf-pattern\"\n\t\t>\n    \n<div class=\"wao-blocks-row row\" >\n    \n\n<div class=\"col-12 col-md-12 p-4 text-center\"\n     \n\t \n\t>\n        \n\n<div class=\"breadcrumb-block text-secondary\"\n    >\n    <div class=\"text-primary\">\n        <a href=\"https:\/\/www.donegalhotel.com\/de\" rel=\"nofollow\" title=\"Startseite\">Startseite &gt;<\/a>\n        Umgebungen    <\/div>\n<\/div>\n    <\/div>\n<\/div>\n\n<div class=\"wao-blocks-row row\" >\n    \n\n<div class=\"col-12 col-md-12 p-4\"\n     \n\t \n\t>\n        \n\n<h1 class=\"has-text-align-center pb-4 wp-block-heading\">Exkursionen in der Umgebung<\/h1>\n\n\n\n<p class=\"has-text-align-center\">Ein Aufenthalt im Donegal Hotel bedeutet Spa\u00df, famili\u00e4re Atmosph\u00e4re, aber auch die M\u00f6glichkeit, viele fantastische Orte zu Fu\u00df zu erreichen.<br>Die Auswahl fiel uns schwer, aber wir haben eine Auswahl getroffen, was die Romagna innerhalb einer Autostunde von unserem Hotel aus zu bieten hat.<\/p>\n\n    <\/div>\n<\/div>\n\n<div class=\"wao-blocks-row row l--equal-h\" >\n    \n\n<div class=\"col-12 col-md-12 col-lg-6 p-4\"\n     \n\t \n\t>\n        \n\n<div class=\"p-4 border g--b-c-01 l--h-100\">\n\n\n\n<div class=\"wp-block-image img-fluid img-m-t-3\"><figure class=\"alignright size-large\"><img decoding=\"async\" src=\"https:\/\/www.donegalhotel.com\/wp-content\/uploads\/2020\/12\/img-riviera-parchi.jpg\" alt=\"\" class=\"wp-image-458\" width=\"NaN\" height=\"NaN\" srcset=\"https:\/\/www.donegalhotel.com\/wp-content\/uploads\/2020\/12\/img-riviera-parchi.jpg 200w, https:\/\/www.donegalhotel.com\/wp-content\/uploads\/2020\/12\/img-riviera-parchi-150x150.jpg 150w\" sizes=\"(max-width: 200px) 100vw, 200px\" \/><\/figure><\/div>\n\n\n\n<h4 class=\"pb-4 wp-block-heading\">Die Parks Riviera<\/h4>\n\n\n\n<p>Die Romagna ist auch bekannt als die Riviera der Parks: es gibt viele und f\u00fcr jeden Geschmack! Nach S\u00fcden,&nbsp;<strong>15 min. mit dem Auto<\/strong>gibt es die<strong>Italien in Miniatur<\/strong>wo Sie unser sch\u00f6nes Land in nur einem Tag erkunden k\u00f6nnen. Unglaublich, nicht wahr? Wenn Sie mit kleinen Kindern unterwegs sind, k\u00f6nnen Sie diese mitnehmen zu&nbsp;<strong>Fiabilandia, 30 Min. mit dem Auto<\/strong>und ihnen einen m\u00e4rchenhaften Tag bescheren, inklusive K\u00e4mpfe auf Kapit\u00e4n Hooks Schiff und Fu-Mings Labyrinth.<\/p>\n\n\n\n<p>A&nbsp;<strong>20 min. mit dem Auto&nbsp;<\/strong>im Norden befindet sich&nbsp;<strong>Mirabilandia<\/strong>Der gr\u00f6\u00dfte Vergn\u00fcgungspark Italiens mit adrenalingeladenen Attraktionen f\u00fcr Erwachsene und Spielen, die eher f\u00fcr Kinder geeignet sind, Live-Shows und Musicals, alles in einem einzigen Themenpark.<\/p>\n\n\n\n<\/div>\n\n    <\/div>\n\n\n<div class=\"col-12 col-md-12 col-lg-6 p-4\"\n     \n\t \n\t>\n        \n\n<div class=\"p-4 border g--b-c-01 l--h-100\" style=\"word-break: break-word;\">\n\n\n\n<div class=\"wp-block-image img-fluid img-m-t-3\"><figure class=\"alignright size-large\"><img decoding=\"async\" src=\"https:\/\/www.donegalhotel.com\/wp-content\/uploads\/2020\/12\/santarcangelo.jpg\" alt=\"\" class=\"wp-image-481\" width=\"NaN\" height=\"NaN\" srcset=\"https:\/\/www.donegalhotel.com\/wp-content\/uploads\/2020\/12\/santarcangelo.jpg 200w, https:\/\/www.donegalhotel.com\/wp-content\/uploads\/2020\/12\/santarcangelo-150x150.jpg 150w\" sizes=\"(max-width: 200px) 100vw, 200px\" \/><\/figure><\/div>\n\n\n\n<h4 class=\"pb-4 wp-block-heading\">Santarcangelo der Romagna<\/h4>\n\n\n\n<p>Santarcangelo erhebt sich auf dem Gipfel des Monte Giove, direkt \u00fcber den gleichnamigen H\u00f6hlen. Die&nbsp;<strong>Weiler<\/strong>&nbsp;ist durchzogen von engen Gassen und Treppen, die nach oben f\u00fchren, \u00fcberragt von der&nbsp;<strong>Malatesta-Festung<\/strong>Wie sch\u00f6n, sich zwischen bl\u00fchenden Balkonen, Gassen und magischen Tuffsteinh\u00f6hlen zu verirren!<\/p>\n\n\n\n<p>Wenn Sie k\u00f6nnen, nehmen Sie die Tour von&nbsp;<strong>H\u00f6hlen<\/strong>deren Urspr\u00fcnge noch immer Gegenstand von R\u00e4tseln und Diskussionen sind: ein echtes Abenteuer f\u00fcr kleine und gro\u00dfe Entdecker.<\/p>\n\n\n\n<p><strong>20 Minuten mit dem Auto.<\/strong><\/p>\n\n\n\n<\/div>\n\n    <\/div>\n<\/div>\n\n<div class=\"wao-blocks-row row l--equal-h\" >\n    \n\n<div class=\"col-12 col-md-12 col-lg-6 p-4\"\n     \n\t \n\t>\n        \n\n<div class=\"p-4 border g--b-c-01 l--h-100\">\n\n\n\n<div class=\"wp-block-image img-fluid img-m-t-3\"><figure class=\"alignright size-large\"><img decoding=\"async\" src=\"https:\/\/www.donegalhotel.com\/wp-content\/uploads\/2020\/12\/gradara.jpg\" alt=\"\" class=\"wp-image-480\" width=\"NaN\" height=\"NaN\" srcset=\"https:\/\/www.donegalhotel.com\/wp-content\/uploads\/2020\/12\/gradara.jpg 200w, https:\/\/www.donegalhotel.com\/wp-content\/uploads\/2020\/12\/gradara-150x150.jpg 150w\" sizes=\"(max-width: 200px) 100vw, 200px\" \/><\/figure><\/div>\n\n\n\n<h4 class=\"pb-4 wp-block-heading\">Gradara<\/h4>\n\n\n\n<p>Das pr\u00e4chtige befestigte Dorf stellt eine der am besten erhaltenen mittelalterlichen Strukturen in Italien dar. Auf einem H\u00fcgel des&nbsp;<strong>Malatesta-Tal<\/strong>Im Laufe der Jahrhunderte war sie der Protagonist gro\u00dfer historischer und kultureller Ereignisse.&nbsp;<\/p>\n\n\n\n<p>Zu den bekanntesten geh\u00f6rt zweifellos die unruhige und leidenschaftliche Liebesgeschichte zwischen&nbsp;<strong>Paolo und Francesca<\/strong>&nbsp;erz\u00e4hlt von&nbsp;<strong>Dante Alighieri<\/strong>&nbsp;unter&nbsp;<strong>G\u00f6ttliche Kom\u00f6die<\/strong>.&nbsp;<strong>27 Minuten mit dem Auto<\/strong>.<\/p>\n\n\n\n<\/div>\n\n    <\/div>\n\n\n<div class=\"col-12 col-md-12 col-lg-6 p-4\"\n     \n\t \n\t>\n        \n\n<div class=\"p-4 border g--b-c-01 l--h-100\">\n\n\n\n<div class=\"wp-block-image img-fluid img-m-t-3\"><figure class=\"alignright size-large\"><img decoding=\"async\" src=\"https:\/\/www.donegalhotel.com\/wp-content\/uploads\/2020\/12\/ravenna.jpg\" alt=\"\" class=\"wp-image-482\" width=\"NaN\" height=\"NaN\" srcset=\"https:\/\/www.donegalhotel.com\/wp-content\/uploads\/2020\/12\/ravenna.jpg 200w, https:\/\/www.donegalhotel.com\/wp-content\/uploads\/2020\/12\/ravenna-150x150.jpg 150w\" sizes=\"(max-width: 200px) 100vw, 200px\" \/><\/figure><\/div>\n\n\n\n<h4 class=\"pb-4 wp-block-heading\">Ravenna<\/h4>\n\n\n\n<p>Die Stadt ist in der ganzen Welt bekannt f\u00fcr ihre&nbsp;<strong>Mosaiken und historische und k\u00fcnstlerische Sch\u00f6nheiten<\/strong>&nbsp;erkl\u00e4rt&nbsp;<strong>Unesco-Weltkulturerbe<\/strong>. Sieben ihrer acht Monumente, die zum Weltkulturerbe geh\u00f6ren, h\u00fcten eifers\u00fcchtig einen unvergleichlichen Schatz an kostbaren Mosaiksteinen, die mit ihren chromatischen und ikonographischen Kombinationen die k\u00fcnstlerische Pracht einer Stadt erz\u00e4hlen, die zwischen dem f\u00fcnften und sechsten Jahrhundert nach Christus eines der wichtigsten Zentren der bekannten Welt war. Dreimal Hauptstadt (des R\u00f6mischen Reiches, des Reiches der Ostgoten, des byzantinischen Exarchats), verbirgt Ravenna hinter der scheinbaren N\u00fcchternheit seiner Geb\u00e4ude einen unermesslichen Reichtum an Details und Geschichten, die es zu h\u00f6ren gibt.&nbsp;<strong>25 Minuten mit dem Auto<\/strong>.<\/p>\n\n\n\n<\/div>\n\n    <\/div>\n<\/div>\n\n<div class=\"wao-blocks-row row l--equal-h\" >\n    \n\n<div class=\"col-12 col-md-12 col-lg-6 p-4\"\n     \n\t \n\t>\n        \n\n<div class=\"p-4 border g--b-c-01 l--h-100\">\n\n\n\n<div class=\"wp-block-image img-fluid img-m-t-3\"><figure class=\"alignright size-large\"><img decoding=\"async\" src=\"https:\/\/www.donegalhotel.com\/wp-content\/uploads\/2020\/12\/bertinoro.jpg\" alt=\"\" class=\"wp-image-485\" width=\"NaN\" height=\"NaN\" srcset=\"https:\/\/www.donegalhotel.com\/wp-content\/uploads\/2020\/12\/bertinoro.jpg 200w, https:\/\/www.donegalhotel.com\/wp-content\/uploads\/2020\/12\/bertinoro-150x150.jpg 150w\" sizes=\"(max-width: 200px) 100vw, 200px\" \/><\/figure><\/div>\n\n\n\n<h4 class=\"pb-4 wp-block-heading\">Bertinoro<\/h4>\n\n\n\n<p>Typisches Beispiel f\u00fcr&nbsp;&nbsp;<strong>mittelalterliches Dorf<\/strong>&nbsp;gilt als der Balkon der Romagna.<\/p>\n\n\n\n<p>Reich an Geschichte und Legenden, ist es ber\u00fchmt f\u00fcr seine Weine, gastronomischen Traditionen, das Thermalbad Fratta und seine pr\u00e4chtigen Monumente.<\/p>\n\n\n\n<p><strong>35 Minuten mit dem Auto<\/strong>.<\/p>\n\n\n\n<\/div>\n\n    <\/div>\n\n\n<div class=\"col-12 col-md-12 col-lg-6 p-4\"\n     \n\t \n\t>\n        \n\n<div class=\"p-4 border g--b-c-01 l--h-100\">\n\n\n\n<div class=\"wp-block-image img-fluid img-m-t-3\"><figure class=\"alignright size-large\"><img decoding=\"async\" src=\"https:\/\/www.donegalhotel.com\/wp-content\/uploads\/2020\/12\/sanleo.jpg\" alt=\"\" class=\"wp-image-484\" width=\"NaN\" height=\"NaN\" srcset=\"https:\/\/www.donegalhotel.com\/wp-content\/uploads\/2020\/12\/sanleo.jpg 200w, https:\/\/www.donegalhotel.com\/wp-content\/uploads\/2020\/12\/sanleo-150x150.jpg 150w\" sizes=\"(max-width: 200px) 100vw, 200px\" \/><\/figure><\/div>\n\n\n\n<h4 class=\"pb-4 wp-block-heading\">Heiliger L\u00f6we<\/h4>\n\n\n\n<p>Sind Sie ein Liebhaber von&nbsp;&nbsp;<strong>Festungen und Schl\u00f6sser<\/strong>? Auf einer Klippe \u00fcber dem Tal gelegen, gibt es einen dieser Orte, an denen man am liebsten eine R\u00fcstung anziehen und die ganze Festung auf und ab marschieren m\u00f6chte. Und was ist mit dem&nbsp;&nbsp;<strong>Graf von Cagliostro<\/strong>ein geheimnisvoller Alchemist mit okkulten Kr\u00e4ften, der hier Ende des 18. Jahrhunderts gefangen gehalten wurde? San Leo ist Teil des Kreises der sch\u00f6nsten D\u00f6rfer Italiens und Orange Flagge des Touring Club, von hier aus k\u00f6nnen Sie das faszinierende Marecchia-Tal von oben zu sch\u00e4tzen wissen.<\/p>\n\n\n\n<\/div>\n\n    <\/div>\n<\/div>\n<\/section>\n\n<section class=\"wao-blocks-container container mb-0\"\n\t\t>\n    \n<div class=\"wao-blocks-row row py-0 my-0\" >\n    \n\n<div class=\"col-12 col-md-12 p-0\"\n     \n\t \n\t>\n        \n\n<div class=\"wp-block-image img-fluid\"><figure class=\"aligncenter size-large\"><img decoding=\"async\" width=\"534\" height=\"57\" src=\"https:\/\/www.donegalhotel.com\/wp-content\/uploads\/2020\/12\/freccia-down-azzurra.png\" alt=\"Kontakt Hotel Donegal Cesenatico\" class=\"wp-image-232\" srcset=\"https:\/\/www.donegalhotel.com\/wp-content\/uploads\/2020\/12\/freccia-down-azzurra.png 534w, https:\/\/www.donegalhotel.com\/wp-content\/uploads\/2020\/12\/freccia-down-azzurra-300x32.png 300w\" sizes=\"(max-width: 534px) 100vw, 534px\" \/><\/figure><\/div>\n\n    <\/div>\n<\/div>\n\n<div class=\"wao-blocks-row row\" >\n    \n\n<div class=\"col-12 col-md-12\"\n     \n\t \n\t>\n        \n<img decoding=\"async\" src=\"https:\/\/www.donegalhotel.com\/wp-content\/uploads\/2020\/12\/freccia-sx.png\" class=\"position-absolute l--right l--top js--hideme d-none d-md-block\" style=\"margin-top:-30px;\" data-anim=\"fadeInRight\">\n\n\n<p class=\"has-text-align-center h2\"><br>Kontaktieren Sie uns f\u00fcr Ihr Angebot <br>Ma\u00dfgeschneidert<br>und ohne Verpflichtung<\/p>\n\n\n<div class=\"p-3 g--bkg-light-01 mx-auto my-4\" >\n\n\n<div class=\"merida_root\" id=\"merida_block\"><\/div>\n\n<script>\nvar merida_config_merida_block = {\n    customerId: 552 ,\n    showSuccessModal : true,\n    rootEl: \"merida_block\",\n    childrenAgeMax: 16,\n    childrenAgeMin: 0,\n    layout: \"default\",\n    language: \"de\",\n                theme : {\n        colors: {\n            primary: '#e88700',\n            primaryTextAlt: '#ffffff',\n            secondary: '#6ab9c6',\n            secondaryTextAlt: '#ffffff',\n            text: '#3e464c',\n            error: '#cc0033',\n            formBackground: '#ffffff',\n            label: '#4d4d4d',\n            labelInput: '#cccccc',\n            labelInputActive: '#7ebd6d',\n            inputBackground: '#eeeeee',\n            inputBorder: '#eeeeee',\n            checkboxBorder: '#eeeeee',\n        }\n    },\n    onSuccess : function(res) {\n        \n                        if (typeof(ga) !== 'undefined') {\n                   ga('send', 'event', 'Email', 'Invio', 'Form');\n                }\n                    }\n};\n\n(function(url, cb) {\n    var s = document.createElement(\"script\");\n    s.type = \"text\/javascript\";\n\n    if (s.readyState) { \/\/IE\n        s.onreadystatechange = function() {\n            if (s.readyState == \"loaded\" || s.readyState == \"complete\") {\n                s.onreadystatechange = null;\n                cb();\n            }\n        };\n    } else { \/\/Others\n        s.onload = function() {\n            cb();\n        };\n    }\n\n    s.src = url;\n    document.getElementsByTagName(\"head\")[0].appendChild(s);\n})(\"https:\/\/static.adriasonline.it\/merida\/latest\/merida.js\", function() {\n    window.aoForm = merida(merida_config_merida_block);\n});\n<\/script>\n\n\n<!--iframe src=\"https:\/\/booking.passepartout.cloud\/booking\/formv1?oidPortale=14205&lingua=it\" frameborder=\"0\" width=\"100%\" height=\"800\"><\/iframe-->\n<\/div>\n    <\/div>\n<\/div>\n<\/section>","protected":false},"excerpt":{"rendered":"","protected":false},"author":1,"featured_media":0,"parent":0,"menu_order":0,"comment_status":"closed","ping_status":"closed","template":"","meta":{"footnotes":""},"class_list":["post-457","page","type-page","status-publish","hentry"],"_links":{"self":[{"href":"https:\/\/www.donegalhotel.com\/de\/wp-json\/wp\/v2\/pages\/457","targetHints":{"allow":["GET"]}}],"collection":[{"href":"https:\/\/www.donegalhotel.com\/de\/wp-json\/wp\/v2\/pages"}],"about":[{"href":"https:\/\/www.donegalhotel.com\/de\/wp-json\/wp\/v2\/types\/page"}],"author":[{"embeddable":true,"href":"https:\/\/www.donegalhotel.com\/de\/wp-json\/wp\/v2\/users\/1"}],"replies":[{"embeddable":true,"href":"https:\/\/www.donegalhotel.com\/de\/wp-json\/wp\/v2\/comments?post=457"}],"version-history":[{"count":8,"href":"https:\/\/www.donegalhotel.com\/de\/wp-json\/wp\/v2\/pages\/457\/revisions"}],"predecessor-version":[{"id":2159,"href":"https:\/\/www.donegalhotel.com\/de\/wp-json\/wp\/v2\/pages\/457\/revisions\/2159"}],"wp:attachment":[{"href":"https:\/\/www.donegalhotel.com\/de\/wp-json\/wp\/v2\/media?parent=457"}],"curies":[{"name":"wp","href":"https:\/\/api.w.org\/{rel}","templated":true}]}}