{"id":1111,"date":"2020-12-15T13:46:53","date_gmt":"2020-12-15T12:46:53","guid":{"rendered":"http:\/\/www.donegalhotel.com\/?page_id=1111"},"modified":"2023-01-24T12:25:34","modified_gmt":"2023-01-24T11:25:34","slug":"storia","status":"publish","type":"page","link":"https:\/\/www.donegalhotel.com\/fr\/storia\/","title":{"rendered":"Histoire"},"content":{"rendered":"<section class=\"container-fluid js--lazy-load wao-blocks-gallery-slider-flickity gallery-flickity-78325\" >\n    <article class=\"row\">\n        <div class=\"col-sm-12 p-0 position-relative\">\n            <section class=\"container-fluid js--lazy-load\">\n                <article class=\"row\">\n                    <div class=\"col-sm-12 p-0 position-relative\">\n                        <div class=\"js--flickity l--vh-75-md\" data-cellalign=\"left\" data-bglazyload=\"1\" data-freescroll=\"true\" data-wraparound=\"true\" data-autoplay=\"4000\" data-pauseautoplayonhover =\"true\" data-prevnextbuttons=\"false\" data-contain=\"true\" data-pagedots=\"false\" data-draggable=\"true\" data-groupcells=\"110%\" data-fade=\"false\">\n                                                            <div>\n                                    <div style=\"background: url('https:\/\/www.donegalhotel.com\/wp-content\/uploads\/2020\/12\/top-storia.jpg') center center \/ cover no-repeat rgb(250, 250, 250); display: block; width: 100vw;\" class=\"l--vh-75-md\"><\/div>\n                                <\/div>\n                                                            <div>\n                                    <div style=\"background: url('https:\/\/www.donegalhotel.com\/wp-content\/uploads\/2020\/12\/top-storia-001.jpg') center center \/ cover no-repeat rgb(250, 250, 250); display: block; width: 100vw;\" class=\"l--vh-75-md\"><\/div>\n                                <\/div>\n                            \n                        <\/div>\n                        <div class=\"position-absolute l--top l--bottom mx-auto l--align-middle-vertical\">\n                            <div class=\"text-over-slider h1 text-quaternary text-center animated zoomIn\" data-anim=\"zoomIn\" data-cof=\"true\" data-cof-rule=\"font-size, 2rem, 2.5rem, 2.5rem, 3rem, 3rem\">\n                                                            <\/div>\n                                                            <div class=\"position-absolute sf-onda l--bottom\" style=\"background: \" data-cof=\"true\" data-cof-rule=\"font-size, 2rem, 2.5rem, 2.5rem, 3rem, 3rem\">\n                                                                                                        <\/div>\n                                                    <\/div>\n                    <\/div>\n                <\/article>\n            <\/section>\n        <\/div>\n    <\/article>\n<\/section>\n\n<section class=\"wao-blocks-container container-fluid mb-0 sf-pattern\"\n\t\t>\n    \n<div class=\"wao-blocks-row row\" >\n    \n\n<div class=\"col-12 col-md-12 p-4 text-center\"\n     \n\t \n\t>\n        \n\n<div class=\"breadcrumb-block text-secondary\"\n    >\n    <div class=\"text-primary\">\n        <a href=\"https:\/\/www.donegalhotel.com\/fr\" rel=\"nofollow\" title=\"Accueil\">Accueil &gt;<\/a>\n        Histoire    <\/div>\n<\/div>\n    <\/div>\n<\/div>\n\n<div class=\"wao-blocks-row row\" >\n    \n\n<div class=\"col-12 col-md-12 col-lg-6 order-lg-1 order-2\"\n     \n\t \n\tdata-cof=\"true\"\n    data-cof-rule=\"padding, 2rem, 2rem, 1rem 3rem 3rem 3rem, 1rem 3rem 3rem 3rem, 1rem 3rem 3rem 3rem\" >\n        \n\n<div class=\"wao-blocks-immagine-src fadeInLeft js--hideme\" \n    data-anim='fadeInLeft' >\n                    <img decoding=\"async\" src=\"https:\/\/www.donegalhotel.com\/wp-content\/uploads\/2020\/12\/freccia-dx.png\"  class=\"img-fluid\"  alt=\"\">\n    <\/div>\n\n\n<h3 class=\"has-text-align-right h1 text-primary py-4 wp-block-heading\">Il \u00e9tait une fois<\/h3>\n\n\n<div class=\"text-center\">\n                    <img decoding=\"async\" src=\"https:\/\/www.donegalhotel.com\/wp-content\/uploads\/2020\/12\/storia-1.jpg\" class=\"img-fluid\" alt=\"Histoire H\u00f4tel Donegal Cesenatico\">\n    <\/div>\n    <\/div>\n\n\n<div class=\"col-12 col-md-12 col-lg-6 order-lg-2 order-1\"\n     \n\t \n\tdata-cof=\"true\"\n    data-cof-rule=\"padding, 2rem, 2rem, 3rem, 3rem, 3rem\" >\n        \n\n<h1 class=\"pb-4 wp-block-heading\">Notre histoire<\/h1>\n\n\n\n<p>Il fut un temps o\u00f9, dans la boutique de Baldin,&nbsp;<strong>la fen\u00eatre donnant sur la cour \u00e9tait le r\u00e9frig\u00e9rateur<\/strong>.<\/p>\n\n\n\n<p>Le beurre, la ricotta, le stracchino, le poisson s\u00e9ch\u00e9 \u00e9taient conserv\u00e9s dans de petites bo\u00eetes en bois et des r\u00e9cipients en fer blanc sur le rebord de la fen\u00eatre, juste sous la fen\u00eatre de Luisina. La dame d'en haut, inconsciente (ou bien consciente...qui sait !) avait l'habitude de tout jeter par la fen\u00eatre ! Combien de querelles entre Olga et Luisina ont pu \u00eatre entendues dans les rues de cet ancien village !<\/p>\n\n\n\n<p><strong>Zvan \u00e9tait le vendeur de bonbons...<\/strong>&nbsp;et aux enfants, il a demand\u00e9 : \"<strong>* Elle sait comment \u00eatre un b\u00e9b\u00e9 *<\/strong>Les produits de la marque sont les suivants : le fascist\u00ecn (r\u00e9glisse noire gommeuse) ou le garibald\u00ecn (sucre blanc, rouge et vert) ?<\/p>\n\n\n\n<p>C'\u00e9tait aussi les ann\u00e9es des \"cartocci\" ; celles de Rina \u00e9taient sans pr\u00e9c\u00e9dent !&nbsp;<strong>Il a tout achet\u00e9 en gros<\/strong>et elle a pu, avec ses mains fines, cr\u00e9er de petits paquets ferm\u00e9s \u00e0 la perfection. Ceux en papier jaune \u00e9taient pour les p\u00e2tes, les biscuits, les bonbons ; ceux en papier sucr\u00e9 (avec sa couleur bleue typique) pour le sucre, le bicarbonate de soude, le sel ; tandis que le papier huil\u00e9 \u00e9tait excellent pour le thon, la confiture, le caf\u00e9, le fromage.<\/p>\n\n    <\/div>\n<\/div>\n<\/section>\n\n<section class=\"wao-blocks-container container-fluid mb-0 sf-pattern\"\n\t\t>\n    \n<div class=\"wao-blocks-row row\" >\n    \n\n<div class=\"col-12 col-md-12 col-lg-6\"\n     \n\t \n\tdata-cof=\"true\"\n    data-cof-rule=\"padding, 2rem, 2rem, 3rem, 3rem, 3rem\" >\n        \n\n<h3 class=\"h1 pb-4 wp-block-heading\">...et c'est ainsi que \u00e7a s'est pass\u00e9...<\/h3>\n\n\n\n<p>Les ann\u00e9es pass\u00e8rent et \"<strong>le buttega \u00e0 Bali<\/strong>\"\u00e9tait l'\u00e9l\u00e9ment de base o\u00f9 faire les courses. Il y avait ceux qui payaient imm\u00e9diatement, ceux qui reportaient de quelques semaines et ceux qui profitaient de l'\u00e9change : les paysannes apportaient des \u0153ufs frais, des poulets, des l\u00e9gumes et les femmes des p\u00eacheurs apportaient la prise du jour.<\/p>\n\n\n\n<p>Ensuite, il y a eu la nouvelle r\u00e9glementation sur le stockage des produits ;&nbsp;<strong>vous avez d\u00fb acheter des r\u00e9frig\u00e9rateurs<\/strong>&nbsp;mais le magasin \u00e9tait petit et, en outre, la concurrence des nouveaux points de vente dans la campagne de Cesenatico faisait qu'il y avait peu d'espoir.&nbsp;<strong>Mais Olga a \u00e9t\u00e9 courageuse !<\/strong>&nbsp;Tous ensemble, ils avaient d\u00e9j\u00e0 r\u00e9ussi \u00e0 \u00e9conomiser un peu d'argent, et elle s'est mise \u00e0 r\u00e9aliser son r\u00eave :&nbsp;<strong>cuisiner dans son propre h\u00f4tel !<\/strong><\/p>\n\n\n\n<p>C'est ainsi qu'un beau jour, son mari l'a inform\u00e9e de la vente d'une villa dans le quartier du Boschetto :<br>** \"Ohh Zvan, a la tul\u00e8m, c'sa dit ?\" **<br>\"Mo se, cun chi du boc ?!?!\"<br>\"I boc i \u00e8 !\"<\/p>\n\n\n\n<p>Elle avait r\u00e9ussi \u00e0 mettre de c\u00f4t\u00e9 l'argent manquant pour l'achat, \u00e0 leur insu ! Son mari et sa belle-s\u0153ur sont rest\u00e9s sans voix.<\/p>\n\n\n\n<p><em>En dialecte romagnol :<\/em><br>* \"Que veux-tu, mon b\u00e9b\u00e9 ?\"<br>** \"Ohh Giovanni, on l'ach\u00e8te ? Qu'en dites-vous ?<br>\"Ehh oui... avec ces deux billets ? !?!\"<br>\"L'argent est l\u00e0 !\"<\/p>\n\n    <\/div>\n\n\n<div class=\"col-12 col-md-12 col-lg-6\"\n     \n\t \n\tdata-cof=\"true\"\n    data-cof-rule=\"padding, 2rem, 2rem, 1rem 3rem 3rem 3rem, 1rem 3rem 3rem 3rem, 1rem 3rem 3rem 3rem\" >\n        \n\n<div class=\"wao-blocks-immagine-src text-right js--hideme\" \n    data-anim='fadeInRight' >\n                    <img decoding=\"async\" src=\"https:\/\/www.donegalhotel.com\/wp-content\/uploads\/2020\/12\/freccia-sx.png\"  alt=\"\">\n    <\/div>\n\n\n<h3 class=\"h1 text-primary py-4 wp-block-heading\">L'histoire continue<\/h3>\n\n\n<div class=\"text-center\">\n                    <img decoding=\"async\" src=\"https:\/\/www.donegalhotel.com\/wp-content\/uploads\/2020\/12\/storia-2.jpg\" class=\"img-fluid\" alt=\"Histoire H\u00f4tel Donegal Cesenatico\">\n    <\/div>\n    <\/div>\n<\/div>\n<\/section>\n\n<section class=\"wao-blocks-container container mb-0\"\n\t\t>\n    \n<div class=\"wao-blocks-row row py-0 my-0\" >\n    \n\n<div class=\"col-12 col-md-12 p-0\"\n     \n\t \n\t>\n        \n\n<div class=\"wp-block-image img-fluid\"><figure class=\"aligncenter size-large\"><img decoding=\"async\" width=\"534\" height=\"57\" src=\"https:\/\/www.donegalhotel.com\/wp-content\/uploads\/2020\/12\/freccia-down-azzurra.png\" alt=\"Contact H\u00f4tel Donegal Cesenatico\" class=\"wp-image-232\" srcset=\"https:\/\/www.donegalhotel.com\/wp-content\/uploads\/2020\/12\/freccia-down-azzurra.png 534w, https:\/\/www.donegalhotel.com\/wp-content\/uploads\/2020\/12\/freccia-down-azzurra-300x32.png 300w\" sizes=\"(max-width: 534px) 100vw, 534px\" \/><\/figure><\/div>\n\n    <\/div>\n<\/div>\n\n<div class=\"wao-blocks-row row\" >\n    \n\n<div class=\"col-12 col-md-12\"\n     \n\t \n\t>\n        \n<img decoding=\"async\" src=\"https:\/\/www.donegalhotel.com\/wp-content\/uploads\/2020\/12\/freccia-sx.png\" class=\"position-absolute l--right l--top js--hideme d-none d-md-block\" style=\"margin-top:-30px;\" data-anim=\"fadeInRight\">\n\n\n<p class=\"has-text-align-center h2\"><br>Contactez nous pour votre devis <br>sur mesure<br>et sans obligation<\/p>\n\n\n<div class=\"p-3 g--bkg-light-01 mx-auto my-4\" >\n\n\n<div class=\"merida_root\" id=\"merida_block\"><\/div>\n\n<script>\nvar merida_config_merida_block = {\n    customerId: 552 ,\n    showSuccessModal : true,\n    rootEl: \"merida_block\",\n    childrenAgeMax: 16,\n    childrenAgeMin: 0,\n    layout: \"default\",\n    language: \"fr\",\n                theme : {\n        colors: {\n            primary: '#e88700',\n            primaryTextAlt: '#ffffff',\n            secondary: '#6ab9c6',\n            secondaryTextAlt: '#ffffff',\n            text: '#3e464c',\n            error: '#cc0033',\n            formBackground: '#ffffff',\n            label: '#4d4d4d',\n            labelInput: '#cccccc',\n            labelInputActive: '#7ebd6d',\n            inputBackground: '#eeeeee',\n            inputBorder: '#eeeeee',\n            checkboxBorder: '#eeeeee',\n        }\n    },\n    onSuccess : function(res) {\n        \n                        if (typeof(ga) !== 'undefined') {\n                   ga('send', 'event', 'Email', 'Invio', 'Form');\n                }\n                    }\n};\n\n(function(url, cb) {\n    var s = document.createElement(\"script\");\n    s.type = \"text\/javascript\";\n\n    if (s.readyState) { \/\/IE\n        s.onreadystatechange = function() {\n            if (s.readyState == \"loaded\" || s.readyState == \"complete\") {\n                s.onreadystatechange = null;\n                cb();\n            }\n        };\n    } else { \/\/Others\n        s.onload = function() {\n            cb();\n        };\n    }\n\n    s.src = url;\n    document.getElementsByTagName(\"head\")[0].appendChild(s);\n})(\"https:\/\/static.adriasonline.it\/merida\/latest\/merida.js\", function() {\n    window.aoForm = merida(merida_config_merida_block);\n});\n<\/script>\n\n\n<!--iframe src=\"https:\/\/booking.passepartout.cloud\/booking\/formv1?oidPortale=14205&lingua=it\" frameborder=\"0\" width=\"100%\" height=\"800\"><\/iframe-->\n<\/div>\n    <\/div>\n<\/div>\n<\/section>\n\n<section class=\"wao-blocks-container container-fluid mb-0 g--bkg-light-04\"\n\t\t>\n    \n<div class=\"wao-blocks-row row\" >\n    \n\n<div class=\"col-12 col-md-12 p-0\"\n     \n\t \n\t>\n        \n\n<div class=\"w-100 mx-auto sf-onda\"><\/div>\n\n    <\/div>\n<\/div>\n\n<div class=\"wao-blocks-row row g--bkg-dark-03 mb-0\" >\n    \n\n<div class=\"col-12 col-md-12 d-flex text-center justify-content-center pt-4 px-4\"\n     \n\t \n\t>\n        \n\n<div class=\"wp-block-image d-inline mx-1 img-fluid\"><figure class=\"aligncenter size-large\"><a href=\"https:\/\/www.tripadvisor.it\/Hotel_Review-g194732-d1519248-Reviews-Hotel_Donegal-Cesenatico_Province_of_Forli_Cesena_Emilia_Romagna.html\" title=\"Tripadvisor H\u00f4tel Donegal Cesenatico\" target=\"_blank\" rel=\"noopener noreferrer\"><img decoding=\"async\" src=\"https:\/\/www.donegalhotel.com\/wp-content\/uploads\/2020\/12\/ico-tripadvisor.png.webp\" alt=\"Tripadvisor H\u00f4tel Donegal Cesenatico\" class=\"wp-image-237\" width=\"NaN\" height=\"NaN\"><\/a><figcaption>Tripadvisor<\/figcaption><\/figure><\/div>\n\n\n\n<div class=\"wp-block-image d-inline mx-1 img-fluid\"><figure class=\"aligncenter size-large\"><a href=\"https:\/\/www.facebook.com\/hoteldonegal\/\" title=\"Facebook H\u00f4tel Donegal Cesenatico\" target=\"_blank\" rel=\"noopener noreferrer\"><img decoding=\"async\" src=\"https:\/\/www.donegalhotel.com\/wp-content\/uploads\/2020\/12\/ico-facebook.png.webp\" alt=\"Facebook H\u00f4tel Donegal Cesenatico\" class=\"wp-image-238\" width=\"NaN\" height=\"NaN\"><\/a><figcaption>Facebook<\/figcaption><\/figure><\/div>\n\n\n\n<div class=\"wp-block-image d-inline mx-1 img-fluid\"><figure class=\"aligncenter size-large\"><a href=\"https:\/\/www.instagram.com\/hoteldonegal\/\" title=\"Instagram H\u00f4tel Donegal Cesenatico\" target=\"_blank\" rel=\"noopener noreferrer\"><img decoding=\"async\" src=\"https:\/\/www.donegalhotel.com\/wp-content\/uploads\/2020\/12\/ico-instagram.png.webp\" alt=\"Instagram H\u00f4tel Donegal Cesenatico\" class=\"wp-image-239\" width=\"NaN\" height=\"NaN\"><\/a><figcaption>Instagram<\/figcaption><\/figure><\/div>\n\n    <\/div>\n<\/div>\n<\/section>","protected":false},"excerpt":{"rendered":"","protected":false},"author":1,"featured_media":0,"parent":0,"menu_order":0,"comment_status":"closed","ping_status":"closed","template":"","meta":{"footnotes":""},"class_list":["post-1111","page","type-page","status-publish","hentry"],"_links":{"self":[{"href":"https:\/\/www.donegalhotel.com\/fr\/wp-json\/wp\/v2\/pages\/1111","targetHints":{"allow":["GET"]}}],"collection":[{"href":"https:\/\/www.donegalhotel.com\/fr\/wp-json\/wp\/v2\/pages"}],"about":[{"href":"https:\/\/www.donegalhotel.com\/fr\/wp-json\/wp\/v2\/types\/page"}],"author":[{"embeddable":true,"href":"https:\/\/www.donegalhotel.com\/fr\/wp-json\/wp\/v2\/users\/1"}],"replies":[{"embeddable":true,"href":"https:\/\/www.donegalhotel.com\/fr\/wp-json\/wp\/v2\/comments?post=1111"}],"version-history":[{"count":7,"href":"https:\/\/www.donegalhotel.com\/fr\/wp-json\/wp\/v2\/pages\/1111\/revisions"}],"predecessor-version":[{"id":2174,"href":"https:\/\/www.donegalhotel.com\/fr\/wp-json\/wp\/v2\/pages\/1111\/revisions\/2174"}],"wp:attachment":[{"href":"https:\/\/www.donegalhotel.com\/fr\/wp-json\/wp\/v2\/media?parent=1111"}],"curies":[{"name":"wp","href":"https:\/\/api.w.org\/{rel}","templated":true}]}}