{"id":258,"date":"2020-12-04T14:12:48","date_gmt":"2020-12-04T13:12:48","guid":{"rendered":"http:\/\/www.donegalhotel.com\/?page_id=258"},"modified":"2021-02-11T11:07:08","modified_gmt":"2021-02-11T10:07:08","slug":"ecopesce","status":"publish","type":"page","link":"https:\/\/www.donegalhotel.com\/fr\/ecopesce\/","title":{"rendered":"Ecopesce"},"content":{"rendered":"<section class=\"container-fluid js--lazy-load wao-blocks-gallery-slider-flickity gallery-flickity-95250\" >\n    <article class=\"row\">\n        <div class=\"col-sm-12 p-0 position-relative\">\n            <section class=\"container-fluid js--lazy-load\">\n                <article class=\"row\">\n                    <div class=\"col-sm-12 p-0 position-relative\">\n                        <div class=\"js--flickity l--vh-75-md\" data-cellalign=\"left\" data-bglazyload=\"1\" data-freescroll=\"true\" data-wraparound=\"true\" data-autoplay=\"4000\" data-pauseautoplayonhover =\"true\" data-prevnextbuttons=\"false\" data-contain=\"true\" data-pagedots=\"false\" data-draggable=\"true\" data-groupcells=\"110%\" data-fade=\"false\">\n                                                            <div>\n                                    <div style=\"background: url('https:\/\/www.donegalhotel.com\/wp-content\/uploads\/2020\/12\/top-donegal-007.jpg') center center \/ cover no-repeat rgb(250, 250, 250); display: block; width: 100vw;\" class=\"l--vh-75-md\"><\/div>\n                                <\/div>\n                            \n                        <\/div>\n                        <div class=\"position-absolute l--top l--bottom mx-auto l--align-middle-vertical\">\n                            <div class=\"text-over-slider h1 text-quaternary text-center animated zoomIn\" data-anim=\"zoomIn\" data-cof=\"true\" data-cof-rule=\"font-size, 2rem, 2.5rem, 2.5rem, 3rem, 3rem\">\n                                                            <\/div>\n                                                            <div class=\"w-100 h-100 p-5 d-flex align-items-center justify-content-center\" style=\"background: rgba(0,0,0,0.1)\" data-cof=\"true\" data-cof-rule=\"font-size, 2rem, 2.5rem, 2.5rem, 3rem, 3rem\">\n                                    <div class=\"text-over-slider text-center\" ><div class=\"h1 text-white\">Les valeurs d'Ecopesce<\/div><div  class=\"h4 text-white\">sont aussi nos valeurs<\/div><\/div>                                                                    <\/div>\n                                                    <\/div>\n                    <\/div>\n                <\/article>\n            <\/section>\n        <\/div>\n    <\/article>\n<\/section>\n\n<section class=\"wao-blocks-container container-fluid mb-5 g--bkg-light-01\"\n\t\t>\n    \n<div class=\"wao-blocks-row row\" >\n    \n\n<div class=\"col-12 col-md-12 p-4 text-center\"\n     \n\t \n\t>\n        \n\n<div class=\"breadcrumb-block text-secondary\"\n    >\n    <div class=\"text-primary\">\n        <a href=\"https:\/\/www.donegalhotel.com\/fr\" rel=\"nofollow\" title=\"Accueil\">Accueil &gt;<\/a>\n        Ecopesce    <\/div>\n<\/div>\n    <\/div>\n<\/div>\n\n<div class=\"wao-blocks-row row\" >\n    \n\n<div class=\"col-12 col-md-12 p-4\"\n     \n\t \n\t>\n        \n\n<div class=\"mx-auto\" style=\"max-width:750px;\">\n\n\n\n<h1 class=\"has-text-align-center pb-4 wp-block-heading\">Ecopesce<br>du bateau \u00e0 la table<\/h1>\n\n\n\n<p class=\"has-text-align-center\">Chaque jour, dans la cuisine du Donegal, les produits de l'Ecopsce arrivent.<br>Le chef Giulio et Doriana, alliant la tradition de la Romagne au professionnalisme et \u00e0 l'expertise des fruits de mer, transforment ce poisson simple et naturel, riche en valeurs nutritives, en plats savoureux et authentiques.<\/p>\n\n\n\n<\/div>\n\n    <\/div>\n<\/div>\n<\/section>\n\n<section class=\"wao-blocks-container container-fluid mb-0 g--bkg-light-04\"\n\t\t>\n    \n<div class=\"wao-blocks-row row\" >\n    \n\n<div class=\"col-12 col-md-12 col-lg-6 p-0\"\n     \n\t \n\t>\n        \n    <figure\n        class=\"wao-blocks-immagine-bkg\"\n        style=\"background: url('https:\/\/www.donegalhotel.com\/wp-content\/uploads\/2020\/12\/pescato.jpg') center center \/ cover no-repeat;\"\n        data-cof=\"true\" data-cof-rule=\"min-height, 346px, 346px, 400px, 400px, 400px\" >\n            <\/figure>\n\n    <\/div>\n\n\n<div class=\"col-12 col-md-12 col-lg-6 d-flex align-items-center\"\n     \n\t \n\tdata-cof=\"true\"\n    data-cof-rule=\"padding, 2rem, 2rem, 3rem, 3rem, 3rem\" >\n        \n\n<div class=\"\" >\n\n\n\n<h2 class=\"pb-4 wp-block-heading\">Le tr\u00e9sor de notre mer<\/h2>\n\n\n\n<p>Nous pr\u00e9f\u00e9rons le poisson local, \u00e9galement appel\u00e9 \"poisson oubli\u00e9\" car il est souvent \u00e9clips\u00e9 par les poissons d'\u00e9levage.<br>Le poisson bleu propos\u00e9 par Ecopesce est un aliment adapt\u00e9 aux adultes et aux enfants, excellent pour notre palais et pour la sant\u00e9 de notre corps, gr\u00e2ce \u00e0 sa haute valeur nutritionnelle et \u00e0 la concentration de sels min\u00e9raux, de vitamines et d'om\u00e9ga 3.<\/p>\n\n\n\n<\/div>\n\n    <\/div>\n<\/div>\n<\/section>\n\n<section class=\"wao-blocks-container container-fluid mb-0\"\n\t\t>\n    \n<div class=\"wao-blocks-row row\" data-cof=\"true\"\n    data-cof-rule=\"border, 0px solid #fff, 10px solid #fff, 50px solid #fff, 50px solid #fff, 50px solid #fff\" >\n    \n\n<div class=\"col-12 col-md-12 col-lg-6 g--bkg-dark-01 p-0 order-1\"\n     \n\t \n\t>\n        \n    <figure\n        class=\"wao-blocks-immagine-bkg\"\n        style=\"background: url('https:\/\/www.donegalhotel.com\/wp-content\/uploads\/2020\/12\/pesca-cesenatico.jpg') center center \/ cover no-repeat;\"\n        data-cof=\"true\" data-cof-rule=\"min-height, 346px, 346px, 346px, 100%, 100%\" >\n            <\/figure>\n\n    <\/div>\n\n\n<div class=\"col-12 col-md-12 col-lg-6 g--bkg-dark-01 order-2\"\n     \n\t \n\tdata-cof=\"true\"\n    data-cof-rule=\"padding, 2rem, 2rem, 3rem, 3rem, 3rem\" >\n        \n\n<h3 class=\"text-white pb-4 h2 wp-block-heading\">Des choix durables,<br>pour un avenir meilleur<\/h3>\n\n\n\n<p class=\"text-white\">Les prises sont s\u00e9lectionn\u00e9es parmi ceux qui pratiquent une p\u00eache artisanale \u00e0 impact environnemental r\u00e9duit, en respectant le rythme des saisons et les stocks de poissons.<\/p>\n\n\n\n<p class=\"text-white\">L'Adriatique est une mer g\u00e9n\u00e9reuse, et la cha\u00eene Ecopesce s'est engag\u00e9e \u00e0 sauvegarder cette pr\u00e9cieuse ressource et \u00e0 la respecter, en acceptant ce que la mer peut donner et en minimisant tout gaspillage.<\/p>\n\n    <\/div>\n\n\n<div class=\"col-12 col-md-12 col-lg-6 g--bkg-dark-01 order-lg-3 order-end\"\n     \n\t \n\tdata-cof=\"true\"\n    data-cof-rule=\"padding, 2rem, 2rem, 3rem, 3rem, 3rem\" >\n        \n\n<h3 class=\"text-white pb-4 h2 wp-block-heading\">Qualit\u00e9 et valeur<br>l'artisanat<\/h3>\n\n\n\n<p class=\"text-white\">Le poisson propos\u00e9 est un produit italien, \u00e0 z\u00e9ro km et trait\u00e9 le jour m\u00eame.<\/p>\n\n\n\n<p class=\"text-white\">La pr\u00e9servation est garantie par un traitement manuel minutieux combin\u00e9 \u00e0 de nouvelles technologies, qui permet de conserver la saveur et les propri\u00e9t\u00e9s nutritionnelles intactes pour un produit 100% abordable, naturel et s\u00fbr.<\/p>\n\n    <\/div>\n\n\n<div class=\"col-12 col-md-12 col-lg-6 p-0 d-none d-lg-block order-lg-end order-3 order-lg-end\"\n     \n\t \n\t>\n        \n    <figure\n        class=\"wao-blocks-immagine-bkg\"\n        style=\"background: url('https:\/\/www.donegalhotel.com\/wp-content\/uploads\/2020\/12\/pesca-cesenatico-2.jpg') center center \/ cover no-repeat;\"\n        data-cof=\"true\" data-cof-rule=\"min-height, 346px, 346px,346px, 100%, 100%\" >\n            <\/figure>\n\n\n\n<p><\/p>\n\n    <\/div>\n<\/div>\n<\/section>\n\n<section class=\"wao-blocks-container container-fluid mb-0 js--lazy-load\"\n\tstyle=\"background: url('https:\/\/www.donegalhotel.com\/wp-content\/uploads\/2020\/12\/piada-saraghina.jpg') center center \/ cover no-repeat rgba(0,0,0,0.2); display: block; background-blend-mode: multiply; \"\t>\n    \n<div class=\"wao-blocks-row row\" >\n    \n\n<div class=\"col-12 col-md-12\"\n     \n\t \n\t>\n        \n\n<div data-cof=\"true\" data-cof-rule=\"height, 400px, 400px, 500px, 760px, 760px\"><\/div>\n\n    <\/div>\n<\/div>\n<\/section>\n\n<section class=\"wao-blocks-container container mb-0\"\n\t\t>\n    \n<div class=\"wao-blocks-row row py-0 my-0\" >\n    \n\n<div class=\"col-12 col-md-12 p-0\"\n     \n\t \n\t>\n        \n\n<div class=\"wp-block-image img-fluid\"><figure class=\"aligncenter size-large\"><img decoding=\"async\" width=\"534\" height=\"57\" src=\"https:\/\/www.donegalhotel.com\/wp-content\/uploads\/2020\/12\/freccia-down-azzurra.png\" alt=\"Contact H\u00f4tel Donegal Cesenatico\" class=\"wp-image-232\" srcset=\"https:\/\/www.donegalhotel.com\/wp-content\/uploads\/2020\/12\/freccia-down-azzurra.png 534w, https:\/\/www.donegalhotel.com\/wp-content\/uploads\/2020\/12\/freccia-down-azzurra-300x32.png 300w\" sizes=\"(max-width: 534px) 100vw, 534px\" \/><\/figure><\/div>\n\n    <\/div>\n<\/div>\n\n<div class=\"wao-blocks-row row\" >\n    \n\n<div class=\"col-12 col-md-12\"\n     \n\t \n\t>\n        \n<img decoding=\"async\" src=\"https:\/\/www.donegalhotel.com\/wp-content\/uploads\/2020\/12\/freccia-sx.png\" class=\"position-absolute l--right l--top js--hideme d-none d-md-block\" style=\"margin-top:-30px;\" data-anim=\"fadeInRight\">\n\n\n<p class=\"has-text-align-center h2\"><br>Contactez nous pour votre devis <br>sur mesure<br>et sans obligation<\/p>\n\n\n<div class=\"p-3 g--bkg-light-01 mx-auto my-4\" >\n\n\n<div class=\"merida_root\" id=\"merida_block\"><\/div>\n\n<script>\nvar merida_config_merida_block = {\n    customerId: 552 ,\n    showSuccessModal : true,\n    rootEl: \"merida_block\",\n    childrenAgeMax: 16,\n    childrenAgeMin: 0,\n    layout: \"default\",\n    language: \"fr\",\n                theme : {\n        colors: {\n            primary: '#e88700',\n            primaryTextAlt: '#ffffff',\n            secondary: '#6ab9c6',\n            secondaryTextAlt: '#ffffff',\n            text: '#3e464c',\n            error: '#cc0033',\n            formBackground: '#ffffff',\n            label: '#4d4d4d',\n            labelInput: '#cccccc',\n            labelInputActive: '#7ebd6d',\n            inputBackground: '#eeeeee',\n            inputBorder: '#eeeeee',\n            checkboxBorder: '#eeeeee',\n        }\n    },\n    onSuccess : function(res) {\n        \n                        if (typeof(ga) !== 'undefined') {\n                   ga('send', 'event', 'Email', 'Invio', 'Form');\n                }\n                    }\n};\n\n(function(url, cb) {\n    var s = document.createElement(\"script\");\n    s.type = \"text\/javascript\";\n\n    if (s.readyState) { \/\/IE\n        s.onreadystatechange = function() {\n            if (s.readyState == \"loaded\" || s.readyState == \"complete\") {\n                s.onreadystatechange = null;\n                cb();\n            }\n        };\n    } else { \/\/Others\n        s.onload = function() {\n            cb();\n        };\n    }\n\n    s.src = url;\n    document.getElementsByTagName(\"head\")[0].appendChild(s);\n})(\"https:\/\/static.adriasonline.it\/merida\/latest\/merida.js\", function() {\n    window.aoForm = merida(merida_config_merida_block);\n});\n<\/script>\n\n\n<!--iframe src=\"https:\/\/booking.passepartout.cloud\/booking\/formv1?oidPortale=14205&lingua=it\" frameborder=\"0\" width=\"100%\" height=\"800\"><\/iframe-->\n<\/div>\n    <\/div>\n<\/div>\n<\/section>\n\n<section class=\"wao-blocks-container container-fluid mb-0 g--bkg-light-04\"\n\t\t>\n    \n<div class=\"wao-blocks-row row\" >\n    \n\n<div class=\"col-12 col-md-12 p-0\"\n     \n\t \n\t>\n        \n\n<div class=\"w-100 mx-auto sf-onda\"><\/div>\n\n    <\/div>\n<\/div>\n\n<div class=\"wao-blocks-row row g--bkg-dark-03 mb-0\" >\n    \n\n<div class=\"col-12 col-md-12 d-flex text-center justify-content-center pt-4 px-4\"\n     \n\t \n\t>\n        \n\n<div class=\"wp-block-image d-inline mx-1 img-fluid\"><figure class=\"aligncenter size-large\"><a href=\"https:\/\/www.tripadvisor.it\/Hotel_Review-g194732-d1519248-Reviews-Hotel_Donegal-Cesenatico_Province_of_Forli_Cesena_Emilia_Romagna.html\" title=\"Tripadvisor H\u00f4tel Donegal Cesenatico\" target=\"_blank\" rel=\"noopener noreferrer\"><img decoding=\"async\" src=\"https:\/\/www.donegalhotel.com\/wp-content\/uploads\/2020\/12\/ico-tripadvisor.png.webp\" alt=\"Tripadvisor H\u00f4tel Donegal Cesenatico\" class=\"wp-image-237\" width=\"NaN\" height=\"NaN\"><\/a><figcaption>Tripadvisor<\/figcaption><\/figure><\/div>\n\n\n\n<div class=\"wp-block-image d-inline mx-1 img-fluid\"><figure class=\"aligncenter size-large\"><a href=\"https:\/\/www.facebook.com\/hoteldonegal\/\" title=\"Facebook H\u00f4tel Donegal Cesenatico\" target=\"_blank\" rel=\"noopener noreferrer\"><img decoding=\"async\" src=\"https:\/\/www.donegalhotel.com\/wp-content\/uploads\/2020\/12\/ico-facebook.png.webp\" alt=\"Facebook H\u00f4tel Donegal Cesenatico\" class=\"wp-image-238\" width=\"NaN\" height=\"NaN\"><\/a><figcaption>Facebook<\/figcaption><\/figure><\/div>\n\n\n\n<div class=\"wp-block-image d-inline mx-1 img-fluid\"><figure class=\"aligncenter size-large\"><a href=\"https:\/\/www.instagram.com\/hoteldonegal\/\" title=\"Instagram H\u00f4tel Donegal Cesenatico\" target=\"_blank\" rel=\"noopener noreferrer\"><img decoding=\"async\" src=\"https:\/\/www.donegalhotel.com\/wp-content\/uploads\/2020\/12\/ico-instagram.png.webp\" alt=\"Instagram H\u00f4tel Donegal Cesenatico\" class=\"wp-image-239\" width=\"NaN\" height=\"NaN\"><\/a><figcaption>Instagram<\/figcaption><\/figure><\/div>\n\n    <\/div>\n<\/div>\n<\/section>","protected":false},"excerpt":{"rendered":"","protected":false},"author":1,"featured_media":0,"parent":0,"menu_order":0,"comment_status":"closed","ping_status":"closed","template":"","meta":{"footnotes":""},"class_list":["post-258","page","type-page","status-publish","hentry"],"_links":{"self":[{"href":"https:\/\/www.donegalhotel.com\/fr\/wp-json\/wp\/v2\/pages\/258","targetHints":{"allow":["GET"]}}],"collection":[{"href":"https:\/\/www.donegalhotel.com\/fr\/wp-json\/wp\/v2\/pages"}],"about":[{"href":"https:\/\/www.donegalhotel.com\/fr\/wp-json\/wp\/v2\/types\/page"}],"author":[{"embeddable":true,"href":"https:\/\/www.donegalhotel.com\/fr\/wp-json\/wp\/v2\/users\/1"}],"replies":[{"embeddable":true,"href":"https:\/\/www.donegalhotel.com\/fr\/wp-json\/wp\/v2\/comments?post=258"}],"version-history":[{"count":0,"href":"https:\/\/www.donegalhotel.com\/fr\/wp-json\/wp\/v2\/pages\/258\/revisions"}],"wp:attachment":[{"href":"https:\/\/www.donegalhotel.com\/fr\/wp-json\/wp\/v2\/media?parent=258"}],"curies":[{"name":"wp","href":"https:\/\/api.w.org\/{rel}","templated":true}]}}