{"id":404,"date":"2020-12-07T11:39:12","date_gmt":"2020-12-07T10:39:12","guid":{"rendered":"http:\/\/www.donegalhotel.com\/?page_id=404"},"modified":"2025-01-08T12:39:51","modified_gmt":"2025-01-08T11:39:51","slug":"faq","status":"publish","type":"page","link":"https:\/\/www.donegalhotel.com\/fr\/faq\/","title":{"rendered":"FAQ"},"content":{"rendered":"<section class=\"wao-blocks-container container-fluid mb-0 sf-pattern\"\n\t\t>\n    \n<div class=\"wao-blocks-row row\" >\n    \n\n<div class=\"col-12 col-md-12 p-4 text-center\"\n     \n\t \n\t>\n        \n\n<div class=\"breadcrumb-block text-secondary\"\n    >\n    <div class=\"text-primary\">\n        <a href=\"https:\/\/www.donegalhotel.com\/fr\" rel=\"nofollow\" title=\"Accueil\">Accueil &gt;<\/a>\n        FAQ    <\/div>\n<\/div>\n    <\/div>\n<\/div>\n\n<div class=\"wao-blocks-row row\" >\n    \n\n<div class=\"col-12 col-md-12 p-4\"\n     \n\t \n\t>\n        \n\n<h1 class=\"wp-block-heading has-text-align-center pb-4\">FAQ - Informations utiles pour vos vacances avec nous<\/h1>\n\n\n\n<p class=\"has-text-align-center\">Tant de choses \u00e0 penser avant un d\u00e9part et tant de doutes de derni\u00e8re minute !<br>Nous sommes toujours disponibles pour toute curiosit\u00e9 mais vous trouverez ici les questions qui nous sont le plus fr\u00e9quemment pos\u00e9es ! \ud83d\ude42<\/p>\n\n    <\/div>\n<\/div>\n\n<div class=\"wao-blocks-row row l--equal-h\" >\n    \n\n<div class=\"col-12 col-md-12 col-lg-6 p-4\"\n     \n\t \n\t>\n        \n<div class=\"p-4 border g--b-c-01 l--h-100\">\n\n\n<h4 class=\"wp-block-heading pb-4\">O\u00f9 puis-je garer ma voiture ?<\/h4>\n\n\n\n<p>L'entr\u00e9e du Donegal se trouve sur la Viale Manzoni, l'endroit id\u00e9al pour garer votre voiture gratuitement.<\/p>\n\n\n\n<p>Viale Alessandro Manzoni&nbsp;<a href=\"https:\/\/maps.app.goo.gl\/HPMQYEarvPxxYU8s5\" target=\"_blank\" rel=\"noreferrer noopener\">https:\/\/maps.app.goo.gl\/HPMQYEarvPxxYU8s5<\/a><\/p>\n\n\n\n<p>Lors des journ\u00e9es particuli\u00e8rement chaudes, j'invite les clients \u00e0 s'arr\u00eater devant le portail d'entr\u00e9e et \u00e0 d\u00e9charger leurs valises, puis je leur indique calmement le meilleur chemin vers la place de parking, qui est toujours gratuite. Sinon, il y a le garage couvert \u00e0 5 minutes \u00e0 pied, \u00e0 20 euros par jour, \u00e0 r\u00e9server longtemps \u00e0 l'avance. Les dimensions sont les suivantes Entr\u00e9e h. 185 Largeur 285<\/p>\n\n\n<\/div>\n    <\/div>\n\n\n<div class=\"col-12 col-md-12 col-lg-6 p-4\"\n     \n\t \n\t>\n        \n<div class=\"p-4 border g--b-c-01 l--h-100\">\n\n\n<h4 class=\"wp-block-heading pb-4\">Avez-vous des services pour les cyclistes ?<\/h4>\n\n\n\n<p>Oui, chaque ann\u00e9e en mai, le Donegal affiche complet avec les participants aux \u00e9v\u00e9nements.&nbsp;<strong>Neuf Collines<\/strong>les passionn\u00e9s qui viennent en vacances d'\u00e9t\u00e9 avec leur famille et&nbsp;<strong>la \"bicyclette bien-aim\u00e9e<\/strong>&nbsp;trouvez ici l'endroit id\u00e9al !<br>Parmi les services : petit d\u00e9jeuner renforc\u00e9 \u00e9galement \u00e0 des heures particuli\u00e8res (sur demande) salle\/atelier pour la consigne des v\u00e9los, compresseur d'air et \u00e9quipement de base.<\/p>\n\n\n<\/div>\n    <\/div>\n<\/div>\n\n<div class=\"wao-blocks-row row l--equal-h\" >\n    \n\n<div class=\"col-12 col-md-12 col-lg-6 p-4\"\n     \n\t \n\t>\n        \n<div class=\"p-4 border g--b-c-01 l--h-100\">\n\n\n<h4 class=\"wp-block-heading pb-4\">Disposez-vous d'un \u00e9tablissement de bains de r\u00e9f\u00e9rence ?<\/h4>\n\n\n\n<p>La plage se trouve \u00e0 4 minutes de marche de l'h\u00f4tel, le long de la large avenue Trento, fra\u00eeche et ombrag\u00e9e.&nbsp;<\/p>\n\n\n\n<p><strong>Bagno Conti 39<\/strong><br>est le plus proche, de l'autre c\u00f4t\u00e9 de la rue.&nbsp;<\/p>\n\n\n\n<p>Imm\u00e9diatement \u00e0 gauche, en direction du nord :&nbsp;<br><strong>Britannia Bath 41<\/strong>&nbsp;<\/p>\n\n\n\n<p>\u00c0 droite, en direction du sud :&nbsp;<br><strong>Salle de bains Jardin 36<br>Ambassade de Bath 35<br>Bagno Meridiano 34<br>Titanus 30 salle de bain<\/strong><\/p>\n\n\n\n<p>tous de Bagno Conti \u00e0 droite (direction sud)&nbsp;&nbsp;<strong>Vous pouvez choisir<\/strong> \ud83d\ude42<\/p>\n\n\n<\/div>\n\n\n<h4 class=\"wp-block-heading pb-4\"><\/h4>\n\n    <\/div>\n\n\n<div class=\"col-12 col-md-12 col-lg-6 p-4\"\n     \n\t \n\t>\n        \n<div class=\"p-4 border g--b-c-01 l--h-100\">\n\n\n<h4 class=\"wp-block-heading pb-4\">Conditions de r\u00e9servation et d'annulation<\/h4>\n\n\n\n<p>L'acompte pour confirmer la r\u00e9servation peut \u00eatre pay\u00e9 sous la forme que vous pr\u00e9f\u00e9rez : carte de cr\u00e9dit ou carte pr\u00e9pay\u00e9e ou par virement bancaire dans les 2 jours ouvrables \u00e0 compter de l'e-mail de confirmation de disponibilit\u00e9, apr\u00e8s un contr\u00f4le suppl\u00e9mentaire par l'\u00e9tablissement.<\/p>\n\n\n\n<p>Correspond \u00e0 30% du devis total ; toutefois, d'autres dispositions peuvent \u00eatre prises selon les besoins.<\/p>\n\n\n\n<p><strong>En cas d'annulation, pour une bonne raison, notre ligne de conduite a toujours \u00e9t\u00e9 :<\/strong><\/p>\n\n\n\n<ul class=\"wp-block-list\">\n<li>r\u00e9cup\u00e9rer le d\u00e9p\u00f4t au fil du temps<\/li>\n\n\n\n<li>consid\u00e8rent qu'il est facilement transf\u00e9rable (\u00e0 des amis, des parents ou des connaissances)<\/li>\n\n\n\n<li>pas de date d'expiration<\/li>\n<\/ul>\n\n\n\n<p><strong>Il est toujours valable<\/strong>&nbsp;\ud83d\ude42<\/p>\n\n\n<\/div>\n    <\/div>\n<\/div>\n\n<div class=\"wao-blocks-row row l--equal-h\" >\n    \n\n<div class=\"col-12 col-md-12 col-lg-6 p-4\"\n     \n\t \n\t>\n        \n<div class=\"p-4 border g--b-c-01 l--h-100\">\n\n\n<h4 class=\"wp-block-heading pb-4\">Acceptez-vous les animaux ?<\/h4>\n\n\n\n<p>Bien s\u00fbr, ils sont les bienvenus \ud83d\ude42 avec un petit suppl\u00e9ment. Il suffit de nous informer de la pr\u00e9sence de votre compagnon \u00e0 4 pattes lors de votre r\u00e9servation, pour obtenir le meilleur h\u00e9bergement.<\/p>\n\n\n\n<p>Vous pouvez choisir votre \u00e9tablissement pr\u00e9f\u00e9r\u00e9 parmi tous ceux qui se trouvent \u00e0 Cesenatico \ud83d\ude42 \ud83d\ude42 .<br>Dans l'h\u00f4tel, les espaces qui leur sont accessibles sont : la v\u00e9randa, le jardin sur le boulevard et les passages vers la chambre. <\/p>\n\n\n\n<p>Comme nous accueillons de nombreux enfants, y compris de tr\u00e8s jeunes enfants, nous recommandons, pour la s\u00e9r\u00e9nit\u00e9 de tous, de les tenir en laisse dans ces zones.<\/p>\n\n\n\n<p>Pr\u00e8s de Donegal, le<strong>&nbsp;Parc \"Grande Torino<\/strong>&nbsp;\u00e0 2 minutes de marche, il va adorer, et encore plus la&nbsp;<strong>\"Le parc du Levant<\/strong>&nbsp;avec une grande zone de marche aussi !<br>D\u00e9couvrir \u00e0 quel point c'est g\u00e9nial de courir librement, en compagnie de tant de nouveaux amis, c'est vraiment g\u00e9nial !<\/p>\n\n\n\n<p><\/p>\n\n\n\n<p><\/p>\n\n\n\n<p><\/p>\n\n\n\n<p><\/p>\n\n\n<\/div>\n    <\/div>\n\n\n<div class=\"col-12 col-md-12 col-lg-6 p-4\"\n     \n\t \n\t>\n        \n<div class=\"p-4 border g--b-c-01 l--h-100\">\n\n\n<h4 class=\"wp-block-heading pb-4\">Qu'y a-t-il \u00e0 voir pr\u00e8s de l'h\u00f4tel ?<\/h4>\n\n\n\n<p>Nous sommes dans le&nbsp;<strong>Centre touristique<\/strong>&nbsp;et le&nbsp;<strong>Plage<\/strong>&nbsp;est une marche de 4 minutes.<br>Une promenade de 12 minutes \u00e0 pied ou de 4 minutes \u00e0 v\u00e9lo d\u00e9marre le&nbsp;<strong>Le port du canal de L\u00e9onard<\/strong>&nbsp;et le&nbsp;<strong>Centre historique&nbsp;<\/strong>avec le <strong>Villages anciens<\/strong>. Voici le&nbsp;<strong>Mus\u00e9e maritime<\/strong>Dans le cas de l'eau et de la terre, la&nbsp;<strong>Maison de Marino Moretti<\/strong>Moi&nbsp;<strong>Espace Pantani<\/strong>l&nbsp;<strong>vieux march\u00e9 aux poissons<\/strong>l&nbsp;<strong>Piazzetta des anciennes r\u00e9serves<\/strong>&nbsp;du poisson.<br>20 minutes \u00e0 pied ou 6 minutes \u00e0 v\u00e9lo : le&nbsp;<strong>Quai Est<\/strong>&nbsp;avec les cabanes de p\u00eache et les clubs typiques pour vos soir\u00e9es. Avec le petit ferry, vous pouvez vous rendre \u00e0&nbsp;<strong>Ponente avec Piazza Spose dei Marinai<\/strong>&nbsp;sur la plage.<br><strong>Le parc de Levante<\/strong>&nbsp;est de 18 minutes \u00e0 pied ou 3 minutes \u00e0 v\u00e9lo. Beaucoup de verdure \u00e0 d\u00e9couvrir : canards, oies, poules color\u00e9es, lapins et, dans l'\u00e9tang, de grosses carpes et tortues.<br>Pour le plaisir des adultes et des enfants, ne manquez pas le&nbsp;<strong>les c\u00e9l\u00e8bres parcs d'attractions de la Riviera<\/strong>. Voici quelques exemples pratiques&nbsp;<strong>Itin\u00e9raire sur Google Maps<\/strong>&nbsp;afin de les atteindre :<br><strong>AU NORD<\/strong><br> - Parc aquatique Atlantica \u00e0 3,4 km en 7 minutes (en voiture).<br> - Riserva Naturale Saline di Cervia : 10 km en 13 minutes.<br> - Maison des papillons 13,8 km en 17 minutes.<br> - Mirabilandia 20,6 km en 23 minutes.<br> - Zoo Safari Ravenna 21,2 km en 23 minutes.<br><strong>SOUTHWARD<\/strong><br> - Italia in Miniatura 15,8 km en 16 minutes.<br> - Fiabilandia 27,9 km en 30 minutes.<br> - Outre-mer 36,2 km en 28 minutes.<br> - Aquafan 36,3 km en 29 minutes.<br> - Aquarium de Cattolica 47,2 km en 40 minutes.<br><strong>INT\u00c9RIEUR<\/strong><br> - Parc d'aventure Skypark 60,9 km en 1 heure 3 minutes.<\/p>\n\n\n<\/div>\n    <\/div>\n<\/div>\n\n<div class=\"wao-blocks-row row l--equal-h\" >\n    \n\n<div class=\"col-12 col-md-12 col-lg-6 p-4\"\n     \n\t \n\t>\n        \n<div class=\"p-4 border g--b-c-01 l--h-100\">\n\n\n<h4 class=\"wp-block-heading pb-4\">\u00c0 quelle heure les chambres sont-elles disponibles le jour de l'arriv\u00e9e ?<\/h4>\n\n\n\n<p>La chambre est disponible \u00e0 partir de 12 heures le jour de l'arriv\u00e9e et est lib\u00e9r\u00e9e avant 10 heures le jour du d\u00e9part indiqu\u00e9 dans la r\u00e9servation.<br><strong>Vous souhaitez arriver t\u00f4t et profiter de votre premi\u00e8re journ\u00e9e \u00e0 la plage ?<\/strong><br>Vous pouvez le faire ! D\u00e8s 7 heures du matin, Sabrina vous accueille \u00e0 l'h\u00f4tel.<br>Ses conseils. Pr\u00e9parez votre sac de plage (valises et autres bagages que vous pouvez laisser \u00e0 la r\u00e9ception ou dans la voiture) afin de pouvoir vous changer dans les deux salles de bain adjacentes \u00e0 la piscine.<br>Lorsque vous revenez de la plage, votre chambre propre et fra\u00eeche est pr\u00eate \u00e0 vous accueillir !<\/p>\n\n\n<\/div>\n    <\/div>\n\n\n<div class=\"col-12 col-md-12 col-lg-6 p-4\"\n     \n\t \n\t>\n        \n<div class=\"p-4 border g--b-c-01 l--h-100\">\n\n\n<h4 class=\"wp-block-heading pb-4\">Proposez-vous des menus alternatifs ?<\/h4>\n\n\n\n<p><strong>Nos propositions quotidiennes sont tr\u00e8s vari\u00e9es<\/strong>Riche \u00e9galement en pr\u00e9parations \u00e0 base de l\u00e9gumes et de l\u00e9gumineuses. Vous aimez suivre le r\u00e9gime&nbsp;<strong>v\u00e9g\u00e9tarien ou v\u00e9g\u00e9talien<\/strong>?<br>Au moment de la r\u00e9servation, veuillez indiquer votre pr\u00e9f\u00e9rence ; chaque jour, nous faisons de notre mieux pour satisfaire tous les besoins.<br>En cas de l\u00e9g\u00e8re sensibilit\u00e9 \u00e0&nbsp;<strong>gluten&nbsp;<\/strong>(maladie coeliaque non certifi\u00e9e pour laquelle nous recommandons une installation certifi\u00e9e) apportez vos propres produits (p\u00e2tes, biscottes, biscuits, etc.). Si n\u00e9cessaire, ils seront conserv\u00e9s au r\u00e9frig\u00e9rateur dans le conteneur qui vous est r\u00e9serv\u00e9.<br>Chaque jour, avec mes fr\u00e8res dans la salle \u00e0 manger, vous choisirez les plats appropri\u00e9s dans le menu.<\/p>\n\n\n<\/div>\n    <\/div>\n<\/div>\n\n<div class=\"wao-blocks-row row l--equal-h\" >\n    \n\n<div class=\"col-12 col-md-12 col-lg-6 p-4\"\n     \n\t \n\t>\n        \n<div class=\"p-4 border g--b-c-01 l--h-100\">\n\n\n<h4 class=\"wp-block-heading pb-4\">Et si je dois partir plus t\u00f4t ?<br>Les repas non pris sont-ils rembours\u00e9s ?<\/h4>\n\n\n\n<p>En cas de d\u00e9part anticip\u00e9, nous exigeons le paiement&nbsp;<strong>3 nuit\u00e9es<\/strong>.<br>Les repas non pris (et non r\u00e9serv\u00e9s) sont exclus de la facture d'h\u00f4tel.<\/p>\n\n\n<\/div>\n    <\/div>\n\n\n<div class=\"col-12 col-md-12 col-lg-6 p-4\"\n     \n\t \n\t>\n        \n<div class=\"p-4 border g--b-c-01 l--h-100\">\n\n\n<h4 class=\"wp-block-heading pb-4\">Quelle est la taille de la piscine ? Est-il chauff\u00e9 ?<\/h4>\n\n\n\n<p>La piscine <strong>a une profondeur de 80 \u00e0 140 centim\u00e8tres<\/strong>de forme irr\u00e9guli\u00e8re, de 6 m\u00e8tres sur 12.<br>Orient\u00e9e au sud-ouest, elle est en position abrit\u00e9e, r\u00e9chauff\u00e9e par le soleil.<br>Des cours de natation peuvent \u00eatre organis\u00e9s sur demande.<\/p>\n\n\n<\/div>\n    <\/div>\n<\/div>\n\n<div class=\"wao-blocks-row row l--equal-h\" >\n    \n\n<div class=\"col-12 col-md-12 col-lg-6 p-4\"\n     \n\t \n\t>\n        \n<div class=\"p-4 border g--b-c-01 l--h-100\">\n\n\n<h4 class=\"wp-block-heading pb-4\">Est-ce que je perds mon d\u00e9p\u00f4t si j'annule ?<\/h4>\n\n\n\n<p><strong>Conditions de r\u00e9servation et d'annulation<\/strong><\/p>\n\n\n\n<ul class=\"wp-block-list\">\n<li>L'acompte pour confirmer la r\u00e9servation peut \u00eatre pay\u00e9 sous la forme que vous pr\u00e9f\u00e9rez (virement bancaire ou mandat postal) dans les 3 jours ouvrables \u00e0 compter de la confirmation par e-mail - disponibilit\u00e9 apr\u00e8s une nouvelle v\u00e9rification par la structure. Il correspond \u00e0 30% du devis total ; toutefois, nous pouvons en convenir autrement, en fonction de vos besoins.<\/li>\n<\/ul>\n\n\n\n<p><strong>En cas d'annulation, pour une bonne raison, notre ligne de conduite a toujours \u00e9t\u00e9 :<\/strong><\/p>\n\n\n\n<ul class=\"wp-block-list\">\n<li>r\u00e9cup\u00e9rer le d\u00e9p\u00f4t au fil du temps<\/li>\n\n\n\n<li>consid\u00e8rent qu'il est facilement transf\u00e9rable (\u00e0 des amis, des parents ou des connaissances)<\/li>\n\n\n\n<li>pas de date d'expiration<\/li>\n<\/ul>\n\n\n\n<p><strong>C'est toujours valable !<\/strong>&nbsp;\ud83d\ude42<\/p>\n\n\n<\/div>\n    <\/div>\n\n\n<div class=\"col-12 col-md-12 col-lg-6 p-4\"\n     \n\t \n\t>\n        \n<div class=\"p-4 border g--b-c-01 l--h-100\">\n\n\n<h4 class=\"wp-block-heading pb-4\">Taxe de s\u00e9jour<\/h4>\n\n\n\n<p>Commune de Cesenatico : 2 euros par jour et par adulte \u00e0 partir de 14 ans pour une dur\u00e9e maximale de 7 jours.<\/p>\n\n\n\n<h4 class=\"wp-block-heading pb-4\">Y a-t-il un r\u00e9frig\u00e9rateur dans la chambre ?<\/h4>\n\n\n\n<p>Un r\u00e9frig\u00e9rateur est disponible dans les chambres moyennant un petit suppl\u00e9ment.<br>Toutefois, nous offrons la possibilit\u00e9 d'utiliser gratuitement le bar des h\u00f4tes. Vous pouvez y acc\u00e9der confortablement pour obtenir du lait sp\u00e9cial, des produits sp\u00e9ciaux et d'\u00e9ventuels m\u00e9dicaments.<br>Notre gardien de but Bobo est toujours disponible pour vous !<\/p>\n\n\n\n<h4 class=\"wp-block-heading pb-4\">Y a-t-il des chambres avec balcon ?<\/h4>\n\n\n\n<p>Le Donegal dispose de 33 chambres, dont 19 avec balcon. Ces chambres peuvent \u00eatre r\u00e9serv\u00e9es en les demandant longtemps \u00e0 l'avance et moyennant un petit suppl\u00e9ment.<\/p>\n\n\n<\/div>\n    <\/div>\n<\/div>\n<\/section>\n\n<section class=\"wao-blocks-container container mb-0\"\n\t\t>\n    \n<div class=\"wao-blocks-row row py-0 my-0\" >\n    \n\n<div class=\"col-12 col-md-12 p-0\"\n     \n\t \n\t>\n        \n\n<div class=\"wp-block-image img-fluid\"><figure class=\"aligncenter size-large\"><img decoding=\"async\" width=\"534\" height=\"57\" src=\"https:\/\/www.donegalhotel.com\/wp-content\/uploads\/2020\/12\/freccia-down-azzurra.png\" alt=\"Contact H\u00f4tel Donegal Cesenatico\" class=\"wp-image-232\" srcset=\"https:\/\/www.donegalhotel.com\/wp-content\/uploads\/2020\/12\/freccia-down-azzurra.png 534w, https:\/\/www.donegalhotel.com\/wp-content\/uploads\/2020\/12\/freccia-down-azzurra-300x32.png 300w\" sizes=\"(max-width: 534px) 100vw, 534px\" \/><\/figure><\/div>\n\n    <\/div>\n<\/div>\n\n<div class=\"wao-blocks-row row\" >\n    \n\n<div class=\"col-12 col-md-12\"\n     \n\t \n\t>\n        \n<img decoding=\"async\" src=\"https:\/\/www.donegalhotel.com\/wp-content\/uploads\/2020\/12\/freccia-sx.png\" class=\"position-absolute l--right l--top js--hideme d-none d-md-block\" style=\"margin-top:-30px;\" data-anim=\"fadeInRight\">\n\n\n<p class=\"has-text-align-center h2\"><br>Contactez nous pour votre devis <br>sur mesure<br>et sans obligation<\/p>\n\n\n<div class=\"p-3 g--bkg-light-01 mx-auto my-4\" >\n\n\n<div class=\"merida_root\" id=\"merida_block\"><\/div>\n\n<script>\nvar merida_config_merida_block = {\n    customerId: 552 ,\n    showSuccessModal : true,\n    rootEl: \"merida_block\",\n    childrenAgeMax: 16,\n    childrenAgeMin: 0,\n    layout: \"default\",\n    language: \"fr\",\n                theme : {\n        colors: {\n            primary: '#e88700',\n            primaryTextAlt: '#ffffff',\n            secondary: '#6ab9c6',\n            secondaryTextAlt: '#ffffff',\n            text: '#3e464c',\n            error: '#cc0033',\n            formBackground: '#ffffff',\n            label: '#4d4d4d',\n            labelInput: '#cccccc',\n            labelInputActive: '#7ebd6d',\n            inputBackground: '#eeeeee',\n            inputBorder: '#eeeeee',\n            checkboxBorder: '#eeeeee',\n        }\n    },\n    onSuccess : function(res) {\n        \n                        if (typeof(ga) !== 'undefined') {\n                   ga('send', 'event', 'Email', 'Invio', 'Form');\n                }\n                    }\n};\n\n(function(url, cb) {\n    var s = document.createElement(\"script\");\n    s.type = \"text\/javascript\";\n\n    if (s.readyState) { \/\/IE\n        s.onreadystatechange = function() {\n            if (s.readyState == \"loaded\" || s.readyState == \"complete\") {\n                s.onreadystatechange = null;\n                cb();\n            }\n        };\n    } else { \/\/Others\n        s.onload = function() {\n            cb();\n        };\n    }\n\n    s.src = url;\n    document.getElementsByTagName(\"head\")[0].appendChild(s);\n})(\"https:\/\/static.adriasonline.it\/merida\/latest\/merida.js\", function() {\n    window.aoForm = merida(merida_config_merida_block);\n});\n<\/script>\n\n\n<!--iframe src=\"https:\/\/booking.passepartout.cloud\/booking\/formv1?oidPortale=14205&lingua=it\" frameborder=\"0\" width=\"100%\" height=\"800\"><\/iframe-->\n<\/div>\n    <\/div>\n<\/div>\n<\/section>","protected":false},"excerpt":{"rendered":"","protected":false},"author":1,"featured_media":0,"parent":0,"menu_order":0,"comment_status":"closed","ping_status":"closed","template":"","meta":{"footnotes":""},"class_list":["post-404","page","type-page","status-publish","hentry"],"_links":{"self":[{"href":"https:\/\/www.donegalhotel.com\/fr\/wp-json\/wp\/v2\/pages\/404","targetHints":{"allow":["GET"]}}],"collection":[{"href":"https:\/\/www.donegalhotel.com\/fr\/wp-json\/wp\/v2\/pages"}],"about":[{"href":"https:\/\/www.donegalhotel.com\/fr\/wp-json\/wp\/v2\/types\/page"}],"author":[{"embeddable":true,"href":"https:\/\/www.donegalhotel.com\/fr\/wp-json\/wp\/v2\/users\/1"}],"replies":[{"embeddable":true,"href":"https:\/\/www.donegalhotel.com\/fr\/wp-json\/wp\/v2\/comments?post=404"}],"version-history":[{"count":28,"href":"https:\/\/www.donegalhotel.com\/fr\/wp-json\/wp\/v2\/pages\/404\/revisions"}],"predecessor-version":[{"id":2391,"href":"https:\/\/www.donegalhotel.com\/fr\/wp-json\/wp\/v2\/pages\/404\/revisions\/2391"}],"wp:attachment":[{"href":"https:\/\/www.donegalhotel.com\/fr\/wp-json\/wp\/v2\/media?parent=404"}],"curies":[{"name":"wp","href":"https:\/\/api.w.org\/{rel}","templated":true}]}}