{"id":428,"date":"2020-12-07T12:08:03","date_gmt":"2020-12-07T11:08:03","guid":{"rendered":"http:\/\/www.donegalhotel.com\/?page_id=428"},"modified":"2024-07-25T16:19:33","modified_gmt":"2024-07-25T14:19:33","slug":"listino","status":"publish","type":"page","link":"https:\/\/www.donegalhotel.com\/fr\/listino\/","title":{"rendered":"Traitements"},"content":{"rendered":"<section class=\"wao-blocks-container container-fluid mb-0 sf-pattern\"\n\t\t>\n    \n<div class=\"wao-blocks-row row\" >\n    \n\n<div class=\"col-12 col-md-12 p-4 text-center\"\n     \n\t \n\t>\n        \n\n<div class=\"breadcrumb-block text-secondary\"\n    >\n    <div class=\"text-primary\">\n        <a href=\"https:\/\/www.donegalhotel.com\/fr\" rel=\"nofollow\" title=\"Accueil\">Accueil &gt;<\/a>\n        Traitements    <\/div>\n<\/div>\n    <\/div>\n<\/div>\n\n<div class=\"wao-blocks-row row\" >\n    \n\n<div class=\"col-12 col-md-12 p-4\"\n     \n\t \n\t>\n        \n\n<h1 class=\"wp-block-heading has-text-align-center pb-4\">Traitements<\/h1>\n\n\n\n<p class=\"has-text-align-center\">La premi\u00e8re \u00e9tape pour vos vacances est de choisir la formule qui vous convient.<\/p>\n\n\n\n<p><\/p>\n\n    <\/div>\n<\/div>\n\n<div class=\"wao-blocks-row row\" >\n    \n\n<div class=\"col-12 col-md-12\"\n     \n\t \n\t>\n        \n<div class=\"mx-auto p-4\" style=\"max-width:1200px;\">\n\n\n<h3 class=\"wp-block-heading mb-4\">D\u00e9tail du traitement :<\/h3>\n\n\n\n<p><strong>TOUT COMPRIS :<\/strong>&nbsp;<\/p>\n\n\n\n<ul class=\"wp-block-list\">\n<li>Pension compl\u00e8te<\/li>\n\n\n\n<li>Chambre avec salle de bain priv\u00e9e, <\/li>\n\n\n\n<li>Petit-d\u00e9jeuner buffet sucr\u00e9 et sal\u00e9, d\u00e9jeuner et d\u00eener (ou panier pique-nique),<strong>&nbsp;<\/strong><\/li>\n\n\n\n<li><strong>Boissons dans le restaurant :&nbsp;<\/strong><br>Eau plate et eau gazeuse,<br>3 types de vins locaux au robinet : Sangiovese rouge, Trebbiano blanc, Pignoletto bulles, <br>Boissons gazeuses et bi\u00e8re en bouteille, <\/li>\n\n\n\n<li>Tous&nbsp;<strong>Services<\/strong>&nbsp;de l'h\u00f4tel<\/li>\n\n\n\n<li>Service&nbsp;<strong>Plage<\/strong><\/li>\n<\/ul>\n\n\n\n<p><strong>TOUT COMPRIS EN DEMI-PENSION<\/strong>:<\/p>\n\n\n\n<ul class=\"wp-block-list\">\n<li>Demi-pension<\/li>\n\n\n\n<li>Chambre avec salle de bain priv\u00e9e, <\/li>\n\n\n\n<li>Petit-d\u00e9jeuner buffet sucr\u00e9 et sal\u00e9, d\u00e9jeuner ou d\u00eener (alternativement le \"panier pique-nique\"),&nbsp;<\/li>\n\n\n\n<li><strong>Boissons dans le restaurant :&nbsp;<\/strong><br>Eau plate et eau gazeuse, <br>3 types de vins locaux au robinet : Sangiovese rouge, Trebbiano blanc, Pignoletto bulles, <br>Boissons gazeuses et bi\u00e8re en bouteille, <\/li>\n\n\n\n<li>Tous&nbsp;<strong>Services<\/strong>&nbsp;de l'h\u00f4tel<\/li>\n\n\n\n<li>Service&nbsp;<strong>Plage<\/strong><\/li>\n<\/ul>\n\n\n\n<p><strong>TABLEAU COMPLET<\/strong>:<\/p>\n\n\n\n<ul class=\"wp-block-list\">\n<li>Pension compl\u00e8te<\/li>\n\n\n\n<li>Chambre avec salle de bain priv\u00e9e, <\/li>\n\n\n\n<li>Petit-d\u00e9jeuner buffet sucr\u00e9 et sal\u00e9, d\u00e9jeuner et d\u00eener (alternativement le \"panier pique-nique\"),&nbsp;<\/li>\n\n\n\n<li><strong>Boissons dans le restaurant :&nbsp;<\/strong><br>Eau plate et eau gazeuse, <br>3 types de vins locaux au robinet : Sangiovese rouge, Trebbiano blanc, Pignoletto bulles, <br>Boissons gazeuses et bi\u00e8re en bouteille, <\/li>\n\n\n\n<li>Tous&nbsp;<strong>Services<\/strong>&nbsp;de l'h\u00f4tel<\/li>\n<\/ul>\n\n\n\n<p><strong>HALF BOARD :<\/strong>&nbsp;<\/p>\n\n\n\n<ul class=\"wp-block-list\">\n<li>Demi-pension<\/li>\n\n\n\n<li>Chambre avec salle de bain priv\u00e9e, <\/li>\n\n\n\n<li>Petit-d\u00e9jeuner buffet sucr\u00e9 et sal\u00e9, d\u00e9jeuner ou d\u00eener (alternativement le \"panier pique-nique\"),&nbsp;<\/li>\n\n\n\n<li><strong>Boissons dans le restaurant :&nbsp;<\/strong><br>Eau plate et eau gazeuse, <br>3 types de vins locaux au robinet : Sangiovese rouge, Trebbiano blanc, Pignoletto bulles, <br>Boissons en bouteille et bi\u00e8re <\/li>\n\n\n\n<li>Tous&nbsp;<strong>Services<\/strong>&nbsp;de l'h\u00f4tel<\/li>\n<\/ul>\n\n\n\n<p><strong>LIT ET PETIT D\u00c9JEUNER<\/strong>:<\/p>\n\n\n\n<ul class=\"wp-block-list\">\n<li>Chambre avec salle de bain priv\u00e9e, <\/li>\n\n\n\n<li>Petit-d\u00e9jeuner buffet sucr\u00e9 et sal\u00e9 <\/li>\n\n\n\n<li>Tous&nbsp;<strong>Services<\/strong>&nbsp;de l'h\u00f4tel<\/li>\n<\/ul>\n\n\n\n<p>De tous les types de traitement, <strong>le service de bar est exclu<\/strong><\/p>\n\n\n\n<p><strong>Chambre avec balcon<\/strong>sur demande avec un petit suppl\u00e9ment.<\/p>\n\n\n\n<p><strong>Taxe de s\u00e9jour&nbsp;<\/strong>Commune de Cesenatico : 1,50 euro par jour et par adulte de plus de 14 ans pour un maximum de 7 jours.<\/p>\n\n\n\n<p><strong>Animaux accept\u00e9s&nbsp;<\/strong>avec un petit suppl\u00e9ment.<\/p>\n\n\n\n<p><strong>CONDIZIONI DI PRENOTAZIONE E CANCELLAZIONE<\/strong><\/p>\n\n\n\n<p>L'acompte pour confirmer la r\u00e9servation peut \u00eatre pay\u00e9 sous la forme que vous pr\u00e9f\u00e9rez : carte de cr\u00e9dit ou carte pr\u00e9pay\u00e9e ou par virement bancaire dans les 2 jours ouvrables \u00e0 compter de l'e-mail de confirmation de disponibilit\u00e9, apr\u00e8s un contr\u00f4le suppl\u00e9mentaire par l'\u00e9tablissement.<\/p>\n\n\n\n<p>Correspond \u00e0 30% du devis total ; toutefois, d'autres dispositions peuvent \u00eatre prises selon les besoins.<\/p>\n\n\n\n<p><strong>En cas d'annulation, pour une bonne raison, notre ligne de conduite a toujours \u00e9t\u00e9 :<\/strong><\/p>\n\n\n\n<ul class=\"wp-block-list\">\n<li>r\u00e9cup\u00e9rer le d\u00e9p\u00f4t au fil du temps<\/li>\n\n\n\n<li>consid\u00e8rent qu'il est facilement transf\u00e9rable (\u00e0 des amis, des parents ou des connaissances)<\/li>\n\n\n\n<li>pas de date d'expiration<\/li>\n<\/ul>\n\n\n\n<p><strong>Il est toujours valable<\/strong>&nbsp;\ud83d\ude42<\/p>\n\n\n<\/div>\n    <\/div>\n<\/div>\n<\/section>\n\n<section class=\"wao-blocks-container container mb-0\"\n\t\t>\n    \n<div class=\"wao-blocks-row row py-0 my-0\" >\n    \n\n<div class=\"col-12 col-md-12 p-0\"\n     \n\t \n\t>\n        \n\n<div class=\"wp-block-image img-fluid\"><figure class=\"aligncenter size-large\"><img decoding=\"async\" width=\"534\" height=\"57\" src=\"https:\/\/www.donegalhotel.com\/wp-content\/uploads\/2020\/12\/freccia-down-azzurra.png\" alt=\"Contact H\u00f4tel Donegal Cesenatico\" class=\"wp-image-232\" srcset=\"https:\/\/www.donegalhotel.com\/wp-content\/uploads\/2020\/12\/freccia-down-azzurra.png 534w, https:\/\/www.donegalhotel.com\/wp-content\/uploads\/2020\/12\/freccia-down-azzurra-300x32.png 300w\" sizes=\"(max-width: 534px) 100vw, 534px\" \/><\/figure><\/div>\n\n    <\/div>\n<\/div>\n\n<div class=\"wao-blocks-row row\" >\n    \n\n<div class=\"col-12 col-md-12\"\n     \n\t \n\t>\n        \n<img decoding=\"async\" src=\"https:\/\/www.donegalhotel.com\/wp-content\/uploads\/2020\/12\/freccia-sx.png\" class=\"position-absolute l--right l--top js--hideme d-none d-md-block\" style=\"margin-top:-30px;\" data-anim=\"fadeInRight\">\n\n\n<p class=\"has-text-align-center h2\"><br>Contactez nous pour votre devis <br>sur mesure<br>et sans obligation<\/p>\n\n\n<div class=\"p-3 g--bkg-light-01 mx-auto my-4\" >\n\n\n<div class=\"merida_root\" id=\"merida_block\"><\/div>\n\n<script>\nvar merida_config_merida_block = {\n    customerId: 552 ,\n    showSuccessModal : true,\n    rootEl: \"merida_block\",\n    childrenAgeMax: 16,\n    childrenAgeMin: 0,\n    layout: \"default\",\n    language: \"fr\",\n                theme : {\n        colors: {\n            primary: '#e88700',\n            primaryTextAlt: '#ffffff',\n            secondary: '#6ab9c6',\n            secondaryTextAlt: '#ffffff',\n            text: '#3e464c',\n            error: '#cc0033',\n            formBackground: '#ffffff',\n            label: '#4d4d4d',\n            labelInput: '#cccccc',\n            labelInputActive: '#7ebd6d',\n            inputBackground: '#eeeeee',\n            inputBorder: '#eeeeee',\n            checkboxBorder: '#eeeeee',\n        }\n    },\n    onSuccess : function(res) {\n        \n                        if (typeof(ga) !== 'undefined') {\n                   ga('send', 'event', 'Email', 'Invio', 'Form');\n                }\n                    }\n};\n\n(function(url, cb) {\n    var s = document.createElement(\"script\");\n    s.type = \"text\/javascript\";\n\n    if (s.readyState) { \/\/IE\n        s.onreadystatechange = function() {\n            if (s.readyState == \"loaded\" || s.readyState == \"complete\") {\n                s.onreadystatechange = null;\n                cb();\n            }\n        };\n    } else { \/\/Others\n        s.onload = function() {\n            cb();\n        };\n    }\n\n    s.src = url;\n    document.getElementsByTagName(\"head\")[0].appendChild(s);\n})(\"https:\/\/static.adriasonline.it\/merida\/latest\/merida.js\", function() {\n    window.aoForm = merida(merida_config_merida_block);\n});\n<\/script>\n\n\n<!--iframe src=\"https:\/\/booking.passepartout.cloud\/booking\/formv1?oidPortale=14205&lingua=it\" frameborder=\"0\" width=\"100%\" height=\"800\"><\/iframe-->\n<\/div>\n    <\/div>\n<\/div>\n<\/section>","protected":false},"excerpt":{"rendered":"","protected":false},"author":1,"featured_media":0,"parent":0,"menu_order":0,"comment_status":"closed","ping_status":"closed","template":"","meta":{"footnotes":""},"class_list":["post-428","page","type-page","status-publish","hentry"],"_links":{"self":[{"href":"https:\/\/www.donegalhotel.com\/fr\/wp-json\/wp\/v2\/pages\/428","targetHints":{"allow":["GET"]}}],"collection":[{"href":"https:\/\/www.donegalhotel.com\/fr\/wp-json\/wp\/v2\/pages"}],"about":[{"href":"https:\/\/www.donegalhotel.com\/fr\/wp-json\/wp\/v2\/types\/page"}],"author":[{"embeddable":true,"href":"https:\/\/www.donegalhotel.com\/fr\/wp-json\/wp\/v2\/users\/1"}],"replies":[{"embeddable":true,"href":"https:\/\/www.donegalhotel.com\/fr\/wp-json\/wp\/v2\/comments?post=428"}],"version-history":[{"count":10,"href":"https:\/\/www.donegalhotel.com\/fr\/wp-json\/wp\/v2\/pages\/428\/revisions"}],"predecessor-version":[{"id":2338,"href":"https:\/\/www.donegalhotel.com\/fr\/wp-json\/wp\/v2\/pages\/428\/revisions\/2338"}],"wp:attachment":[{"href":"https:\/\/www.donegalhotel.com\/fr\/wp-json\/wp\/v2\/media?parent=428"}],"curies":[{"name":"wp","href":"https:\/\/api.w.org\/{rel}","templated":true}]}}