{"id":457,"date":"2020-12-07T13:32:49","date_gmt":"2020-12-07T12:32:49","guid":{"rendered":"http:\/\/www.donegalhotel.com\/?page_id=457"},"modified":"2023-01-24T11:51:17","modified_gmt":"2023-01-24T10:51:17","slug":"dintorni","status":"publish","type":"page","link":"https:\/\/www.donegalhotel.com\/fr\/dintorni\/","title":{"rendered":"Les alentours"},"content":{"rendered":"<section class=\"container-fluid js--lazy-load wao-blocks-gallery-slider-flickity gallery-flickity-17099\" >\n    <article class=\"row\">\n        <div class=\"col-sm-12 p-0 position-relative\">\n            <section class=\"container-fluid js--lazy-load\">\n                <article class=\"row\">\n                    <div class=\"col-sm-12 p-0 position-relative\">\n                        <div class=\"js--flickity l--vh-75-md\" data-cellalign=\"left\" data-bglazyload=\"1\" data-freescroll=\"true\" data-wraparound=\"true\" data-autoplay=\"4000\" data-pauseautoplayonhover =\"true\" data-prevnextbuttons=\"false\" data-contain=\"true\" data-pagedots=\"false\" data-draggable=\"true\" data-groupcells=\"110%\" data-fade=\"false\">\n                                                            <div>\n                                    <div style=\"background: url('https:\/\/www.donegalhotel.com\/wp-content\/uploads\/2020\/12\/top-sanmarino.jpg') center center \/ cover no-repeat rgb(250, 250, 250); display: block; width: 100vw;\" class=\"l--vh-75-md\"><\/div>\n                                <\/div>\n                            \n                        <\/div>\n                        <div class=\"position-absolute l--top l--bottom mx-auto l--align-middle-vertical\">\n                            <div class=\"text-over-slider h1 text-quaternary text-center animated zoomIn\" data-anim=\"zoomIn\" data-cof=\"true\" data-cof-rule=\"font-size, 2rem, 2.5rem, 2.5rem, 3rem, 3rem\">\n                                                            <\/div>\n                                                            <div class=\"position-absolute sf-onda l--bottom\" style=\"background: \" data-cof=\"true\" data-cof-rule=\"font-size, 2rem, 2.5rem, 2.5rem, 3rem, 3rem\">\n                                                                                                        <\/div>\n                                                    <\/div>\n                    <\/div>\n                <\/article>\n            <\/section>\n        <\/div>\n    <\/article>\n<\/section>\n\n<section class=\"wao-blocks-container container-fluid mb-0 sf-pattern\"\n\t\t>\n    \n<div class=\"wao-blocks-row row\" >\n    \n\n<div class=\"col-12 col-md-12 p-4 text-center\"\n     \n\t \n\t>\n        \n\n<div class=\"breadcrumb-block text-secondary\"\n    >\n    <div class=\"text-primary\">\n        <a href=\"https:\/\/www.donegalhotel.com\/fr\" rel=\"nofollow\" title=\"Accueil\">Accueil &gt;<\/a>\n        Les alentours    <\/div>\n<\/div>\n    <\/div>\n<\/div>\n\n<div class=\"wao-blocks-row row\" >\n    \n\n<div class=\"col-12 col-md-12 p-4\"\n     \n\t \n\t>\n        \n\n<h1 class=\"has-text-align-center pb-4 wp-block-heading\">Excursions dans les environs<\/h1>\n\n\n\n<p class=\"has-text-align-center\">S\u00e9journer \u00e0 l'h\u00f4tel Donegal, c'est s'amuser dans une atmosph\u00e8re familiale, mais aussi \u00eatre \u00e0 proximit\u00e9 de nombreux endroits fantastiques \u00e0 voir.<br>Il nous a \u00e9t\u00e9 difficile de choisir, mais nous avons fait une s\u00e9lection de ce que la Romagne a \u00e0 offrir \u00e0 une heure de route de notre h\u00f4tel.<\/p>\n\n    <\/div>\n<\/div>\n\n<div class=\"wao-blocks-row row l--equal-h\" >\n    \n\n<div class=\"col-12 col-md-12 col-lg-6 p-4\"\n     \n\t \n\t>\n        \n\n<div class=\"p-4 border g--b-c-01 l--h-100\">\n\n\n\n<div class=\"wp-block-image img-fluid img-m-t-3\"><figure class=\"alignright size-large\"><img decoding=\"async\" src=\"https:\/\/www.donegalhotel.com\/wp-content\/uploads\/2020\/12\/img-riviera-parchi.jpg\" alt=\"\" class=\"wp-image-458\" width=\"NaN\" height=\"NaN\" srcset=\"https:\/\/www.donegalhotel.com\/wp-content\/uploads\/2020\/12\/img-riviera-parchi.jpg 200w, https:\/\/www.donegalhotel.com\/wp-content\/uploads\/2020\/12\/img-riviera-parchi-150x150.jpg 150w\" sizes=\"(max-width: 200px) 100vw, 200px\" \/><\/figure><\/div>\n\n\n\n<h4 class=\"pb-4 wp-block-heading\">La Riviera des parcs<\/h4>\n\n\n\n<p>La Romagne est aussi connue comme la Riviera des Parcs : il y en a beaucoup et pour tous les go\u00fbts ! Vers le sud,&nbsp;<strong>15 min. en voiture<\/strong>il y a la<strong>L'Italie en miniature<\/strong>o\u00f9 vous pouvez visiter notre beau pays en une seule journ\u00e9e. Incroyable, n'est-ce pas ? Si vous voyagez avec des enfants en bas \u00e2ge, vous pouvez les emmener&nbsp;<strong>Fiabilandia, 30 min. en voiture<\/strong>et leur offrir une journ\u00e9e de conte de f\u00e9es, incluant des batailles sur le navire du Capitaine Crochet et le Labyrinthe de Fu-Ming.<\/p>\n\n\n\n<p>A&nbsp;<strong>20 min. en voiture&nbsp;<\/strong>au nord, il y a&nbsp;<strong>Mirabilandia<\/strong>Le plus grand parc d'attractions en Italie avec des attractions pour adultes pleines d'adr\u00e9naline et des jeux plus adapt\u00e9s aux enfants, des spectacles et des com\u00e9dies musicales, le tout dans un seul parc \u00e0 th\u00e8me.<\/p>\n\n\n\n<\/div>\n\n    <\/div>\n\n\n<div class=\"col-12 col-md-12 col-lg-6 p-4\"\n     \n\t \n\t>\n        \n\n<div class=\"p-4 border g--b-c-01 l--h-100\" style=\"word-break: break-word;\">\n\n\n\n<div class=\"wp-block-image img-fluid img-m-t-3\"><figure class=\"alignright size-large\"><img decoding=\"async\" src=\"https:\/\/www.donegalhotel.com\/wp-content\/uploads\/2020\/12\/santarcangelo.jpg\" alt=\"\" class=\"wp-image-481\" width=\"NaN\" height=\"NaN\" srcset=\"https:\/\/www.donegalhotel.com\/wp-content\/uploads\/2020\/12\/santarcangelo.jpg 200w, https:\/\/www.donegalhotel.com\/wp-content\/uploads\/2020\/12\/santarcangelo-150x150.jpg 150w\" sizes=\"(max-width: 200px) 100vw, 200px\" \/><\/figure><\/div>\n\n\n\n<h4 class=\"pb-4 wp-block-heading\">Santarcangelo de Romagna<\/h4>\n\n\n\n<p>Santarcangelo s'\u00e9l\u00e8ve sur le sommet du mont Giove, juste au-dessus des grottes homonymes. Le&nbsp;<strong>hameau<\/strong>&nbsp;est sillonn\u00e9 de rues \u00e9troites et d'escaliers qui montent jusqu'au sommet, surplomb\u00e9 par la&nbsp;<strong>Forteresse de Malatesta<\/strong>Quel plaisir de se perdre parmi les balcons fleuris, les ruelles et les grottes tufac\u00e9es magiques !<\/p>\n\n\n\n<p>Si vous le pouvez, faites la visite de&nbsp;<strong>grottes<\/strong>dont les origines font encore l'objet de myst\u00e8res et de d\u00e9bats : une v\u00e9ritable aventure pour les explorateurs, jeunes et vieux.<\/p>\n\n\n\n<p><strong>20 minutes en voiture.<\/strong><\/p>\n\n\n\n<\/div>\n\n    <\/div>\n<\/div>\n\n<div class=\"wao-blocks-row row l--equal-h\" >\n    \n\n<div class=\"col-12 col-md-12 col-lg-6 p-4\"\n     \n\t \n\t>\n        \n\n<div class=\"p-4 border g--b-c-01 l--h-100\">\n\n\n\n<div class=\"wp-block-image img-fluid img-m-t-3\"><figure class=\"alignright size-large\"><img decoding=\"async\" src=\"https:\/\/www.donegalhotel.com\/wp-content\/uploads\/2020\/12\/gradara.jpg\" alt=\"\" class=\"wp-image-480\" width=\"NaN\" height=\"NaN\" srcset=\"https:\/\/www.donegalhotel.com\/wp-content\/uploads\/2020\/12\/gradara.jpg 200w, https:\/\/www.donegalhotel.com\/wp-content\/uploads\/2020\/12\/gradara-150x150.jpg 150w\" sizes=\"(max-width: 200px) 100vw, 200px\" \/><\/figure><\/div>\n\n\n\n<h4 class=\"pb-4 wp-block-heading\">Gradara<\/h4>\n\n\n\n<p>Son splendide village fortifi\u00e9 repr\u00e9sente l'une des structures m\u00e9di\u00e9vales les mieux pr\u00e9serv\u00e9es d'Italie. Perch\u00e9 sur une colline de la&nbsp;<strong>vall\u00e9e de malatesta<\/strong>Au fil des si\u00e8cles, elle a \u00e9t\u00e9 le protagoniste de grands \u00e9v\u00e9nements historiques et culturels.&nbsp;<\/p>\n\n\n\n<p>Parmi les plus c\u00e9l\u00e8bres, on trouve sans doute l'histoire d'amour trouble et passionn\u00e9e entre&nbsp;<strong>Paolo et Francesca<\/strong>&nbsp;racont\u00e9 par&nbsp;<strong>Dante Alighieri<\/strong>&nbsp;\u00e0 l'adresse suivante :&nbsp;<strong>Divine Com\u00e9die<\/strong>.&nbsp;<strong>27 minutes en voiture<\/strong>.<\/p>\n\n\n\n<\/div>\n\n    <\/div>\n\n\n<div class=\"col-12 col-md-12 col-lg-6 p-4\"\n     \n\t \n\t>\n        \n\n<div class=\"p-4 border g--b-c-01 l--h-100\">\n\n\n\n<div class=\"wp-block-image img-fluid img-m-t-3\"><figure class=\"alignright size-large\"><img decoding=\"async\" src=\"https:\/\/www.donegalhotel.com\/wp-content\/uploads\/2020\/12\/ravenna.jpg\" alt=\"\" class=\"wp-image-482\" width=\"NaN\" height=\"NaN\" srcset=\"https:\/\/www.donegalhotel.com\/wp-content\/uploads\/2020\/12\/ravenna.jpg 200w, https:\/\/www.donegalhotel.com\/wp-content\/uploads\/2020\/12\/ravenna-150x150.jpg 150w\" sizes=\"(max-width: 200px) 100vw, 200px\" \/><\/figure><\/div>\n\n\n\n<h4 class=\"pb-4 wp-block-heading\">Ravenne<\/h4>\n\n\n\n<p>La ville est connue dans le monde entier pour son&nbsp;<strong>les mosa\u00efques et les beaut\u00e9s historiques et artistiques<\/strong>&nbsp;d\u00e9clar\u00e9&nbsp;<strong>Site du patrimoine mondial de l'Unesco<\/strong>. Sept de ses huit monuments, inscrits au patrimoine mondial, gardent jalousement un tr\u00e9sor incomparable de pr\u00e9cieuses tesselles capables de raconter, avec leurs combinaisons chromatiques et iconographiques, la splendeur artistique d'une ville qui, entre le Ve et le VIe si\u00e8cle apr\u00e8s J.-C., \u00e9tait l'un des principaux centres du monde connu. Trois fois capitale (de l'Empire romain, du royaume des Ostrogoths, de l'exarchat byzantin), Ravenne cache derri\u00e8re l'apparente sobri\u00e9t\u00e9 de ses b\u00e2timents une richesse d\u00e9mesur\u00e9e de d\u00e9tails et d'histoires \u00e0 \u00e9couter.&nbsp;<strong>25 minutes en voiture<\/strong>.<\/p>\n\n\n\n<\/div>\n\n    <\/div>\n<\/div>\n\n<div class=\"wao-blocks-row row l--equal-h\" >\n    \n\n<div class=\"col-12 col-md-12 col-lg-6 p-4\"\n     \n\t \n\t>\n        \n\n<div class=\"p-4 border g--b-c-01 l--h-100\">\n\n\n\n<div class=\"wp-block-image img-fluid img-m-t-3\"><figure class=\"alignright size-large\"><img decoding=\"async\" src=\"https:\/\/www.donegalhotel.com\/wp-content\/uploads\/2020\/12\/bertinoro.jpg\" alt=\"\" class=\"wp-image-485\" width=\"NaN\" height=\"NaN\" srcset=\"https:\/\/www.donegalhotel.com\/wp-content\/uploads\/2020\/12\/bertinoro.jpg 200w, https:\/\/www.donegalhotel.com\/wp-content\/uploads\/2020\/12\/bertinoro-150x150.jpg 150w\" sizes=\"(max-width: 200px) 100vw, 200px\" \/><\/figure><\/div>\n\n\n\n<h4 class=\"pb-4 wp-block-heading\">Bertinoro<\/h4>\n\n\n\n<p>Exemple typique de&nbsp;&nbsp;<strong>village m\u00e9di\u00e9val<\/strong>&nbsp;est consid\u00e9r\u00e9 comme le balcon de la Romagne.<\/p>\n\n\n\n<p>Riche en histoire et en l\u00e9gende, elle est c\u00e9l\u00e8bre pour ses vins, ses traditions gastronomiques, la station thermale de Fratta et ses magnifiques monuments.<\/p>\n\n\n\n<p><strong>35 minutes en voiture<\/strong>.<\/p>\n\n\n\n<\/div>\n\n    <\/div>\n\n\n<div class=\"col-12 col-md-12 col-lg-6 p-4\"\n     \n\t \n\t>\n        \n\n<div class=\"p-4 border g--b-c-01 l--h-100\">\n\n\n\n<div class=\"wp-block-image img-fluid img-m-t-3\"><figure class=\"alignright size-large\"><img decoding=\"async\" src=\"https:\/\/www.donegalhotel.com\/wp-content\/uploads\/2020\/12\/sanleo.jpg\" alt=\"\" class=\"wp-image-484\" width=\"NaN\" height=\"NaN\" srcset=\"https:\/\/www.donegalhotel.com\/wp-content\/uploads\/2020\/12\/sanleo.jpg 200w, https:\/\/www.donegalhotel.com\/wp-content\/uploads\/2020\/12\/sanleo-150x150.jpg 150w\" sizes=\"(max-width: 200px) 100vw, 200px\" \/><\/figure><\/div>\n\n\n\n<h4 class=\"pb-4 wp-block-heading\">Saint Leo<\/h4>\n\n\n\n<p>Vous \u00eates un amoureux de&nbsp;&nbsp;<strong>les forteresses et les ch\u00e2teaux<\/strong>? Perch\u00e9 sur une falaise surplombant la vall\u00e9e, il y a un de ces endroits, o\u00f9 l'on veut mettre une armure et marcher de long en large sur toute la forteresse. Et qu'en est-il de la&nbsp;&nbsp;<strong>Comte de Cagliostro<\/strong>un myst\u00e9rieux alchimiste aux pouvoirs occultes, qui a \u00e9t\u00e9 retenu prisonnier ici \u00e0 la fin du XVIIIe si\u00e8cle ? San Leo fait partie du circuit des plus beaux villages d'Italie et du drapeau orange du Touring Club, d'ici vous pouvez appr\u00e9cier la fascinante vall\u00e9e de la Marecchia d'en haut.<\/p>\n\n\n\n<\/div>\n\n    <\/div>\n<\/div>\n<\/section>\n\n<section class=\"wao-blocks-container container mb-0\"\n\t\t>\n    \n<div class=\"wao-blocks-row row py-0 my-0\" >\n    \n\n<div class=\"col-12 col-md-12 p-0\"\n     \n\t \n\t>\n        \n\n<div class=\"wp-block-image img-fluid\"><figure class=\"aligncenter size-large\"><img decoding=\"async\" width=\"534\" height=\"57\" src=\"https:\/\/www.donegalhotel.com\/wp-content\/uploads\/2020\/12\/freccia-down-azzurra.png\" alt=\"Contact H\u00f4tel Donegal Cesenatico\" class=\"wp-image-232\" srcset=\"https:\/\/www.donegalhotel.com\/wp-content\/uploads\/2020\/12\/freccia-down-azzurra.png 534w, https:\/\/www.donegalhotel.com\/wp-content\/uploads\/2020\/12\/freccia-down-azzurra-300x32.png 300w\" sizes=\"(max-width: 534px) 100vw, 534px\" \/><\/figure><\/div>\n\n    <\/div>\n<\/div>\n\n<div class=\"wao-blocks-row row\" >\n    \n\n<div class=\"col-12 col-md-12\"\n     \n\t \n\t>\n        \n<img decoding=\"async\" src=\"https:\/\/www.donegalhotel.com\/wp-content\/uploads\/2020\/12\/freccia-sx.png\" class=\"position-absolute l--right l--top js--hideme d-none d-md-block\" style=\"margin-top:-30px;\" data-anim=\"fadeInRight\">\n\n\n<p class=\"has-text-align-center h2\"><br>Contactez nous pour votre devis <br>sur mesure<br>et sans obligation<\/p>\n\n\n<div class=\"p-3 g--bkg-light-01 mx-auto my-4\" >\n\n\n<div class=\"merida_root\" id=\"merida_block\"><\/div>\n\n<script>\nvar merida_config_merida_block = {\n    customerId: 552 ,\n    showSuccessModal : true,\n    rootEl: \"merida_block\",\n    childrenAgeMax: 16,\n    childrenAgeMin: 0,\n    layout: \"default\",\n    language: \"fr\",\n                theme : {\n        colors: {\n            primary: '#e88700',\n            primaryTextAlt: '#ffffff',\n            secondary: '#6ab9c6',\n            secondaryTextAlt: '#ffffff',\n            text: '#3e464c',\n            error: '#cc0033',\n            formBackground: '#ffffff',\n            label: '#4d4d4d',\n            labelInput: '#cccccc',\n            labelInputActive: '#7ebd6d',\n            inputBackground: '#eeeeee',\n            inputBorder: '#eeeeee',\n            checkboxBorder: '#eeeeee',\n        }\n    },\n    onSuccess : function(res) {\n        \n                        if (typeof(ga) !== 'undefined') {\n                   ga('send', 'event', 'Email', 'Invio', 'Form');\n                }\n                    }\n};\n\n(function(url, cb) {\n    var s = document.createElement(\"script\");\n    s.type = \"text\/javascript\";\n\n    if (s.readyState) { \/\/IE\n        s.onreadystatechange = function() {\n            if (s.readyState == \"loaded\" || s.readyState == \"complete\") {\n                s.onreadystatechange = null;\n                cb();\n            }\n        };\n    } else { \/\/Others\n        s.onload = function() {\n            cb();\n        };\n    }\n\n    s.src = url;\n    document.getElementsByTagName(\"head\")[0].appendChild(s);\n})(\"https:\/\/static.adriasonline.it\/merida\/latest\/merida.js\", function() {\n    window.aoForm = merida(merida_config_merida_block);\n});\n<\/script>\n\n\n<!--iframe src=\"https:\/\/booking.passepartout.cloud\/booking\/formv1?oidPortale=14205&lingua=it\" frameborder=\"0\" width=\"100%\" height=\"800\"><\/iframe-->\n<\/div>\n    <\/div>\n<\/div>\n<\/section>","protected":false},"excerpt":{"rendered":"","protected":false},"author":1,"featured_media":0,"parent":0,"menu_order":0,"comment_status":"closed","ping_status":"closed","template":"","meta":{"footnotes":""},"class_list":["post-457","page","type-page","status-publish","hentry"],"_links":{"self":[{"href":"https:\/\/www.donegalhotel.com\/fr\/wp-json\/wp\/v2\/pages\/457","targetHints":{"allow":["GET"]}}],"collection":[{"href":"https:\/\/www.donegalhotel.com\/fr\/wp-json\/wp\/v2\/pages"}],"about":[{"href":"https:\/\/www.donegalhotel.com\/fr\/wp-json\/wp\/v2\/types\/page"}],"author":[{"embeddable":true,"href":"https:\/\/www.donegalhotel.com\/fr\/wp-json\/wp\/v2\/users\/1"}],"replies":[{"embeddable":true,"href":"https:\/\/www.donegalhotel.com\/fr\/wp-json\/wp\/v2\/comments?post=457"}],"version-history":[{"count":8,"href":"https:\/\/www.donegalhotel.com\/fr\/wp-json\/wp\/v2\/pages\/457\/revisions"}],"predecessor-version":[{"id":2159,"href":"https:\/\/www.donegalhotel.com\/fr\/wp-json\/wp\/v2\/pages\/457\/revisions\/2159"}],"wp:attachment":[{"href":"https:\/\/www.donegalhotel.com\/fr\/wp-json\/wp\/v2\/media?parent=457"}],"curies":[{"name":"wp","href":"https:\/\/api.w.org\/{rel}","templated":true}]}}