{"id":489,"date":"2020-12-07T14:10:20","date_gmt":"2020-12-07T13:10:20","guid":{"rendered":"http:\/\/www.donegalhotel.com\/?page_id=489"},"modified":"2021-03-08T12:41:06","modified_gmt":"2021-03-08T11:41:06","slug":"video","status":"publish","type":"page","link":"https:\/\/www.donegalhotel.com\/fr\/video\/","title":{"rendered":"Vid\u00e9o"},"content":{"rendered":"<section class=\"wao-blocks-container container-fluid mb-0 sf-pattern\"\n\t\t>\n    \n<div class=\"wao-blocks-row row\" >\n    \n\n<div class=\"col-12 col-md-12 p-4 text-center\"\n     \n\t \n\t>\n        \n\n<div class=\"breadcrumb-block text-secondary\"\n    >\n    <div class=\"text-primary\">\n        <a href=\"https:\/\/www.donegalhotel.com\/fr\" rel=\"nofollow\" title=\"Accueil\">Accueil &gt;<\/a>\n        Vid\u00e9o    <\/div>\n<\/div>\n    <\/div>\n<\/div>\n\n<div class=\"wao-blocks-row row\" >\n    \n\n<div class=\"col-12 col-md-12 p-4\"\n     \n\t \n\t>\n        \n\n<h1 class=\"has-text-align-center pb-4 wp-block-heading\">Vid\u00e9o<\/h1>\n\n    <\/div>\n<\/div>\n\n<div class=\"wao-blocks-row row l--equal-h\" >\n    \n\n<div class=\"col-12 col-md-4 p-4\"\n     \n\t \n\t>\n        \n\n<h4 class=\"wp-block-heading\">DONEGAL dans le JEU<\/h4>\n\n\n\n<figure class=\"wp-block-embed is-type-video is-provider-youtube wp-block-embed-youtube wp-embed-aspect-16-9 wp-has-aspect-ratio\"><div class=\"wp-block-embed__wrapper\">\n<iframe title=\"DONEGALinGIOCO \ud83e\udd73 ~ Family Game Facebook Live \ud83e\udd73\ud83e\udd73\ud83e\udd73.\" width=\"640\" height=\"360\" src=\"https:\/\/www.youtube.com\/embed\/SZOWmRSHOtQ?feature=oembed\" frameborder=\"0\" allow=\"accelerometer; autoplay; clipboard-write; encrypted-media; gyroscope; picture-in-picture; web-share\" referrerpolicy=\"strict-origin-when-cross-origin\" allowfullscreen><\/iframe>\n<\/div><\/figure>\n\n\n\n<p>Participer, c'est facile ! Des produits Ecopesce pour tous et un super tirage au sort final !&nbsp;<\/p>\n\n    <\/div>\n\n\n<div class=\"col-12 col-md-4 p-4\"\n     \n\t \n\t>\n        \n\n<h4 class=\"wp-block-heading\">Les 3 phases au Donegal<\/h4>\n\n\n\n<figure class=\"wp-block-embed is-type-video is-provider-youtube wp-block-embed-youtube wp-embed-aspect-4-3 wp-has-aspect-ratio\"><div class=\"wp-block-embed__wrapper\">\n<iframe title=\"Les 3 \u00c9TAPES vers Donegal \ud83c\udf0a\u2764\ufe0f\ud83c\udf0a\ud83c\udf0a\ud83d\udcabSummer 2020 Nous sommes there\ud83d\ude4b\u2640\ufe0f\ud83d\ude4b\ud83c\udffc\u2642\ufe0f\ud83d\ude4b\ud83c\udffb\u2640\ufe0f\" width=\"640\" height=\"480\" src=\"https:\/\/www.youtube.com\/embed\/qBG4tYdEGko?feature=oembed\" frameborder=\"0\" allow=\"accelerometer; autoplay; clipboard-write; encrypted-media; gyroscope; picture-in-picture; web-share\" referrerpolicy=\"strict-origin-when-cross-origin\" allowfullscreen><\/iframe>\n<\/div><\/figure>\n\n\n\n<p>\u00c9t\u00e9 2020 Nous sommes l\u00e0 !<\/p>\n\n    <\/div>\n\n\n<div class=\"col-12 col-md-4 p-4\"\n     \n\t \n\t>\n        \n\n<h4 class=\"wp-block-heading\">Baisers et embrassades de la mer<\/h4>\n\n\n\n<figure class=\"wp-block-embed is-type-video is-provider-youtube wp-block-embed-youtube wp-embed-aspect-4-3 wp-has-aspect-ratio\"><div class=\"wp-block-embed__wrapper\">\n<iframe title=\"Bisous et embrassades de la mer \ud83d\udca6\ud83d\udc1f\u26f5\ud83d\udca6\" width=\"640\" height=\"480\" src=\"https:\/\/www.youtube.com\/embed\/CPwgoneRQBw?feature=oembed\" frameborder=\"0\" allow=\"accelerometer; autoplay; clipboard-write; encrypted-media; gyroscope; picture-in-picture; web-share\" referrerpolicy=\"strict-origin-when-cross-origin\" allowfullscreen><\/iframe>\n<\/div><\/figure>\n\n\n\n<p>Nous du Donegal, votre famille au bord de la mer !<\/p>\n\n    <\/div>\n\n\n<div class=\"col-12 col-md-4 p-4\"\n     \n\t \n\t>\n        \n\n<h4 class=\"wp-block-heading\">Giorgia a choisi les moules marinara.<\/h4>\n\n\n\n<figure class=\"wp-block-embed is-type-video is-provider-youtube wp-block-embed-youtube wp-embed-aspect-4-3 wp-has-aspect-ratio\"><div class=\"wp-block-embed__wrapper\">\n<iframe title=\"\ud83d\ude0bGiorgia a choisi les moules \u00e0 marinara\ud83d\udc4f\ud83d\udc4f\ud83d\udc4f\ud83c\uddee\ud83c\uddf9\ud83d\udd1d\" width=\"640\" height=\"360\" src=\"https:\/\/www.youtube.com\/embed\/LVkaSlDVFBw?feature=oembed\" frameborder=\"0\" allow=\"accelerometer; autoplay; clipboard-write; encrypted-media; gyroscope; picture-in-picture; web-share\" referrerpolicy=\"strict-origin-when-cross-origin\" allowfullscreen><\/iframe>\n<\/div><\/figure>\n\n\n\n<p>Il y a quelque chose pour tout le monde au Donegal ! De la \"nourriture pour b\u00e9b\u00e9\" aux d\u00e9licatesses de l'Adriatique pour nos petits gourmets ! \ud83d\ude09<\/p>\n\n    <\/div>\n\n\n<div class=\"col-12 col-md-4 p-4\"\n     \n\t \n\t>\n        \n\n<h4 class=\"wp-block-heading\">CIAK La plong\u00e9e d'Eva<\/h4>\n\n\n\n<figure class=\"wp-block-embed is-type-video is-provider-youtube wp-block-embed-youtube wp-embed-aspect-16-9 wp-has-aspect-ratio\"><div class=\"wp-block-embed__wrapper\">\n<iframe title=\"CIAK \ud83d\udca6 Eva&#039;s dive \ud83c\udf0a\ud83d\udca6\ud83d\udca6\" width=\"640\" height=\"360\" src=\"https:\/\/www.youtube.com\/embed\/sh7utkPuM3E?feature=oembed\" frameborder=\"0\" allow=\"accelerometer; autoplay; clipboard-write; encrypted-media; gyroscope; picture-in-picture; web-share\" referrerpolicy=\"strict-origin-when-cross-origin\" allowfullscreen><\/iframe>\n<\/div><\/figure>\n\n\n\n<p>Un style impeccable ! Bravo Eva !<\/p>\n\n    <\/div>\n\n\n<div class=\"col-12 col-md-4 p-4\"\n     \n\t \n\t>\n        \n\n<h4 class=\"wp-block-heading\">La vache de Donegal...<\/h4>\n\n\n\n<figure class=\"wp-block-embed is-type-video is-provider-youtube wp-block-embed-youtube wp-embed-aspect-4-3 wp-has-aspect-ratio\"><div class=\"wp-block-embed__wrapper\">\n<iframe title=\"La vache de Donegal \u2615\ud83d\udc2e\ud83d\udd1d\ud83c\uddee\ud83c\uddf9 \ud83d\ude0b...parce que le petit d\u00e9jeuner est aussi tr\u00e8s important !\" width=\"640\" height=\"480\" src=\"https:\/\/www.youtube.com\/embed\/FmLtIRkxE-4?feature=oembed\" frameborder=\"0\" allow=\"accelerometer; autoplay; clipboard-write; encrypted-media; gyroscope; picture-in-picture; web-share\" referrerpolicy=\"strict-origin-when-cross-origin\" allowfullscreen><\/iframe>\n<\/div><\/figure>\n\n\n\n<p>... parce que le petit d\u00e9jeuner est aussi tr\u00e8s important !<\/p>\n\n    <\/div>\n\n\n<div class=\"col-12 col-md-4 p-4\"\n     \n\t \n\t>\n        \n\n<h4 class=\"wp-block-heading\">Arbre g\u00e9n\u00e9alogique : un peu sur nous \ud83d\ude42 ...<\/h4>\n\n\n\n<figure class=\"wp-block-embed is-type-video is-provider-youtube wp-block-embed-youtube wp-embed-aspect-16-9 wp-has-aspect-ratio\"><div class=\"wp-block-embed__wrapper\">\n<iframe title=\"\ud83c\udf33Arbre g\u00e9n\u00e9alogique : un peu de nous \u2764\" width=\"640\" height=\"360\" src=\"https:\/\/www.youtube.com\/embed\/W1TYy6bCYdU?feature=oembed\" frameborder=\"0\" allow=\"accelerometer; autoplay; clipboard-write; encrypted-media; gyroscope; picture-in-picture; web-share\" referrerpolicy=\"strict-origin-when-cross-origin\" allowfullscreen><\/iframe>\n<\/div><\/figure>\n\n\n\n<p>Nous sommes ici depuis plusieurs ann\u00e9es maintenant et, maintenant, nous voulons partager avec vous quelques bribes de notre histoire. Ce sont eux qui nous ont amen\u00e9s ici.<\/p>\n\n    <\/div>\n\n\n<div class=\"col-12 col-md-4 p-4\"\n     \n\t \n\t>\n        \n\n<h4 class=\"wp-block-heading\">Travaille au Donegal<\/h4>\n\n\n\n<figure class=\"wp-block-embed is-type-video is-provider-youtube wp-block-embed-youtube wp-embed-aspect-16-9 wp-has-aspect-ratio\"><div class=\"wp-block-embed__wrapper\">\n<iframe title=\"Donegal travaille \ud83e\udd14\ud83d\ude44\ud83d\ude04.\" width=\"640\" height=\"360\" src=\"https:\/\/www.youtube.com\/embed\/3VZ8HR2CnIA?feature=oembed\" frameborder=\"0\" allow=\"accelerometer; autoplay; clipboard-write; encrypted-media; gyroscope; picture-in-picture; web-share\" referrerpolicy=\"strict-origin-when-cross-origin\" allowfullscreen><\/iframe>\n<\/div><\/figure>\n\n\n\n<p>Chaque ann\u00e9e quelque chose de nouveau \u00e0 l'H\u00f4tel Donegal ! Pour vos vacances en famille au bord de la mer en Romagne depuis 52 ans !<\/p>\n\n    <\/div>\n\n\n<div class=\"col-12 col-md-4 p-4\"\n     \n\t \n\t>\n        \n\n<h4 class=\"wp-block-heading\">Le voyage du poisson<\/h4>\n\n\n\n<figure class=\"wp-block-embed is-type-video is-provider-youtube wp-block-embed-youtube wp-embed-aspect-16-9 wp-has-aspect-ratio\"><div class=\"wp-block-embed__wrapper\">\n<iframe title=\"Le voyage du poisson\" width=\"640\" height=\"360\" src=\"https:\/\/www.youtube.com\/embed\/9k_0xUEW9-c?feature=oembed\" frameborder=\"0\" allow=\"accelerometer; autoplay; clipboard-write; encrypted-media; gyroscope; picture-in-picture; web-share\" referrerpolicy=\"strict-origin-when-cross-origin\" allowfullscreen><\/iframe>\n<\/div><\/figure>\n\n\n\n<p>Le chef Giulio propose la p\u00eache de notre mer. Chaque jour, le go\u00fbt du poisson de saison directement des bateaux de p\u00eache dans le respect total de l'environnement. Parce qu'\u00e0 l'h\u00f4tel Donegal, les d\u00e9tails comptent ! \ud83d\ude42<\/p>\n\n    <\/div>\n\n\n<div class=\"col-12 col-md-4 p-4\"\n     \n\t \n\t>\n        \n\n<h4 class=\"wp-block-heading\">Au march\u00e9 aux poissons<\/h4>\n\n\n\n<figure class=\"wp-block-embed is-type-video is-provider-youtube wp-block-embed-youtube wp-embed-aspect-4-3 wp-has-aspect-ratio\"><div class=\"wp-block-embed__wrapper\">\n<iframe title=\"\u26f5 au March\u00e9 aux poissons \ud83d\udc1f\ud83d\udc1f\ud83d\udc1fto voir comment Notre poisson arrive ! \u26f5\ud83d\udc1f\ud83d\udc1a\u2693\" width=\"640\" height=\"480\" src=\"https:\/\/www.youtube.com\/embed\/4QaNL7yf684?feature=oembed\" frameborder=\"0\" allow=\"accelerometer; autoplay; clipboard-write; encrypted-media; gyroscope; picture-in-picture; web-share\" referrerpolicy=\"strict-origin-when-cross-origin\" allowfullscreen><\/iframe>\n<\/div><\/figure>\n\n\n\n<p>pour voir comment Notre Poisson arrive !<\/p>\n\n    <\/div>\n\n\n<div class=\"col-12 col-md-4 p-4\"\n     \n\t \n\t>\n        \n\n<h4 class=\"wp-block-heading\">Et quand le fruit est m\u00fbr...<\/h4>\n\n\n\n<figure class=\"wp-block-embed is-type-video is-provider-youtube wp-block-embed-youtube wp-embed-aspect-16-9 wp-has-aspect-ratio\"><div class=\"wp-block-embed__wrapper\">\n<iframe title=\"et quand le fruit est m\u00fbr... R\u00e9colte au Donegal :-)\" width=\"640\" height=\"360\" src=\"https:\/\/www.youtube.com\/embed\/9B1yst_5Y9U?feature=oembed\" frameborder=\"0\" allow=\"accelerometer; autoplay; clipboard-write; encrypted-media; gyroscope; picture-in-picture; web-share\" referrerpolicy=\"strict-origin-when-cross-origin\" allowfullscreen><\/iframe>\n<\/div><\/figure>\n\n\n\n<p>La r\u00e9colte de cette ann\u00e9e a \u00e9t\u00e9 fantastique ! Nos courageux jeunes arbres fruitiers nous ont donn\u00e9 de belles cerises, abricots et prunes \u00e0 d\u00e9guster ! Nous nous sommes vraiment amus\u00e9s ! Merci aux amis du Donegal et bonnes f\u00eates \u00e0 tous !<\/p>\n\n    <\/div>\n\n\n<div class=\"col-12 col-md-4 p-4\"\n     \n\t \n\t>\n        \n\n<h4 class=\"wp-block-heading\">Nos voeux de No\u00ebl<\/h4>\n\n\n\n<figure class=\"wp-block-embed is-type-video is-provider-youtube wp-block-embed-youtube wp-embed-aspect-4-3 wp-has-aspect-ratio\"><div class=\"wp-block-embed__wrapper\">\n<iframe title=\"Le P\u00e8re No\u00ebl arrive \u00e0 Cesenatico en provenance de la mer\" width=\"640\" height=\"480\" src=\"https:\/\/www.youtube.com\/embed\/4VultlGuA74?feature=oembed\" frameborder=\"0\" allow=\"accelerometer; autoplay; clipboard-write; encrypted-media; gyroscope; picture-in-picture; web-share\" referrerpolicy=\"strict-origin-when-cross-origin\" allowfullscreen><\/iframe>\n<\/div><\/figure>\n\n\n\n<p>Le P\u00e8re No\u00ebl arrive \u00e0 Cesenatico en provenance de la mer<\/p>\n\n    <\/div>\n\n\n<div class=\"col-12 col-md-4 p-4\"\n     \n\t \n\t>\n        \n\n<h4 class=\"wp-block-heading\">A l'\u00e9t\u00e9 prochain !<\/h4>\n\n\n\n<figure class=\"wp-block-embed is-type-video is-provider-youtube wp-block-embed-youtube wp-embed-aspect-16-9 wp-has-aspect-ratio\"><div class=\"wp-block-embed__wrapper\">\n<iframe title=\"A l&#039;\u00e9t\u00e9 prochain ! :-)\" width=\"640\" height=\"360\" src=\"https:\/\/www.youtube.com\/embed\/ECYLwE6O5Bo?feature=oembed\" frameborder=\"0\" allow=\"accelerometer; autoplay; clipboard-write; encrypted-media; gyroscope; picture-in-picture; web-share\" referrerpolicy=\"strict-origin-when-cross-origin\" allowfullscreen><\/iframe>\n<\/div><\/figure>\n\n\n\n<p>A la mer ou \u00e0 la montagne ?!?! ...nous sommes pr\u00eats pour nos vacances !<\/p>\n\n    <\/div>\n\n\n<div class=\"col-12 col-md-4 p-4\"\n     \n\t \n\t>\n        \n\n<h4 class=\"wp-block-heading\">Le \"doux\" juillet au Donegal<\/h4>\n\n\n\n<figure class=\"wp-block-embed is-type-video is-provider-youtube wp-block-embed-youtube wp-embed-aspect-16-9 wp-has-aspect-ratio\"><div class=\"wp-block-embed__wrapper\">\n<iframe title=\"Le &quot;doux&quot; juillet au Donegal\" width=\"640\" height=\"360\" src=\"https:\/\/www.youtube.com\/embed\/WP3yMluq0Ho?feature=oembed\" frameborder=\"0\" allow=\"accelerometer; autoplay; clipboard-write; encrypted-media; gyroscope; picture-in-picture; web-share\" referrerpolicy=\"strict-origin-when-cross-origin\" allowfullscreen><\/iframe>\n<\/div><\/figure>\n\n\n\n<p>Nos enfants et leur imagination, un apr\u00e8s-midi d'\u00e9t\u00e9 d\u00e9cid\u00e9ment frais !<\/p>\n\n    <\/div>\n\n\n<div class=\"col-12 col-md-4 p-4\"\n     \n\t \n\t>\n        \n\n<h4 class=\"wp-block-heading\">Les vacances de Melissa<\/h4>\n\n\n\n<figure class=\"wp-block-embed is-type-video is-provider-youtube wp-block-embed-youtube wp-embed-aspect-16-9 wp-has-aspect-ratio\"><div class=\"wp-block-embed__wrapper\">\n<iframe title=\"Les vacances de Melissa\" width=\"640\" height=\"360\" src=\"https:\/\/www.youtube.com\/embed\/JSw_NjVZwnc?feature=oembed\" frameborder=\"0\" allow=\"accelerometer; autoplay; clipboard-write; encrypted-media; gyroscope; picture-in-picture; web-share\" referrerpolicy=\"strict-origin-when-cross-origin\" allowfullscreen><\/iframe>\n<\/div><\/figure>\n\n\n\n<p>Des moments privil\u00e9gi\u00e9s avec papa et maman ! Et... restez \u00e0 Donegal !<\/p>\n\n    <\/div>\n\n\n<div class=\"col-12 col-md-4 p-4\"\n     \n\t \n\t>\n        \n\n<h4 class=\"wp-block-heading\">R\u00e9colte des prunes<\/h4>\n\n\n\n<figure class=\"wp-block-embed is-type-video is-provider-youtube wp-block-embed-youtube wp-embed-aspect-16-9 wp-has-aspect-ratio\"><div class=\"wp-block-embed__wrapper\">\n<iframe title=\"R\u00e9colte des prunes\" width=\"640\" height=\"360\" src=\"https:\/\/www.youtube.com\/embed\/aE2Lpg5gLdw?feature=oembed\" frameborder=\"0\" allow=\"accelerometer; autoplay; clipboard-write; encrypted-media; gyroscope; picture-in-picture; web-share\" referrerpolicy=\"strict-origin-when-cross-origin\" allowfullscreen><\/iframe>\n<\/div><\/figure>\n\n\n\n<p>Juin ensoleill\u00e9, c'est le moment de cueillir les fruits m\u00fbrs ! Et grand-m\u00e8re Sonia ? Pr\u00e9parez la confiture !<\/p>\n\n    <\/div>\n\n\n<div class=\"col-12 col-md-4 p-4\"\n     \n\t \n\t>\n        \n\n<h4 class=\"wp-block-heading\">50 ans \"de Donegal\".<\/h4>\n\n\n\n<figure class=\"wp-block-embed is-type-video is-provider-youtube wp-block-embed-youtube wp-embed-aspect-4-3 wp-has-aspect-ratio\"><div class=\"wp-block-embed__wrapper\">\n<iframe title=\"H\u00f4tel Donegal Cesenatico ; mer, piscine, cuisine, d\u00e9tente\" width=\"640\" height=\"480\" src=\"https:\/\/www.youtube.com\/embed\/1jiEzPNPX_Q?feature=oembed\" frameborder=\"0\" allow=\"accelerometer; autoplay; clipboard-write; encrypted-media; gyroscope; picture-in-picture; web-share\" referrerpolicy=\"strict-origin-when-cross-origin\" allowfullscreen><\/iframe>\n<\/div><\/figure>\n\n\n\n<p>Vos vacances en famille \u00e0 Cesenatico, au c\u0153ur de la Romagne. Mer, cuisine, d\u00e9tente, piscine<\/p>\n\n    <\/div>\n\n\n<div class=\"col-12 col-md-4 p-4\"\n     \n\t \n\t>\n        \n\n<h4 class=\"wp-block-heading\">Piscine<\/h4>\n\n\n\n<figure class=\"wp-block-embed is-type-video is-provider-youtube wp-block-embed-youtube wp-embed-aspect-4-3 wp-has-aspect-ratio\"><div class=\"wp-block-embed__wrapper\">\n<iframe title=\"DO NE GAL\" width=\"640\" height=\"480\" src=\"https:\/\/www.youtube.com\/embed\/XlALQlFBT1A?feature=oembed\" frameborder=\"0\" allow=\"accelerometer; autoplay; clipboard-write; encrypted-media; gyroscope; picture-in-picture; web-share\" referrerpolicy=\"strict-origin-when-cross-origin\" allowfullscreen><\/iframe>\n<\/div><\/figure>\n\n\n\n<p>Choisissez l'eau \u00e0 votre hauteur, fra\u00eeche et claire, c'est une beaut\u00e9 ! Du plaisir et des jeux, la grand-m\u00e8re et la tante sont heureuses aussi !<\/p>\n\n    <\/div>\n<\/div>\n<\/section>\n\n<section class=\"wao-blocks-container container mb-0\"\n\t\t>\n    \n<div class=\"wao-blocks-row row py-0 my-0\" >\n    \n\n<div class=\"col-12 col-md-12 p-0\"\n     \n\t \n\t>\n        \n\n<div class=\"wp-block-image img-fluid\"><figure class=\"aligncenter size-large\"><img decoding=\"async\" width=\"534\" height=\"57\" src=\"https:\/\/www.donegalhotel.com\/wp-content\/uploads\/2020\/12\/freccia-down-azzurra.png\" alt=\"Contact H\u00f4tel Donegal Cesenatico\" class=\"wp-image-232\" srcset=\"https:\/\/www.donegalhotel.com\/wp-content\/uploads\/2020\/12\/freccia-down-azzurra.png 534w, https:\/\/www.donegalhotel.com\/wp-content\/uploads\/2020\/12\/freccia-down-azzurra-300x32.png 300w\" sizes=\"(max-width: 534px) 100vw, 534px\" \/><\/figure><\/div>\n\n    <\/div>\n<\/div>\n\n<div class=\"wao-blocks-row row\" >\n    \n\n<div class=\"col-12 col-md-12\"\n     \n\t \n\t>\n        \n<img decoding=\"async\" src=\"https:\/\/www.donegalhotel.com\/wp-content\/uploads\/2020\/12\/freccia-sx.png\" class=\"position-absolute l--right l--top js--hideme d-none d-md-block\" style=\"margin-top:-30px;\" data-anim=\"fadeInRight\">\n\n\n<p class=\"has-text-align-center h2\"><br>Contactez nous pour votre devis <br>sur mesure<br>et sans obligation<\/p>\n\n\n<div class=\"p-3 g--bkg-light-01 mx-auto my-4\" >\n\n\n<div class=\"merida_root\" id=\"merida_block\"><\/div>\n\n<script>\nvar merida_config_merida_block = {\n    customerId: 552 ,\n    showSuccessModal : true,\n    rootEl: \"merida_block\",\n    childrenAgeMax: 16,\n    childrenAgeMin: 0,\n    layout: \"default\",\n    language: \"fr\",\n                theme : {\n        colors: {\n            primary: '#e88700',\n            primaryTextAlt: '#ffffff',\n            secondary: '#6ab9c6',\n            secondaryTextAlt: '#ffffff',\n            text: '#3e464c',\n            error: '#cc0033',\n            formBackground: '#ffffff',\n            label: '#4d4d4d',\n            labelInput: '#cccccc',\n            labelInputActive: '#7ebd6d',\n            inputBackground: '#eeeeee',\n            inputBorder: '#eeeeee',\n            checkboxBorder: '#eeeeee',\n        }\n    },\n    onSuccess : function(res) {\n        \n                        if (typeof(ga) !== 'undefined') {\n                   ga('send', 'event', 'Email', 'Invio', 'Form');\n                }\n                    }\n};\n\n(function(url, cb) {\n    var s = document.createElement(\"script\");\n    s.type = \"text\/javascript\";\n\n    if (s.readyState) { \/\/IE\n        s.onreadystatechange = function() {\n            if (s.readyState == \"loaded\" || s.readyState == \"complete\") {\n                s.onreadystatechange = null;\n                cb();\n            }\n        };\n    } else { \/\/Others\n        s.onload = function() {\n            cb();\n        };\n    }\n\n    s.src = url;\n    document.getElementsByTagName(\"head\")[0].appendChild(s);\n})(\"https:\/\/static.adriasonline.it\/merida\/latest\/merida.js\", function() {\n    window.aoForm = merida(merida_config_merida_block);\n});\n<\/script>\n\n\n<!--iframe src=\"https:\/\/booking.passepartout.cloud\/booking\/formv1?oidPortale=14205&lingua=it\" frameborder=\"0\" width=\"100%\" height=\"800\"><\/iframe-->\n<\/div>\n    <\/div>\n<\/div>\n<\/section>","protected":false},"excerpt":{"rendered":"","protected":false},"author":1,"featured_media":0,"parent":0,"menu_order":0,"comment_status":"closed","ping_status":"closed","template":"","meta":{"footnotes":""},"class_list":["post-489","page","type-page","status-publish","hentry"],"_links":{"self":[{"href":"https:\/\/www.donegalhotel.com\/fr\/wp-json\/wp\/v2\/pages\/489","targetHints":{"allow":["GET"]}}],"collection":[{"href":"https:\/\/www.donegalhotel.com\/fr\/wp-json\/wp\/v2\/pages"}],"about":[{"href":"https:\/\/www.donegalhotel.com\/fr\/wp-json\/wp\/v2\/types\/page"}],"author":[{"embeddable":true,"href":"https:\/\/www.donegalhotel.com\/fr\/wp-json\/wp\/v2\/users\/1"}],"replies":[{"embeddable":true,"href":"https:\/\/www.donegalhotel.com\/fr\/wp-json\/wp\/v2\/comments?post=489"}],"version-history":[{"count":1,"href":"https:\/\/www.donegalhotel.com\/fr\/wp-json\/wp\/v2\/pages\/489\/revisions"}],"predecessor-version":[{"id":2164,"href":"https:\/\/www.donegalhotel.com\/fr\/wp-json\/wp\/v2\/pages\/489\/revisions\/2164"}],"wp:attachment":[{"href":"https:\/\/www.donegalhotel.com\/fr\/wp-json\/wp\/v2\/media?parent=489"}],"curies":[{"name":"wp","href":"https:\/\/api.w.org\/{rel}","templated":true}]}}